{"id":48,"date":"2014-05-07T15:07:09","date_gmt":"2014-05-07T15:07:09","guid":{"rendered":"http:\/\/tudisol.pt\/pt\/?page_id=48"},"modified":"2014-07-14T14:11:06","modified_gmt":"2014-07-14T14:11:06","slug":"manuseamento","status":"publish","type":"page","link":"https:\/\/tudisol.pt\/pt\/?page_id=48","title":{"rendered":"Manuseamento"},"content":{"rendered":"<p><img loading=\"lazy\" class=\"aligncenter wp-image-119 size-full\" src=\"http:\/\/tudisol.pt\/pt\/wp-content\/uploads\/2014\/05\/manuseamento.png\" alt=\"manuseamento\" width=\"2602\" height=\"465\" srcset=\"https:\/\/tudisol.pt\/pt\/wp-content\/uploads\/2014\/05\/manuseamento.png 2602w, https:\/\/tudisol.pt\/pt\/wp-content\/uploads\/2014\/05\/manuseamento-300x53.png 300w, https:\/\/tudisol.pt\/pt\/wp-content\/uploads\/2014\/05\/manuseamento-1024x182.png 1024w\" sizes=\"(max-width: 706px) 89vw, (max-width: 767px) 82vw, 740px\" \/><\/p>\n<p>&nbsp;<\/p>\n<h2><b>MANUSEAMENTO DOS MATERIAIS<\/b><\/h2>\n<p class=\"western\">TODOS OS MATERIAIS T\u00caM NA EMBALAGEM AS RECOMENDA\u00c7\u00d5ES PARA SUA UTILIZA\u00c7\u00c3O CASO ASSIM N\u00c3O ACONTE\u00c7A PE\u00c7A INFORMA\u00c7\u00d5ES OU A FICHA T\u00c9CNICA DO PRODUTO.<\/p>\n<h4 class=\"western\"><b>\u00c9 OBRIGATORIO O USO DE FATO DE TRABALHO.<\/b><\/h4>\n<p class=\"western\">L\u00e3 de Rocha\/vidro.<\/p>\n<p class=\"western\" lang=\"en-GB\"><span lang=\"pt-PT\">Minimize a forma\u00e7\u00e3o de poeira durante a utiliza\u00e7\u00e3o caso seja necess\u00e1rio utilize mascara de poeiras especialmente se estiver em espa\u00e7os confinados.<\/span><\/p>\n<p class=\"western\" lang=\"en-GB\"><span lang=\"pt-PT\">Ao ar livre coloque-se a favor do vento para que as poeiras sejam levadas no mesmo sentido.<\/span><\/p>\n<p class=\"western\">Use \u00f3culos de protec\u00e7\u00e3o estes materiais s\u00e3o vol\u00e1teis transformam- se facilmente em poeira caso entrem para os olhos n\u00e3o esfregue passe a vista por \u00e1gua corrente.<\/p>\n<h4 class=\"western\"><b>LAVE SEMPRE AS ROUPAS DE TRABALHO SEPARADAMENTE.<\/b><\/h4>\n<h4 class=\"western\"><b>N\u00c3O MEXA EM PRODUTOS SEM OS CONHECER LEIA SEMPRE A FICHA T\u00c9CNICA SE N\u00c3O TIVER PE\u00c7A-A.<\/b><\/h4>\n<p class=\"western\">O manuseamento de l\u00e3 de rocha ou de vidro pode causar irrita\u00e7\u00e3o da pele por fric\u00e7\u00e3o especialmente se , se tratar de isolamento aplicado a algum tempo e\/ou submetido a altas temperaturas ou outras agress\u00f5es lavagens, \u00e1cidos etc..<\/p>\n<p class=\"western\">Use luvas de protec\u00e7\u00e3o e sempre que necess\u00e1rio lave a pele exposta com agua e sab\u00e3o.<\/p>\n<p class=\"western\">Outros produtos(poliuretano,foamglass etc&#8230;)<\/p>\n<p class=\"western\">T\u00eam as mesmas recomenda\u00e7\u00f5es a excep\u00e7\u00e3o de todos os aonde se faz uso de produtos qu\u00edmicos para dilui\u00e7\u00e3o , fixa\u00e7\u00e3o ou de limpezas de ferramentas(solventes e diluentes).Alem das contamina\u00e7\u00f5es cut\u00e2neas tamb\u00e9m t\u00eam perigo para as vias respirat\u00f3rias e os olhos.<\/p>\n<p class=\"western\">\u00a0Estes materiais t\u00eam na embalagem as recomenda\u00e7\u00f5es para sua utiliza\u00e7\u00e3o e em caso de acidente como reagir.<\/p>\n<h4 class=\"western\"><b>RES\u00cdDUOS DE ISOLAMENTO<\/b><\/h4>\n<h4 class=\"western\"><b>TODOS OS RES\u00cdDUOS \/ RESTOS DEVEM SER ESCOLHIDOS E DEVIDAMENTE ENSACADOS PARA POSTERIOR TRANSPORTE PARA TRATAMENTO INDUSTRIAL<\/b><\/h4>\n<h4 class=\"western\" lang=\"en-GB\"><span lang=\"pt-PT\"><b>( RECORRER AO SERVI\u00c7OS CAMAR\u00c1RIOS).<\/b><\/span><\/h4>\n<h3><\/h3>\n<a class=\"synved-social-button synved-social-button-follow synved-social-size-48 synved-social-resolution-single synved-social-provider-facebook nolightbox\" data-provider=\"facebook\" target=\"_blank\" rel=\"nofollow\" title=\"Follow us on Facebook\" href=\"https:\/\/www.facebook.com\/tudisol\" style=\"font-size: 0px; width:48px;height:48px;margin:0;margin-bottom:5px;margin-right:5px;\"><img alt=\"Facebook\" title=\"Follow us on Facebook\" class=\"synved-share-image synved-social-image synved-social-image-follow\" width=\"48\" height=\"48\" style=\"display: inline; width:48px;height:48px; margin: 0; padding: 0; border: none; box-shadow: none;\" src=\"https:\/\/tudisol.pt\/pt\/wp-content\/plugins\/social-media-feather\/synved-social\/image\/social\/regular\/96x96\/facebook.png\" \/><\/a><a class=\"synved-social-button synved-social-button-follow synved-social-size-48 synved-social-resolution-single synved-social-provider-twitter nolightbox\" data-provider=\"twitter\" target=\"_blank\" rel=\"nofollow\" title=\"Follow us on Twitter\" href=\"https:\/\/twitter.com\/tudisol\" style=\"font-size: 0px; width:48px;height:48px;margin:0;margin-bottom:5px;\"><img alt=\"twitter\" title=\"Follow us on Twitter\" class=\"synved-share-image synved-social-image synved-social-image-follow\" width=\"48\" height=\"48\" style=\"display: inline; width:48px;height:48px; margin: 0; padding: 0; border: none; box-shadow: none;\" src=\"https:\/\/tudisol.pt\/pt\/wp-content\/plugins\/social-media-feather\/synved-social\/image\/social\/regular\/96x96\/twitter.png\" \/><\/a><a class=\"synved-social-credit\" target=\"_blank\" rel=\"nofollow\" title=\"WordPress Social Media Feather\" href=\"http:\/\/synved.com\/wordpress-social-media-feather\/\" style=\"color:#444; text-decoration:none; font-size:8px; margin-left:5px;vertical-align:10px;white-space:nowrap;\"><span>by <\/span><img style=\"display: inline;margin:0;padding:0;width:16px;height:16px;\" width=\"16\" height=\"16\" alt=\"feather\" src=\"https:\/\/tudisol.pt\/pt\/wp-content\/plugins\/social-media-feather\/synved-social\/image\/icon.png\" \/><\/a>","protected":false},"excerpt":{"rendered":"<p>&nbsp; MANUSEAMENTO DOS MATERIAIS TODOS OS MATERIAIS T\u00caM NA EMBALAGEM AS RECOMENDA\u00c7\u00d5ES PARA SUA UTILIZA\u00c7\u00c3O CASO ASSIM N\u00c3O ACONTE\u00c7A PE\u00c7A INFORMA\u00c7\u00d5ES OU A FICHA T\u00c9CNICA DO PRODUTO. \u00c9 OBRIGATORIO O USO DE FATO DE TRABALHO. L\u00e3 de Rocha\/vidro. Minimize a forma\u00e7\u00e3o de poeira durante a utiliza\u00e7\u00e3o caso seja necess\u00e1rio utilize mascara de poeiras especialmente se &hellip; <\/p>\n<p class=\"link-more\"><a href=\"https:\/\/tudisol.pt\/pt\/?page_id=48\" class=\"more-link\">Continuar a ler <span class=\"screen-reader-text\">&#8220;Manuseamento&#8221;<\/span><\/a><\/p>\n","protected":false},"author":1,"featured_media":0,"parent":0,"menu_order":0,"comment_status":"closed","ping_status":"closed","template":"","meta":[],"_links":{"self":[{"href":"https:\/\/tudisol.pt\/pt\/index.php?rest_route=\/wp\/v2\/pages\/48"}],"collection":[{"href":"https:\/\/tudisol.pt\/pt\/index.php?rest_route=\/wp\/v2\/pages"}],"about":[{"href":"https:\/\/tudisol.pt\/pt\/index.php?rest_route=\/wp\/v2\/types\/page"}],"author":[{"embeddable":true,"href":"https:\/\/tudisol.pt\/pt\/index.php?rest_route=\/wp\/v2\/users\/1"}],"replies":[{"embeddable":true,"href":"https:\/\/tudisol.pt\/pt\/index.php?rest_route=%2Fwp%2Fv2%2Fcomments&post=48"}],"version-history":[{"count":10,"href":"https:\/\/tudisol.pt\/pt\/index.php?rest_route=\/wp\/v2\/pages\/48\/revisions"}],"predecessor-version":[{"id":235,"href":"https:\/\/tudisol.pt\/pt\/index.php?rest_route=\/wp\/v2\/pages\/48\/revisions\/235"}],"wp:attachment":[{"href":"https:\/\/tudisol.pt\/pt\/index.php?rest_route=%2Fwp%2Fv2%2Fmedia&parent=48"}],"curies":[{"name":"wp","href":"https:\/\/api.w.org\/{rel}","templated":true}]}}