{"id":44,"date":"2014-05-07T15:06:16","date_gmt":"2014-05-07T15:06:16","guid":{"rendered":"http:\/\/tudisol.pt\/pt\/?page_id=44"},"modified":"2014-07-14T15:15:57","modified_gmt":"2014-07-14T15:15:57","slug":"materiais-de-isolamento","status":"publish","type":"page","link":"https:\/\/tudisol.pt\/pt\/?page_id=44","title":{"rendered":"Materiais de Isolamento"},"content":{"rendered":"<p><img loading=\"lazy\" class=\"aligncenter wp-image-106\" src=\"http:\/\/tudisol.pt\/pt\/wp-content\/uploads\/2014\/05\/ladevidro-300x53.png\" alt=\"\" width=\"1555\" height=\"278\" srcset=\"https:\/\/tudisol.pt\/pt\/wp-content\/uploads\/2014\/05\/ladevidro-300x53.png 300w, https:\/\/tudisol.pt\/pt\/wp-content\/uploads\/2014\/05\/ladevidro-1024x182.png 1024w, https:\/\/tudisol.pt\/pt\/wp-content\/uploads\/2014\/05\/ladevidro.png 1550w\" sizes=\"(max-width: 706px) 89vw, (max-width: 767px) 82vw, 740px\" \/><\/p>\n<h2><b>l\u00e3 de rocha :<\/b><\/h2>\n<p class=\"western\" lang=\"en-GB\" align=\"justify\"><span lang=\"pt-PT\">Material constitu\u00eddo por fibras obtidas pela centrifuga\u00e7\u00e3o de rochas Bas\u00e1lticas fundidas a 1400\u00baCcomposto de fibras s\u00edlicas obtidas por polimeriza\u00e7\u00e3o.<\/span><\/p>\n<p class=\"western\" align=\"justify\">\u00e0 parte da sua natureza mineral as fibras s\u00e3o:<\/p>\n<p class=\"western\" align=\"justify\">-incombust\u00edveis<\/p>\n<p class=\"western\" align=\"justify\">-est\u00e1veis em meio h\u00famido<\/p>\n<p class=\"western\" align=\"justify\">-resistentes \u00e0s varia\u00e7\u00f5es de temperatura +\/- 750\u00baC<\/p>\n<p class=\"western\" align=\"justify\">Fabricados em varias Densidades e espessuras comercializam-se na forma de:<\/p>\n<p class=\"western\" align=\"justify\">-Mantas<\/p>\n<p class=\"western\" lang=\"en-GB\" align=\"justify\"><span lang=\"pt-PT\">-Paineis<\/span><\/p>\n<p class=\"western\" lang=\"en-GB\" align=\"justify\"><span lang=\"pt-PT\">-Coquilhas.\u00a0<\/span><\/p>\n<p class=\"western\" lang=\"en-GB\" align=\"justify\"><img loading=\"lazy\" class=\"aligncenter wp-image-102\" src=\"http:\/\/tudisol.pt\/pt\/wp-content\/uploads\/2014\/05\/laderocha-300x53.png\" alt=\"\" width=\"1555\" height=\"278\" srcset=\"https:\/\/tudisol.pt\/pt\/wp-content\/uploads\/2014\/05\/laderocha-300x53.png 300w, https:\/\/tudisol.pt\/pt\/wp-content\/uploads\/2014\/05\/laderocha-1024x182.png 1024w\" sizes=\"(max-width: 706px) 89vw, (max-width: 767px) 82vw, 740px\" \/><\/p>\n<h2 class=\"western\" lang=\"en-GB\" align=\"justify\"><span lang=\"pt-PT\"><b>l\u00e3 de vidro :<\/b><\/span><\/h2>\n<p class=\"western\" align=\"justify\">Material composto de fibras s\u00edlicas obtidas por polimeriza\u00e7\u00e3o.<\/p>\n<p class=\"western\" align=\"justify\">\u00e0 parte da sua natureza mineral as fibras s\u00e3o:<\/p>\n<p class=\"western\" align=\"justify\">-incombust\u00edveis<\/p>\n<p class=\"western\" align=\"justify\">-est\u00e1veis em meio h\u00famido<\/p>\n<p class=\"western\" lang=\"en-GB\" align=\"justify\"><span lang=\"pt-PT\">-resistentes \u00e0s varia\u00e7\u00f5es de temperatura +\/- 250\u00baC<\/span><\/p>\n<p class=\"western\" align=\"justify\">Fabricados em varias Densidades e espessuras comercializam-se na forma de:<\/p>\n<p class=\"western\" align=\"justify\">-Mantas<\/p>\n<p class=\"western\" lang=\"en-GB\" align=\"justify\"><span lang=\"pt-PT\">-Paineis<\/span><\/p>\n<p class=\"western\" align=\"justify\">-Coquilhas<\/p>\n<p class=\"western\" align=\"justify\"><img loading=\"lazy\" class=\"aligncenter wp-image-109\" src=\"http:\/\/tudisol.pt\/pt\/wp-content\/uploads\/2014\/05\/isolamentoparafrio.png\" alt=\"isolamentoparafrio\" width=\"1555\" height=\"277\" srcset=\"https:\/\/tudisol.pt\/pt\/wp-content\/uploads\/2014\/05\/isolamentoparafrio.png 1095w, https:\/\/tudisol.pt\/pt\/wp-content\/uploads\/2014\/05\/isolamentoparafrio-300x53.png 300w, https:\/\/tudisol.pt\/pt\/wp-content\/uploads\/2014\/05\/isolamentoparafrio-1024x182.png 1024w\" sizes=\"(max-width: 706px) 89vw, (max-width: 767px) 82vw, 740px\" \/><\/p>\n<h2 class=\"western\"><strong>Isolamento para Frio:<\/strong><\/h2>\n<h3 class=\"western\">-Foamglass:<\/h3>\n<p class=\"western\" lang=\"en-GB\"><span lang=\"pt-PT\">&#8211; O vidro celular ou foamglass \u00e9 produzido a partir de vidro mo\u00eddo \u00e9 fundido num forno a uma temperatura de 1400\u00baC sendo depois adicionado carbono o produto \u00e9 depois arrefecido em condi\u00e7\u00f5es rigorosade controlo moldado em cubos que posteriormente s\u00e3o recortados em placas ou outras formas coquilhas aduelas etc..<\/span><\/p>\n<h3 class=\"western\" align=\"justify\">-Poliuretano:<\/h3>\n<p class=\"western\" align=\"justify\">injectado\/vazado de densidade entre 20 a 50kg\/m3<\/p>\n<p class=\"western\" align=\"justify\">-Placas fornecidas de f\u00e1brica com ou sem barreira de vapor.<\/p>\n<p class=\"western\" align=\"justify\">-Coquilhas fornecidas de f\u00e1brica com ou sem barreira de vapor.<\/p>\n<p class=\"western\" align=\"justify\"><img loading=\"lazy\" class=\"aligncenter wp-image-113 size-full\" src=\"http:\/\/tudisol.pt\/pt\/wp-content\/uploads\/2014\/05\/barreiradevapor.png\" alt=\"barreiradevapor\" width=\"1550\" height=\"277\" srcset=\"https:\/\/tudisol.pt\/pt\/wp-content\/uploads\/2014\/05\/barreiradevapor.png 1550w, https:\/\/tudisol.pt\/pt\/wp-content\/uploads\/2014\/05\/barreiradevapor-300x53.png 300w, https:\/\/tudisol.pt\/pt\/wp-content\/uploads\/2014\/05\/barreiradevapor-1024x182.png 1024w\" sizes=\"(max-width: 706px) 89vw, (max-width: 767px) 82vw, 740px\" \/><\/p>\n<h2 class=\"western\" align=\"justify\"><b>barreira de vapor:<\/b><\/h2>\n<p class=\"western\" align=\"justify\">&#8211; Mastique do tipo Foster aplicado com tela de fibre de vidro.<\/p>\n<p class=\"western\" align=\"justify\">&#8211; Pel\u00edcula de alum\u00ednio tipo \u201cMYLAR FOIL.\u201d<\/p>\n<a class=\"synved-social-button synved-social-button-follow synved-social-size-48 synved-social-resolution-single synved-social-provider-facebook nolightbox\" data-provider=\"facebook\" target=\"_blank\" rel=\"nofollow\" title=\"Follow us on Facebook\" href=\"https:\/\/www.facebook.com\/tudisol\" style=\"font-size: 0px; width:48px;height:48px;margin:0;margin-bottom:5px;margin-right:5px;\"><img alt=\"Facebook\" title=\"Follow us on Facebook\" class=\"synved-share-image synved-social-image synved-social-image-follow\" width=\"48\" height=\"48\" style=\"display: inline; width:48px;height:48px; margin: 0; padding: 0; border: none; box-shadow: none;\" src=\"https:\/\/tudisol.pt\/pt\/wp-content\/plugins\/social-media-feather\/synved-social\/image\/social\/regular\/96x96\/facebook.png\" \/><\/a><a class=\"synved-social-button synved-social-button-follow synved-social-size-48 synved-social-resolution-single synved-social-provider-twitter nolightbox\" data-provider=\"twitter\" target=\"_blank\" rel=\"nofollow\" title=\"Follow us on Twitter\" href=\"https:\/\/twitter.com\/tudisol\" style=\"font-size: 0px; width:48px;height:48px;margin:0;margin-bottom:5px;\"><img alt=\"twitter\" title=\"Follow us on Twitter\" class=\"synved-share-image synved-social-image synved-social-image-follow\" width=\"48\" height=\"48\" style=\"display: inline; width:48px;height:48px; margin: 0; padding: 0; border: none; box-shadow: none;\" src=\"https:\/\/tudisol.pt\/pt\/wp-content\/plugins\/social-media-feather\/synved-social\/image\/social\/regular\/96x96\/twitter.png\" \/><\/a><a class=\"synved-social-credit\" target=\"_blank\" rel=\"nofollow\" title=\"WordPress Social Media Feather\" href=\"http:\/\/synved.com\/wordpress-social-media-feather\/\" style=\"color:#444; text-decoration:none; font-size:8px; margin-left:5px;vertical-align:10px;white-space:nowrap;\"><span>by <\/span><img style=\"display: inline;margin:0;padding:0;width:16px;height:16px;\" width=\"16\" height=\"16\" alt=\"feather\" src=\"https:\/\/tudisol.pt\/pt\/wp-content\/plugins\/social-media-feather\/synved-social\/image\/icon.png\" \/><\/a>","protected":false},"excerpt":{"rendered":"<p>l\u00e3 de rocha : Material constitu\u00eddo por fibras obtidas pela centrifuga\u00e7\u00e3o de rochas Bas\u00e1lticas fundidas a 1400\u00baCcomposto de fibras s\u00edlicas obtidas por polimeriza\u00e7\u00e3o. \u00e0 parte da sua natureza mineral as fibras s\u00e3o: -incombust\u00edveis -est\u00e1veis em meio h\u00famido -resistentes \u00e0s varia\u00e7\u00f5es de temperatura +\/- 750\u00baC Fabricados em varias Densidades e espessuras comercializam-se na forma de: -Mantas &hellip; <\/p>\n<p class=\"link-more\"><a href=\"https:\/\/tudisol.pt\/pt\/?page_id=44\" class=\"more-link\">Continuar a ler <span class=\"screen-reader-text\">&#8220;Materiais de Isolamento&#8221;<\/span><\/a><\/p>\n","protected":false},"author":1,"featured_media":0,"parent":0,"menu_order":0,"comment_status":"closed","ping_status":"closed","template":"","meta":[],"_links":{"self":[{"href":"https:\/\/tudisol.pt\/pt\/index.php?rest_route=\/wp\/v2\/pages\/44"}],"collection":[{"href":"https:\/\/tudisol.pt\/pt\/index.php?rest_route=\/wp\/v2\/pages"}],"about":[{"href":"https:\/\/tudisol.pt\/pt\/index.php?rest_route=\/wp\/v2\/types\/page"}],"author":[{"embeddable":true,"href":"https:\/\/tudisol.pt\/pt\/index.php?rest_route=\/wp\/v2\/users\/1"}],"replies":[{"embeddable":true,"href":"https:\/\/tudisol.pt\/pt\/index.php?rest_route=%2Fwp%2Fv2%2Fcomments&post=44"}],"version-history":[{"count":11,"href":"https:\/\/tudisol.pt\/pt\/index.php?rest_route=\/wp\/v2\/pages\/44\/revisions"}],"predecessor-version":[{"id":243,"href":"https:\/\/tudisol.pt\/pt\/index.php?rest_route=\/wp\/v2\/pages\/44\/revisions\/243"}],"wp:attachment":[{"href":"https:\/\/tudisol.pt\/pt\/index.php?rest_route=%2Fwp%2Fv2%2Fmedia&parent=44"}],"curies":[{"name":"wp","href":"https:\/\/api.w.org\/{rel}","templated":true}]}}