{"id":301,"date":"2021-01-19T13:56:47","date_gmt":"2021-01-19T13:56:47","guid":{"rendered":"https:\/\/tudisol.pt\/pt\/?page_id=301"},"modified":"2021-01-19T14:07:57","modified_gmt":"2021-01-19T14:07:57","slug":"codigo-de-etica-da-tudisol","status":"publish","type":"page","link":"https:\/\/tudisol.pt\/pt\/?page_id=301","title":{"rendered":"C\u00f3digo de \u00e9tica da Tudisol"},"content":{"rendered":"\n<figure class=\"wp-block-image size-full\"><a href=\"https:\/\/tudisol.pt\/pt\/wp-content\/uploads\/2021\/01\/01-4.png\"><img loading=\"lazy\" width=\"2675\" height=\"478\" src=\"https:\/\/tudisol.pt\/pt\/wp-content\/uploads\/2021\/01\/01-4.png\" alt=\"\" class=\"wp-image-306\" srcset=\"https:\/\/tudisol.pt\/pt\/wp-content\/uploads\/2021\/01\/01-4.png 2675w, https:\/\/tudisol.pt\/pt\/wp-content\/uploads\/2021\/01\/01-4-300x54.png 300w, https:\/\/tudisol.pt\/pt\/wp-content\/uploads\/2021\/01\/01-4-1024x183.png 1024w, https:\/\/tudisol.pt\/pt\/wp-content\/uploads\/2021\/01\/01-4-768x137.png 768w, https:\/\/tudisol.pt\/pt\/wp-content\/uploads\/2021\/01\/01-4-1536x274.png 1536w, https:\/\/tudisol.pt\/pt\/wp-content\/uploads\/2021\/01\/01-4-2048x366.png 2048w\" sizes=\"(max-width: 706px) 89vw, (max-width: 767px) 82vw, 740px\" \/><\/a><\/figure>\n\n\n\n<p><strong>C\u00d3DIGO DE \u00c9TICA DA TUDISOL<\/strong><\/p>\n\n\n\n<p>A Tudisol \u00e9 uma empresa que actua na \u00e1rea dos isolamentos t\u00e9rmicos e ac\u00fasticos, preferencialmente na vertente industrial, comportando a sua actividade o fabrico e\/ou a montagem dos diversos sistemas necess\u00e1rios para os isolamentos referidos.<\/p>\n\n\n\n<p>Ao longo destes 33 anos de labora\u00e7\u00e3o desenvolveu uma cultura de proximidade com os colaboradores, clientes e demais partes interessadas relevantes, tendo a sua actua\u00e7\u00e3o sido sempre guiada por princ\u00edpios de honestidade, boa-f\u00e9, transpar\u00eancia, isen\u00e7\u00e3o e integridade.<\/p>\n\n\n\n<p>O presente c\u00f3digo sistematiza os princ\u00edpios \u00e9ticos que a Tudisol tem, desde a sua funda\u00e7\u00e3o, acolhido como linhas guia na sua actua\u00e7\u00e3o.<\/p>\n\n\n\n<p><strong>Valores da Tudisol<\/strong><\/p>\n\n\n\n<p>A Tudisol reconhece com a maior import\u00e2ncia, em toda a sua actividade, os valores de:<\/p>\n\n\n\n<p>Transpar\u00eancia, na sua rela\u00e7\u00e3o com todos os Stackholders, colaboradores, clientes, fornecedores, outros parceiros e Estado.<br>Honestidade e boa-f\u00e9, nos seus processos comerciais e na sua actua\u00e7\u00e3o junto dos clientes e demais entidades relevantes.<br>Integridade e Rigor, cumprindo as exig\u00eancias legais e regulamentares aplic\u00e1veis \u00e0 sua actividade, bem como os seus deveres para com os clientes, fornecedores e colaboradores<br>Respeito, pelo indiv\u00edduo, independentemente da sua ra\u00e7a, credo, orienta\u00e7\u00e3o sexual e op\u00e7\u00f5es pol\u00edticas.<br>Responsabilidade ambiental, reciclando, promovendo a redu\u00e7\u00e3o do desperd\u00edcio e a conserva\u00e7\u00e3o energ\u00e9tica.<br>Seguran\u00e7a no trabalho, promovendo as boas pr\u00e1ticas e o cumprimento das regras, para integridade pessoal dos Colaboradores e outras partes interessadas envolvidas.<\/p>\n\n\n\n<p>Estes valores ser\u00e3o garantidos pela actua\u00e7\u00e3o da ger\u00eancia e de todos os colaboradores da Tudisol de acordo com os princ\u00edpios estabelecidos seguidamente.<\/p>\n\n\n\n<p><strong>Princ\u00edpios de Conduta<\/strong><\/p>\n\n\n\n<p>Para os efeitos deste c\u00f3digo de conduta define-se \u201ccolaborador\u201d como qualquer trabalhador, gerente ou qualquer pessoa que desempenhe fun\u00e7\u00f5es ou de alguma forma represente a Tudisol contribuindo para a sua actividade corrente e para a sua imagem externa.<\/p>\n\n\n\n<p><strong>Assim, na Tudisol, devemos:<\/strong><\/p>\n\n\n\n<p>Agir legal e honestamente, cumprindo a legisla\u00e7\u00e3o aplic\u00e1vel, seja em Portugal, seja em pa\u00eds estrangeiro, quando a\u00ed destacados e cumprindo as normas internas.<br>Actuar com respeito pela livre concorr\u00eancia n\u00e3o ajustando, de forma consertada com a concorr\u00eancia, a pol\u00edtica de pre\u00e7os ou a partilha do mercado, tratando os clientes e fornecedores de forma justa.<br>Os colaboradores n\u00e3o devem nunca oferecer ou prometer qualquer tipo de vantagem pessoal ou financeira para obter ou manter neg\u00f3cios seja no sector p\u00fablico ou no sector privado. De igual modo n\u00e3o devem aceitar quaisquer vantagens em troca de qualquer tratamento preferencial por parte de um terceiro.<br>Os colaboradores devem actuar com lealdade, n\u00e3o divulgando informa\u00e7\u00e3o privilegiada da Tudisol a terceiros e, no caso da potencial exist\u00eancia de conflitos de interesse, reportar este facto \u00e0 Ger\u00eancia da Tudisol.<br>Os colaboradores da Tudisol actuam na observ\u00e2ncia do respeito pelos direitos e pela dignidade pessoal dos colaboradores e restantes partes interessadas.<br>N\u00e3o \u00e9 permitido o ass\u00e9dio ou a discrimina\u00e7\u00e3o com base no sexo, religi\u00e3o, ra\u00e7a, nacionalidade, religi\u00e3o ou orienta\u00e7\u00e3o sexual.<br>Todas as partes interessadas ser\u00e3o tratadas pelos colaboradores da Tudisol, com respeito, simpatia e educa\u00e7\u00e3o, sendo promovida uma rela\u00e7\u00e3o de transpar\u00eancia de rigor.<br>Os colaboradores devem pugnar por promover um real esp\u00edrito de equipa e um bom ambiente de trabalho, com base no respeito e na toler\u00e2ncia.<br>Os colaboradores dever\u00e3o observar as regras correntes de protec\u00e7\u00e3o do Ambiente, reciclando, minimizando, sempre que poss\u00edvel, os consumos e reutilizando mat\u00e9rias e equipamentos, fazendo parte do esfor\u00e7o colectivo de melhoria das condi\u00e7\u00f5es ambientais.<br>Sendo os colaboradores a imagem evidente da Tudisol, dever\u00e3o abster-se de cometer actos que possam de algum modo comprometer a imagem p\u00fablica da empresa.<br>Ter como prioridade a seguran\u00e7a das Pessoas, seguindo as regras e as boas pr\u00e1ticas definidas.<\/p>\n\n\n\n<p>A Ger\u00eancia est\u00e1 comprometida com os princ\u00edpios atr\u00e1s expostos solicitando o empenho de todos os colaboradores na sua observ\u00e2ncia.<\/p>\n<a class=\"synved-social-button synved-social-button-follow synved-social-size-48 synved-social-resolution-single synved-social-provider-facebook nolightbox\" data-provider=\"facebook\" target=\"_blank\" rel=\"nofollow\" title=\"Follow us on Facebook\" href=\"https:\/\/www.facebook.com\/tudisol\" style=\"font-size: 0px; width:48px;height:48px;margin:0;margin-bottom:5px;margin-right:5px;\"><img alt=\"Facebook\" title=\"Follow us on Facebook\" class=\"synved-share-image synved-social-image synved-social-image-follow\" width=\"48\" height=\"48\" style=\"display: inline; width:48px;height:48px; margin: 0; padding: 0; border: none; box-shadow: none;\" src=\"https:\/\/tudisol.pt\/pt\/wp-content\/plugins\/social-media-feather\/synved-social\/image\/social\/regular\/96x96\/facebook.png\" \/><\/a><a class=\"synved-social-button synved-social-button-follow synved-social-size-48 synved-social-resolution-single synved-social-provider-twitter nolightbox\" data-provider=\"twitter\" target=\"_blank\" rel=\"nofollow\" title=\"Follow us on Twitter\" href=\"https:\/\/twitter.com\/tudisol\" style=\"font-size: 0px; width:48px;height:48px;margin:0;margin-bottom:5px;\"><img alt=\"twitter\" title=\"Follow us on Twitter\" class=\"synved-share-image synved-social-image synved-social-image-follow\" width=\"48\" height=\"48\" style=\"display: inline; width:48px;height:48px; margin: 0; padding: 0; border: none; box-shadow: none;\" src=\"https:\/\/tudisol.pt\/pt\/wp-content\/plugins\/social-media-feather\/synved-social\/image\/social\/regular\/96x96\/twitter.png\" \/><\/a><a class=\"synved-social-credit\" target=\"_blank\" rel=\"nofollow\" title=\"WordPress Social Media Feather\" href=\"http:\/\/synved.com\/wordpress-social-media-feather\/\" style=\"color:#444; text-decoration:none; font-size:8px; margin-left:5px;vertical-align:10px;white-space:nowrap;\"><span>by <\/span><img style=\"display: inline;margin:0;padding:0;width:16px;height:16px;\" width=\"16\" height=\"16\" alt=\"feather\" src=\"https:\/\/tudisol.pt\/pt\/wp-content\/plugins\/social-media-feather\/synved-social\/image\/icon.png\" \/><\/a>","protected":false},"excerpt":{"rendered":"<p>C\u00d3DIGO DE \u00c9TICA DA TUDISOL A Tudisol \u00e9 uma empresa que actua na \u00e1rea dos isolamentos t\u00e9rmicos e ac\u00fasticos, preferencialmente na vertente industrial, comportando a sua actividade o fabrico e\/ou a montagem dos diversos sistemas necess\u00e1rios para os isolamentos referidos. Ao longo destes 33 anos de labora\u00e7\u00e3o desenvolveu uma cultura de proximidade com os colaboradores, &hellip; <\/p>\n<p class=\"link-more\"><a href=\"https:\/\/tudisol.pt\/pt\/?page_id=301\" class=\"more-link\">Continuar a ler <span class=\"screen-reader-text\">&#8220;C\u00f3digo de \u00e9tica da Tudisol&#8221;<\/span><\/a><\/p>\n","protected":false},"author":1,"featured_media":0,"parent":0,"menu_order":0,"comment_status":"closed","ping_status":"closed","template":"","meta":[],"_links":{"self":[{"href":"https:\/\/tudisol.pt\/pt\/index.php?rest_route=\/wp\/v2\/pages\/301"}],"collection":[{"href":"https:\/\/tudisol.pt\/pt\/index.php?rest_route=\/wp\/v2\/pages"}],"about":[{"href":"https:\/\/tudisol.pt\/pt\/index.php?rest_route=\/wp\/v2\/types\/page"}],"author":[{"embeddable":true,"href":"https:\/\/tudisol.pt\/pt\/index.php?rest_route=\/wp\/v2\/users\/1"}],"replies":[{"embeddable":true,"href":"https:\/\/tudisol.pt\/pt\/index.php?rest_route=%2Fwp%2Fv2%2Fcomments&post=301"}],"version-history":[{"count":3,"href":"https:\/\/tudisol.pt\/pt\/index.php?rest_route=\/wp\/v2\/pages\/301\/revisions"}],"predecessor-version":[{"id":316,"href":"https:\/\/tudisol.pt\/pt\/index.php?rest_route=\/wp\/v2\/pages\/301\/revisions\/316"}],"wp:attachment":[{"href":"https:\/\/tudisol.pt\/pt\/index.php?rest_route=%2Fwp%2Fv2%2Fmedia&parent=301"}],"curies":[{"name":"wp","href":"https:\/\/api.w.org\/{rel}","templated":true}]}}