{"id":297,"date":"2021-01-19T13:45:11","date_gmt":"2021-01-19T13:45:11","guid":{"rendered":"https:\/\/tudisol.pt\/pt\/?page_id=297"},"modified":"2021-01-19T14:08:53","modified_gmt":"2021-01-19T14:08:53","slug":"politica-da-qualidade-seguranca-saude-e-ambientepqssa","status":"publish","type":"page","link":"https:\/\/tudisol.pt\/pt\/?page_id=297","title":{"rendered":"Politica da Qualidade Seguran\u00e7a Sa\u00fade e Ambiente(PQSSA)"},"content":{"rendered":"\n<figure class=\"wp-block-image size-full\"><a href=\"https:\/\/tudisol.pt\/pt\/wp-content\/uploads\/2021\/01\/01-5.png\"><img loading=\"lazy\" width=\"2675\" height=\"478\" src=\"https:\/\/tudisol.pt\/pt\/wp-content\/uploads\/2021\/01\/01-5.png\" alt=\"\" class=\"wp-image-312\" srcset=\"https:\/\/tudisol.pt\/pt\/wp-content\/uploads\/2021\/01\/01-5.png 2675w, https:\/\/tudisol.pt\/pt\/wp-content\/uploads\/2021\/01\/01-5-300x54.png 300w, https:\/\/tudisol.pt\/pt\/wp-content\/uploads\/2021\/01\/01-5-1024x183.png 1024w, https:\/\/tudisol.pt\/pt\/wp-content\/uploads\/2021\/01\/01-5-768x137.png 768w, https:\/\/tudisol.pt\/pt\/wp-content\/uploads\/2021\/01\/01-5-1536x274.png 1536w, https:\/\/tudisol.pt\/pt\/wp-content\/uploads\/2021\/01\/01-5-2048x366.png 2048w\" sizes=\"(max-width: 706px) 89vw, (max-width: 767px) 82vw, 740px\" \/><\/a><\/figure>\n\n\n\n<p><strong>POL\u00cdTICA DE QUALIDADE, SEGURANCA, SAUDE E AMBIENTE<\/strong><\/p>\n\n\n\n<p>A Tudisol, Lda., no cumprimento da sua miss\u00e3o especialmente de servi\u00e7o na ind\u00fastria, e constru\u00e7\u00e3o civil no sector dos Isolamentos T\u00e9rmicos e Ac\u00fasticos, esta empenhada na defesa e promo\u00e7\u00e3o dos princ\u00edpios do desenvolvimento sustent\u00e1vel, procurando criar uma mais-valia aos seus clientes no que respeita ao conforto t\u00e9rmico e ac\u00fastico.<\/p>\n\n\n\n<p>A ger\u00eancia da Tudisol, Lda. Assume o compromisso de adotar um modelo de gest\u00e3o \u00e9tica e socialmente respons\u00e1vel, procurando considerar nas suas decis\u00f5es, de forma equilibrada, os aspetos econ\u00f3micos, sociais e de preserva\u00e7\u00e3o do ambiente.<\/p>\n\n\n\n<p>Estamos cientes que o sucesso da Empresa passa pelo compromisso de manter sempre com as maior efic\u00e1cia e efici\u00eancia os quatro pilares que s\u00e3o:<\/p>\n\n\n\n<p><strong>QUALIDADE<br>SEGURAN\u00c7A<br>SA\u00daDE<br>AMBIENTE<\/strong><\/p>\n\n\n\n<p>Em sintonia com estas linhas de orienta\u00e7\u00e3o e no \u00e2mbito dos sistemas de gest\u00e3o da qualidade, da seguran\u00e7a da sa\u00fade no trabalho e do Ambiente, a Ger\u00eancia da Tudisol Lda compromete-se a:<\/p>\n\n\n\n<p>Conhecer as nossas responsabilidades para com os clientes, colaboradores, sociedade e meio ambiente; significa conceder o mais alto n\u00edvel de import\u00e2ncia \u00e0s quest\u00f5es relativas \u00e0 qualidade, seguran\u00e7a, sa\u00fade, e meio ambiente.<\/p>\n\n\n\n<p>Assegurar o cumprimento da legisla\u00e7\u00e3o, regulamenta\u00e7\u00e3o e requisitos em vigor aplic\u00e1veis \u00e0s suas atividades bem como de outros aos quais adira voluntariamente;<\/p>\n\n\n\n<p>Assegurar que s\u00e3o sistematicamente tidos em considera\u00e7\u00e3o os aspetos relevantes da qualidade, da seguran\u00e7a da sa\u00fade no trabalho e do ambiente;<\/p>\n\n\n\n<p>Prevenir por todos os meios ao seu alcance, a ocorr\u00eancia de acidentes graves envolvendo, acidentes de trabalho e doen\u00e7as profissionais, de forma a assegurar e manter elevados padr\u00f5es de desempenho em mat\u00e9ria de seguran\u00e7a e sa\u00fade ocupacional; ter como meta m\u00ednima 0 acidentes.<\/p>\n\n\n\n<p>Minimizar os impactos ambientais decorrentes das suas atividades, promovendo a utiliza\u00e7\u00e3o racional dos recursos naturais, a preven\u00e7\u00e3o da polui\u00e7\u00e3o e o apoio ao desenvolvimento da reciclagem e aproveitamento dos materiais usados.<\/p>\n\n\n\n<p>Promover ac\u00e7\u00f5es respons\u00e1veis e sustent\u00e1veis, a integra\u00e7\u00e3o activa de todos os colaboradores, bem como um di\u00e1logo aberto s\u00e3o os requisitos b\u00e1sicos para o sucesso m\u00fatuo. Atrav\u00e9s da melhoria cont\u00ednua, desenvolvemos ainda mais os nossos padr\u00f5es e acomodamo-los na consci\u00eancia de todos os colaboradores.<\/p>\n\n\n\n<p>Promover o desenvolvimento profissional dos seus colaboradores, garantindo a adequa\u00e7\u00e3o das suas compet\u00eancias \u00e0s fun\u00e7\u00f5es que desempenham;<\/p>\n\n\n\n<p>Desenvolver e manter atualizados os sistemas de gest\u00e3o da qualidade, da seguran\u00e7a, da sa\u00fade no trabalho e do ambiente. Estabelecer nestas vertentes, e em observ\u00e2ncia do princ\u00edpio da melhoria continua, objetivos de melhoria. Avaliar os resultados obtidos tendo em vista a melhoria da efic\u00e1cia dos sistemas, introduzindo, sempre que considere oportuno, as a\u00e7\u00f5es corretivas necess\u00e1rias;<\/p>\n\n\n\n<p>Comunicar, atrav\u00e9s de diferentes canais de comunica\u00e7\u00e3o dispon\u00edveis, dos quais se destaca o site Internet da Tudisol e a forma\u00e7\u00e3o e informa\u00e7\u00e3o realizada mensalmente aos nossos colaboradores nos diferentes contextos laborais.<\/p>\n\n\n\n<p>Envolver, no respeito pelos princ\u00edpios e compromissos anteriormente referidos, n\u00e3o apenas todos os colaboradores da empresa, mas tamb\u00e9m os fornecedores e prestadores de servi\u00e7os que com a Tudisol, Lda. cooperam nas diferentes vertentes da rela\u00e7\u00e3o social e comercial com a empresa.<\/p>\n<a class=\"synved-social-button synved-social-button-follow synved-social-size-48 synved-social-resolution-single synved-social-provider-facebook nolightbox\" data-provider=\"facebook\" target=\"_blank\" rel=\"nofollow\" title=\"Follow us on Facebook\" href=\"https:\/\/www.facebook.com\/tudisol\" style=\"font-size: 0px; width:48px;height:48px;margin:0;margin-bottom:5px;margin-right:5px;\"><img alt=\"Facebook\" title=\"Follow us on Facebook\" class=\"synved-share-image synved-social-image synved-social-image-follow\" width=\"48\" height=\"48\" style=\"display: inline; width:48px;height:48px; margin: 0; padding: 0; border: none; box-shadow: none;\" src=\"https:\/\/tudisol.pt\/pt\/wp-content\/plugins\/social-media-feather\/synved-social\/image\/social\/regular\/96x96\/facebook.png\" \/><\/a><a class=\"synved-social-button synved-social-button-follow synved-social-size-48 synved-social-resolution-single synved-social-provider-twitter nolightbox\" data-provider=\"twitter\" target=\"_blank\" rel=\"nofollow\" title=\"Follow us on Twitter\" href=\"https:\/\/twitter.com\/tudisol\" style=\"font-size: 0px; width:48px;height:48px;margin:0;margin-bottom:5px;\"><img alt=\"twitter\" title=\"Follow us on Twitter\" class=\"synved-share-image synved-social-image synved-social-image-follow\" width=\"48\" height=\"48\" style=\"display: inline; width:48px;height:48px; margin: 0; padding: 0; border: none; box-shadow: none;\" src=\"https:\/\/tudisol.pt\/pt\/wp-content\/plugins\/social-media-feather\/synved-social\/image\/social\/regular\/96x96\/twitter.png\" \/><\/a><a class=\"synved-social-credit\" target=\"_blank\" rel=\"nofollow\" title=\"WordPress Social Media Feather\" href=\"http:\/\/synved.com\/wordpress-social-media-feather\/\" style=\"color:#444; text-decoration:none; font-size:8px; margin-left:5px;vertical-align:10px;white-space:nowrap;\"><span>by <\/span><img style=\"display: inline;margin:0;padding:0;width:16px;height:16px;\" width=\"16\" height=\"16\" alt=\"feather\" src=\"https:\/\/tudisol.pt\/pt\/wp-content\/plugins\/social-media-feather\/synved-social\/image\/icon.png\" \/><\/a>","protected":false},"excerpt":{"rendered":"<p>POL\u00cdTICA DE QUALIDADE, SEGURANCA, SAUDE E AMBIENTE A Tudisol, Lda., no cumprimento da sua miss\u00e3o especialmente de servi\u00e7o na ind\u00fastria, e constru\u00e7\u00e3o civil no sector dos Isolamentos T\u00e9rmicos e Ac\u00fasticos, esta empenhada na defesa e promo\u00e7\u00e3o dos princ\u00edpios do desenvolvimento sustent\u00e1vel, procurando criar uma mais-valia aos seus clientes no que respeita ao conforto t\u00e9rmico e &hellip; <\/p>\n<p class=\"link-more\"><a href=\"https:\/\/tudisol.pt\/pt\/?page_id=297\" class=\"more-link\">Continuar a ler <span class=\"screen-reader-text\">&#8220;Politica da Qualidade Seguran\u00e7a Sa\u00fade e Ambiente(PQSSA)&#8221;<\/span><\/a><\/p>\n","protected":false},"author":1,"featured_media":0,"parent":0,"menu_order":0,"comment_status":"closed","ping_status":"closed","template":"","meta":[],"_links":{"self":[{"href":"https:\/\/tudisol.pt\/pt\/index.php?rest_route=\/wp\/v2\/pages\/297"}],"collection":[{"href":"https:\/\/tudisol.pt\/pt\/index.php?rest_route=\/wp\/v2\/pages"}],"about":[{"href":"https:\/\/tudisol.pt\/pt\/index.php?rest_route=\/wp\/v2\/types\/page"}],"author":[{"embeddable":true,"href":"https:\/\/tudisol.pt\/pt\/index.php?rest_route=\/wp\/v2\/users\/1"}],"replies":[{"embeddable":true,"href":"https:\/\/tudisol.pt\/pt\/index.php?rest_route=%2Fwp%2Fv2%2Fcomments&post=297"}],"version-history":[{"count":3,"href":"https:\/\/tudisol.pt\/pt\/index.php?rest_route=\/wp\/v2\/pages\/297\/revisions"}],"predecessor-version":[{"id":318,"href":"https:\/\/tudisol.pt\/pt\/index.php?rest_route=\/wp\/v2\/pages\/297\/revisions\/318"}],"wp:attachment":[{"href":"https:\/\/tudisol.pt\/pt\/index.php?rest_route=%2Fwp%2Fv2%2Fmedia&parent=297"}],"curies":[{"name":"wp","href":"https:\/\/api.w.org\/{rel}","templated":true}]}}