{"id":293,"date":"2021-01-19T13:27:53","date_gmt":"2021-01-19T13:27:53","guid":{"rendered":"https:\/\/tudisol.pt\/pt\/?page_id=293"},"modified":"2021-01-19T14:08:19","modified_gmt":"2021-01-19T14:08:19","slug":"missao-da-tudisol","status":"publish","type":"page","link":"https:\/\/tudisol.pt\/pt\/?page_id=293","title":{"rendered":"Miss\u00e3o da Tudisol"},"content":{"rendered":"\n<figure class=\"wp-block-image size-full\"><a href=\"https:\/\/tudisol.pt\/pt\/wp-content\/uploads\/2021\/01\/Mission-1.png\"><img loading=\"lazy\" width=\"2675\" height=\"478\" src=\"https:\/\/tudisol.pt\/pt\/wp-content\/uploads\/2021\/01\/Mission-1.png\" alt=\"\" class=\"wp-image-309\" srcset=\"https:\/\/tudisol.pt\/pt\/wp-content\/uploads\/2021\/01\/Mission-1.png 2675w, https:\/\/tudisol.pt\/pt\/wp-content\/uploads\/2021\/01\/Mission-1-300x54.png 300w, https:\/\/tudisol.pt\/pt\/wp-content\/uploads\/2021\/01\/Mission-1-1024x183.png 1024w, https:\/\/tudisol.pt\/pt\/wp-content\/uploads\/2021\/01\/Mission-1-768x137.png 768w, https:\/\/tudisol.pt\/pt\/wp-content\/uploads\/2021\/01\/Mission-1-1536x274.png 1536w, https:\/\/tudisol.pt\/pt\/wp-content\/uploads\/2021\/01\/Mission-1-2048x366.png 2048w\" sizes=\"(max-width: 706px) 89vw, (max-width: 767px) 82vw, 740px\" \/><\/a><\/figure>\n\n\n\n<p>A nossa miss\u00e3o consiste em executar trabalhos de isolamento t\u00e9rmicos e ac\u00fasticos que permitam aos utilizadores poupan\u00e7as de energia, protec\u00e7\u00e3o de pessoas no que respeita a acidentes devido a queimaduras e ainda ao seu bem-estar atenuando o impacte de emiss\u00f5es sonoras.<\/p>\n\n\n\n<p>Aproveitando o seu conhecimento no sector, a Tudisol, Lda tamb\u00e9m comercializa materiais aplic\u00e1veis \u00e0 execu\u00e7\u00e3o de isolamentos.<\/p>\n\n\n\n<p>Em todos os produtos que comercializa e nas instala\u00e7\u00f5es que executa, a Tudisol, Lda, privilegia a qualidade como forma de ir ao encontro das necessidades e expectativas do cliente, conquistando a sua prefer\u00eancia e alargando a sua posi\u00e7\u00e3o no mercado, proporcionando aos seus s\u00f3cios uma rentabilidade atractiva do capital investido.<\/p>\n\n\n\n<p>Envolver, no respeito pelos princ\u00edpios e compromissos anteriormente referidos, n\u00e3o apenas todos os colaboradores da empresa, mas tamb\u00e9m os fornecedores e prestadores de servi\u00e7os que com a Tudisol, Lda. cooperam nas diferentes vertentes da rela\u00e7\u00e3o social e comercial com a empresa.<\/p>\n<a class=\"synved-social-button synved-social-button-follow synved-social-size-48 synved-social-resolution-single synved-social-provider-facebook nolightbox\" data-provider=\"facebook\" target=\"_blank\" rel=\"nofollow\" title=\"Follow us on Facebook\" href=\"https:\/\/www.facebook.com\/tudisol\" style=\"font-size: 0px; width:48px;height:48px;margin:0;margin-bottom:5px;margin-right:5px;\"><img alt=\"Facebook\" title=\"Follow us on Facebook\" class=\"synved-share-image synved-social-image synved-social-image-follow\" width=\"48\" height=\"48\" style=\"display: inline; width:48px;height:48px; margin: 0; padding: 0; border: none; box-shadow: none;\" src=\"https:\/\/tudisol.pt\/pt\/wp-content\/plugins\/social-media-feather\/synved-social\/image\/social\/regular\/96x96\/facebook.png\" \/><\/a><a class=\"synved-social-button synved-social-button-follow synved-social-size-48 synved-social-resolution-single synved-social-provider-twitter nolightbox\" data-provider=\"twitter\" target=\"_blank\" rel=\"nofollow\" title=\"Follow us on Twitter\" href=\"https:\/\/twitter.com\/tudisol\" style=\"font-size: 0px; width:48px;height:48px;margin:0;margin-bottom:5px;\"><img alt=\"twitter\" title=\"Follow us on Twitter\" class=\"synved-share-image synved-social-image synved-social-image-follow\" width=\"48\" height=\"48\" style=\"display: inline; width:48px;height:48px; margin: 0; padding: 0; border: none; box-shadow: none;\" src=\"https:\/\/tudisol.pt\/pt\/wp-content\/plugins\/social-media-feather\/synved-social\/image\/social\/regular\/96x96\/twitter.png\" \/><\/a><a class=\"synved-social-credit\" target=\"_blank\" rel=\"nofollow\" title=\"WordPress Social Media Feather\" href=\"http:\/\/synved.com\/wordpress-social-media-feather\/\" style=\"color:#444; text-decoration:none; font-size:8px; margin-left:5px;vertical-align:10px;white-space:nowrap;\"><span>by <\/span><img style=\"display: inline;margin:0;padding:0;width:16px;height:16px;\" width=\"16\" height=\"16\" alt=\"feather\" src=\"https:\/\/tudisol.pt\/pt\/wp-content\/plugins\/social-media-feather\/synved-social\/image\/icon.png\" \/><\/a>","protected":false},"excerpt":{"rendered":"<p>A nossa miss\u00e3o consiste em executar trabalhos de isolamento t\u00e9rmicos e ac\u00fasticos que permitam aos utilizadores poupan\u00e7as de energia, protec\u00e7\u00e3o de pessoas no que respeita a acidentes devido a queimaduras e ainda ao seu bem-estar atenuando o impacte de emiss\u00f5es sonoras. Aproveitando o seu conhecimento no sector, a Tudisol, Lda tamb\u00e9m comercializa materiais aplic\u00e1veis \u00e0 &hellip; <\/p>\n<p class=\"link-more\"><a href=\"https:\/\/tudisol.pt\/pt\/?page_id=293\" class=\"more-link\">Continuar a ler <span class=\"screen-reader-text\">&#8220;Miss\u00e3o da Tudisol&#8221;<\/span><\/a><\/p>\n","protected":false},"author":1,"featured_media":0,"parent":0,"menu_order":0,"comment_status":"closed","ping_status":"closed","template":"","meta":[],"_links":{"self":[{"href":"https:\/\/tudisol.pt\/pt\/index.php?rest_route=\/wp\/v2\/pages\/293"}],"collection":[{"href":"https:\/\/tudisol.pt\/pt\/index.php?rest_route=\/wp\/v2\/pages"}],"about":[{"href":"https:\/\/tudisol.pt\/pt\/index.php?rest_route=\/wp\/v2\/types\/page"}],"author":[{"embeddable":true,"href":"https:\/\/tudisol.pt\/pt\/index.php?rest_route=\/wp\/v2\/users\/1"}],"replies":[{"embeddable":true,"href":"https:\/\/tudisol.pt\/pt\/index.php?rest_route=%2Fwp%2Fv2%2Fcomments&post=293"}],"version-history":[{"count":3,"href":"https:\/\/tudisol.pt\/pt\/index.php?rest_route=\/wp\/v2\/pages\/293\/revisions"}],"predecessor-version":[{"id":317,"href":"https:\/\/tudisol.pt\/pt\/index.php?rest_route=\/wp\/v2\/pages\/293\/revisions\/317"}],"wp:attachment":[{"href":"https:\/\/tudisol.pt\/pt\/index.php?rest_route=%2Fwp%2Fv2%2Fmedia&parent=293"}],"curies":[{"name":"wp","href":"https:\/\/api.w.org\/{rel}","templated":true}]}}