{"id":267,"date":"2021-01-19T12:37:32","date_gmt":"2021-01-19T12:37:32","guid":{"rendered":"https:\/\/tudisol.pt\/pt\/?page_id=267"},"modified":"2021-01-19T14:07:18","modified_gmt":"2021-01-19T14:07:18","slug":"__trashed","status":"publish","type":"page","link":"https:\/\/tudisol.pt\/pt\/","title":{"rendered":"Quem Somos"},"content":{"rendered":"\n<figure class=\"wp-block-image size-full\"><img loading=\"lazy\" width=\"2675\" height=\"478\" src=\"https:\/\/tudisol.pt\/pt\/wp-content\/uploads\/2021\/01\/C1V3.png\" alt=\"\" class=\"wp-image-271\" srcset=\"https:\/\/tudisol.pt\/pt\/wp-content\/uploads\/2021\/01\/C1V3.png 2675w, https:\/\/tudisol.pt\/pt\/wp-content\/uploads\/2021\/01\/C1V3-300x54.png 300w, https:\/\/tudisol.pt\/pt\/wp-content\/uploads\/2021\/01\/C1V3-1024x183.png 1024w, https:\/\/tudisol.pt\/pt\/wp-content\/uploads\/2021\/01\/C1V3-768x137.png 768w, https:\/\/tudisol.pt\/pt\/wp-content\/uploads\/2021\/01\/C1V3-1536x274.png 1536w, https:\/\/tudisol.pt\/pt\/wp-content\/uploads\/2021\/01\/C1V3-2048x366.png 2048w\" sizes=\"(max-width: 706px) 89vw, (max-width: 767px) 82vw, 740px\" \/><\/figure>\n\n\n\n<p>A&nbsp;TUDISOL-SOCIEDADE DE ISOLAMENTOS T\u00c9RMICOS E AC\u00daSTICOS, LDA&nbsp;foi formada em 1987 dedica-se a venda e montagem de todo o tipo de isolamentos t\u00e9rmicos e ac\u00fasticos. Entrou em labora\u00e7\u00e3o no ano seguinte, apenas com 5 elementos.<\/p>\n\n\n\n<p>A Tudisol empresa de capitais totalmente nacionais, em Janeiro de 2012 congratulou-se de estar no mercado dos isolamentos t\u00e9rmicos h\u00e1 25 anos. A ger\u00eancia desta empresa est\u00e1 desde 1992 e at\u00e9 a data a cargo dos dois s\u00f3cios gerentes fundadores da empresa.<\/p>\n\n\n\n<p>A responsabilidade desta empresa est\u00e1 a cargo de pessoal com longa experi\u00eancia no campo dos Isolamentos, desde os anos 70, tanto no pa\u00eds como no estrangeiro. Neste momento a empresa tem cerca de trinta pessoas permanentes.<\/p>\n\n\n\n<p>Temos apostado na forma\u00e7\u00e3o dando garantias aos nossos clientes na qualidade e na seguran\u00e7a dos nossos servi\u00e7os.<\/p>\n\n\n\n<p>Para suprir as necessidades de nossos clientes e progredirmos quer em qualidade quer em condi\u00e7\u00f5es de trabalho temos apostado numa evolu\u00e7\u00e3o cont\u00ednua e temos investido para o efeito neste momento temos instala\u00e7\u00f5es pr\u00f3prias da empresa constru\u00eddas durante 1999\/2000, em SINES implantadas numa \u00e1rea de 1050 m2 de terreno e constitu\u00eddas por um pavilh\u00e3o industrial com 650 m2 e 6 metro de p\u00e9 direito.<\/p>\n\n\n\n<p>Constitu\u00eddas por uma \u00e1rea de escrit\u00f3rio individual em edif\u00edcio de 2 pisos com 75 m2 cada, sendo o restante ocupado por oficina e armaz\u00e9m.<\/p>\n\n\n\n<p>Comercializamos uma gama completa de materiais isolantes e temos m\u00e3o-de-obra especializada nos diversos tipos de isolamentos, para temperaturas positivas ou negativas.<\/p>\n\n\n\n<p>Estamos empenhados num processo de melhorias cont\u00ednua da qualidade, seguran\u00e7a, higiene e ambiente em estreita colabora\u00e7\u00e3o com os nossos fornecedores e clientes. Acreditamos que o desenvolvimento sustentado da empresa passa pela evolu\u00e7\u00e3o cont\u00ednua desse quatro factores.<\/p>\n\n\n\n<div class=\"wp-block-group\"><div class=\"wp-block-group__inner-container\">\n<div style=\"height:100px\" aria-hidden=\"true\" class=\"wp-block-spacer\"><\/div>\n<\/div><\/div>\n\n\n\n<div class=\"wp-block-group\"><div class=\"wp-block-group__inner-container\">\n<div class=\"wp-block-group\"><div class=\"wp-block-group__inner-container\">\n<div class=\"wp-block-group\"><div class=\"wp-block-group__inner-container\">\n<div class=\"wp-block-columns\">\n<div class=\"wp-block-column\" style=\"flex-basis:100%\">\n<div class=\"wp-block-columns\">\n<div class=\"wp-block-column\">\n<figure class=\"wp-block-image size-large is-resized\"><a href=\"https:\/\/tudisol.pt\/pt\/wp-content\/uploads\/2014\/05\/AL61115vrs9.pdf\"><img loading=\"lazy\" src=\"https:\/\/tudisol.pt\/pt\/wp-content\/uploads\/2021\/01\/01.png\" alt=\"\" class=\"wp-image-278\" width=\"184\" height=\"143\" srcset=\"https:\/\/tudisol.pt\/pt\/wp-content\/uploads\/2021\/01\/01.png 367w, https:\/\/tudisol.pt\/pt\/wp-content\/uploads\/2021\/01\/01-300x233.png 300w\" sizes=\"(max-width: 184px) 100vw, 184px\" \/><\/a><\/figure>\n<\/div>\n\n\n\n<div class=\"wp-block-column\">\n<figure class=\"wp-block-image size-large is-resized\"><a href=\"https:\/\/tudisol.pt\/media\/EIC_CERT-TUDISOL%20E-5131.PDF\"><img loading=\"lazy\" src=\"https:\/\/tudisol.pt\/pt\/wp-content\/uploads\/2021\/01\/02.png\" alt=\"\" class=\"wp-image-279\" width=\"184\" height=\"274\" srcset=\"https:\/\/tudisol.pt\/pt\/wp-content\/uploads\/2021\/01\/02.png 367w, https:\/\/tudisol.pt\/pt\/wp-content\/uploads\/2021\/01\/02-201x300.png 201w\" sizes=\"(max-width: 184px) 100vw, 184px\" \/><\/a><\/figure>\n<\/div>\n\n\n\n<div class=\"wp-block-column\">\n<figure class=\"wp-block-image size-large is-resized\"><a href=\"https:\/\/tudisol.pt\/media\/Tudisol_Diploma_PME_Lider_2020.pdf\"><img loading=\"lazy\" src=\"https:\/\/tudisol.pt\/pt\/wp-content\/uploads\/2021\/01\/03.png\" alt=\"\" class=\"wp-image-280\" width=\"184\" height=\"215\" srcset=\"https:\/\/tudisol.pt\/pt\/wp-content\/uploads\/2021\/01\/03.png 367w, https:\/\/tudisol.pt\/pt\/wp-content\/uploads\/2021\/01\/03-257x300.png 257w\" sizes=\"(max-width: 184px) 100vw, 184px\" \/><\/a><\/figure>\n<\/div>\n<\/div>\n<\/div>\n<\/div>\n<\/div><\/div>\n<\/div><\/div>\n\n\n\n<p><\/p>\n<\/div><\/div>\n\n\n\n<p><\/p>\n<a class=\"synved-social-button synved-social-button-follow synved-social-size-48 synved-social-resolution-single synved-social-provider-facebook nolightbox\" data-provider=\"facebook\" target=\"_blank\" rel=\"nofollow\" title=\"Follow us on Facebook\" href=\"https:\/\/www.facebook.com\/tudisol\" style=\"font-size: 0px; width:48px;height:48px;margin:0;margin-bottom:5px;margin-right:5px;\"><img alt=\"Facebook\" title=\"Follow us on Facebook\" class=\"synved-share-image synved-social-image synved-social-image-follow\" width=\"48\" height=\"48\" style=\"display: inline; width:48px;height:48px; margin: 0; padding: 0; border: none; box-shadow: none;\" src=\"https:\/\/tudisol.pt\/pt\/wp-content\/plugins\/social-media-feather\/synved-social\/image\/social\/regular\/96x96\/facebook.png\" \/><\/a><a class=\"synved-social-button synved-social-button-follow synved-social-size-48 synved-social-resolution-single synved-social-provider-twitter nolightbox\" data-provider=\"twitter\" target=\"_blank\" rel=\"nofollow\" title=\"Follow us on Twitter\" href=\"https:\/\/twitter.com\/tudisol\" style=\"font-size: 0px; width:48px;height:48px;margin:0;margin-bottom:5px;\"><img alt=\"twitter\" title=\"Follow us on Twitter\" class=\"synved-share-image synved-social-image synved-social-image-follow\" width=\"48\" height=\"48\" style=\"display: inline; width:48px;height:48px; margin: 0; padding: 0; border: none; box-shadow: none;\" src=\"https:\/\/tudisol.pt\/pt\/wp-content\/plugins\/social-media-feather\/synved-social\/image\/social\/regular\/96x96\/twitter.png\" \/><\/a><a class=\"synved-social-credit\" target=\"_blank\" rel=\"nofollow\" title=\"WordPress Social Media Feather\" href=\"http:\/\/synved.com\/wordpress-social-media-feather\/\" style=\"color:#444; text-decoration:none; font-size:8px; margin-left:5px;vertical-align:10px;white-space:nowrap;\"><span>by <\/span><img style=\"display: inline;margin:0;padding:0;width:16px;height:16px;\" width=\"16\" height=\"16\" alt=\"feather\" src=\"https:\/\/tudisol.pt\/pt\/wp-content\/plugins\/social-media-feather\/synved-social\/image\/icon.png\" \/><\/a>","protected":false},"excerpt":{"rendered":"<p>A&nbsp;TUDISOL-SOCIEDADE DE ISOLAMENTOS T\u00c9RMICOS E AC\u00daSTICOS, LDA&nbsp;foi formada em 1987 dedica-se a venda e montagem de todo o tipo de isolamentos t\u00e9rmicos e ac\u00fasticos. Entrou em labora\u00e7\u00e3o no ano seguinte, apenas com 5 elementos. A Tudisol empresa de capitais totalmente nacionais, em Janeiro de 2012 congratulou-se de estar no mercado dos isolamentos t\u00e9rmicos h\u00e1 25 &hellip; <\/p>\n<p class=\"link-more\"><a href=\"https:\/\/tudisol.pt\/pt\/\" class=\"more-link\">Continuar a ler <span class=\"screen-reader-text\">&#8220;Quem Somos&#8221;<\/span><\/a><\/p>\n","protected":false},"author":1,"featured_media":0,"parent":0,"menu_order":0,"comment_status":"closed","ping_status":"closed","template":"","meta":[],"_links":{"self":[{"href":"https:\/\/tudisol.pt\/pt\/index.php?rest_route=\/wp\/v2\/pages\/267"}],"collection":[{"href":"https:\/\/tudisol.pt\/pt\/index.php?rest_route=\/wp\/v2\/pages"}],"about":[{"href":"https:\/\/tudisol.pt\/pt\/index.php?rest_route=\/wp\/v2\/types\/page"}],"author":[{"embeddable":true,"href":"https:\/\/tudisol.pt\/pt\/index.php?rest_route=\/wp\/v2\/users\/1"}],"replies":[{"embeddable":true,"href":"https:\/\/tudisol.pt\/pt\/index.php?rest_route=%2Fwp%2Fv2%2Fcomments&post=267"}],"version-history":[{"count":15,"href":"https:\/\/tudisol.pt\/pt\/index.php?rest_route=\/wp\/v2\/pages\/267\/revisions"}],"predecessor-version":[{"id":315,"href":"https:\/\/tudisol.pt\/pt\/index.php?rest_route=\/wp\/v2\/pages\/267\/revisions\/315"}],"wp:attachment":[{"href":"https:\/\/tudisol.pt\/pt\/index.php?rest_route=%2Fwp%2Fv2%2Fmedia&parent=267"}],"curies":[{"name":"wp","href":"https:\/\/api.w.org\/{rel}","templated":true}]}}