{"id":25,"date":"2014-05-07T14:07:30","date_gmt":"2014-05-07T14:07:30","guid":{"rendered":"http:\/\/tudisol.pt\/pt\/?page_id=25"},"modified":"2014-05-28T11:16:58","modified_gmt":"2014-05-28T11:16:58","slug":"servicos","status":"publish","type":"page","link":"https:\/\/tudisol.pt\/pt\/?page_id=25","title":{"rendered":"Servi\u00e7os"},"content":{"rendered":"<p><img loading=\"lazy\" class=\"aligncenter wp-image-123 size-full\" src=\"http:\/\/tudisol.pt\/pt\/wp-content\/uploads\/2014\/05\/servicos.png\" alt=\"servicos\" width=\"3901\" height=\"697\" srcset=\"https:\/\/tudisol.pt\/pt\/wp-content\/uploads\/2014\/05\/servicos.png 3901w, https:\/\/tudisol.pt\/pt\/wp-content\/uploads\/2014\/05\/servicos-300x53.png 300w, https:\/\/tudisol.pt\/pt\/wp-content\/uploads\/2014\/05\/servicos-1024x182.png 1024w\" sizes=\"(max-width: 706px) 89vw, (max-width: 767px) 82vw, 740px\" \/><\/p>\n<h2 class=\"western\" lang=\"en-GB\" align=\"justify\"><strong><span lang=\"pt-PT\">O QUE FAZEMOS<\/span><\/strong><\/h2>\n<p class=\"western\" align=\"justify\">Como empresa especializada em isolamentos industriais, a Tudisol lda pode garantir um servi\u00e7o de qualidade desde a fase de projecto at\u00e9 a conclus\u00e3o dos trabalhos.<\/p>\n<p class=\"western\" align=\"justify\">A Tudisol faz trabalhos de isolamento em todos os sectores industriais , insistindo particularmente no isolamento t\u00e9rmico e ac\u00fastico.<\/p>\n<h4 class=\"western\" align=\"justify\"><b>Isolamento t\u00e9rmico.<\/b><\/h4>\n<p class=\"western\" lang=\"en-GB\" align=\"justify\"><span lang=\"pt-PT\">Instaladores especializados colocam em obra todos tipos ou sistemas de isolamento em conformidade com as normas de qualidade existentes. A Tudisol fabrica todo o tipo de revestimento sobre medida, as nossas oficinas est\u00e3o equipadas com maquinas industriais que permitem garantir qualidade e rapidez na execu\u00e7\u00e3o dos trabalhos. Em contratos de longa dura\u00e7\u00e3o a Tudisol monta no local um estaleiro com todas as m\u00e1quinas necess\u00e1rias, permitindo deste modo pr\u00e9 fabricar todos os revestimentos no local. <\/span><\/p>\n<h4 class=\"western\" align=\"justify\"><b>Isolamento ac\u00fastico.<\/b><\/h4>\n<p class=\"western\" lang=\"en-GB\" align=\"justify\"><span lang=\"pt-PT\">O ru\u00eddo pode ter influencias nefastas na sa\u00fade .Em alguns casos \u00e9 mesmo obrigat\u00f3rio por Lei de manter um ru\u00eddo a um determinado n\u00edvel . A Tudisol tem t\u00e9cnicos especializados para medir o n\u00edvel de ru\u00eddo no local e assentadores especializados nestes sistemas de isolamento. <\/span><\/p>\n<p class=\"western\" align=\"justify\">\n<a class=\"synved-social-button synved-social-button-follow synved-social-size-48 synved-social-resolution-single synved-social-provider-facebook nolightbox\" data-provider=\"facebook\" target=\"_blank\" rel=\"nofollow\" title=\"Follow us on Facebook\" href=\"https:\/\/www.facebook.com\/tudisol\" style=\"font-size: 0px; width:48px;height:48px;margin:0;margin-bottom:5px;margin-right:5px;\"><img alt=\"Facebook\" title=\"Follow us on Facebook\" class=\"synved-share-image synved-social-image synved-social-image-follow\" width=\"48\" height=\"48\" style=\"display: inline; width:48px;height:48px; margin: 0; padding: 0; border: none; box-shadow: none;\" src=\"https:\/\/tudisol.pt\/pt\/wp-content\/plugins\/social-media-feather\/synved-social\/image\/social\/regular\/96x96\/facebook.png\" \/><\/a><a class=\"synved-social-button synved-social-button-follow synved-social-size-48 synved-social-resolution-single synved-social-provider-twitter nolightbox\" data-provider=\"twitter\" target=\"_blank\" rel=\"nofollow\" title=\"Follow us on Twitter\" href=\"https:\/\/twitter.com\/tudisol\" style=\"font-size: 0px; width:48px;height:48px;margin:0;margin-bottom:5px;\"><img alt=\"twitter\" title=\"Follow us on Twitter\" class=\"synved-share-image synved-social-image synved-social-image-follow\" width=\"48\" height=\"48\" style=\"display: inline; width:48px;height:48px; margin: 0; padding: 0; border: none; box-shadow: none;\" src=\"https:\/\/tudisol.pt\/pt\/wp-content\/plugins\/social-media-feather\/synved-social\/image\/social\/regular\/96x96\/twitter.png\" \/><\/a><a class=\"synved-social-credit\" target=\"_blank\" rel=\"nofollow\" title=\"WordPress Social Media Feather\" href=\"http:\/\/synved.com\/wordpress-social-media-feather\/\" style=\"color:#444; text-decoration:none; font-size:8px; margin-left:5px;vertical-align:10px;white-space:nowrap;\"><span>by <\/span><img style=\"display: inline;margin:0;padding:0;width:16px;height:16px;\" width=\"16\" height=\"16\" alt=\"feather\" src=\"https:\/\/tudisol.pt\/pt\/wp-content\/plugins\/social-media-feather\/synved-social\/image\/icon.png\" \/><\/a>","protected":false},"excerpt":{"rendered":"<p>O QUE FAZEMOS Como empresa especializada em isolamentos industriais, a Tudisol lda pode garantir um servi\u00e7o de qualidade desde a fase de projecto at\u00e9 a conclus\u00e3o dos trabalhos. A Tudisol faz trabalhos de isolamento em todos os sectores industriais , insistindo particularmente no isolamento t\u00e9rmico e ac\u00fastico. Isolamento t\u00e9rmico. Instaladores especializados colocam em obra todos &hellip; <\/p>\n<p class=\"link-more\"><a href=\"https:\/\/tudisol.pt\/pt\/?page_id=25\" class=\"more-link\">Continuar a ler <span class=\"screen-reader-text\">&#8220;Servi\u00e7os&#8221;<\/span><\/a><\/p>\n","protected":false},"author":1,"featured_media":0,"parent":0,"menu_order":0,"comment_status":"closed","ping_status":"closed","template":"","meta":[],"_links":{"self":[{"href":"https:\/\/tudisol.pt\/pt\/index.php?rest_route=\/wp\/v2\/pages\/25"}],"collection":[{"href":"https:\/\/tudisol.pt\/pt\/index.php?rest_route=\/wp\/v2\/pages"}],"about":[{"href":"https:\/\/tudisol.pt\/pt\/index.php?rest_route=\/wp\/v2\/types\/page"}],"author":[{"embeddable":true,"href":"https:\/\/tudisol.pt\/pt\/index.php?rest_route=\/wp\/v2\/users\/1"}],"replies":[{"embeddable":true,"href":"https:\/\/tudisol.pt\/pt\/index.php?rest_route=%2Fwp%2Fv2%2Fcomments&post=25"}],"version-history":[{"count":4,"href":"https:\/\/tudisol.pt\/pt\/index.php?rest_route=\/wp\/v2\/pages\/25\/revisions"}],"predecessor-version":[{"id":126,"href":"https:\/\/tudisol.pt\/pt\/index.php?rest_route=\/wp\/v2\/pages\/25\/revisions\/126"}],"wp:attachment":[{"href":"https:\/\/tudisol.pt\/pt\/index.php?rest_route=%2Fwp%2Fv2%2Fmedia&parent=25"}],"curies":[{"name":"wp","href":"https:\/\/api.w.org\/{rel}","templated":true}]}}