{"id":23,"date":"2014-05-07T14:06:26","date_gmt":"2014-05-07T14:06:26","guid":{"rendered":"http:\/\/tudisol.pt\/pt\/?page_id=23"},"modified":"2014-05-20T14:29:22","modified_gmt":"2014-05-20T14:29:22","slug":"produtos","status":"publish","type":"page","link":"https:\/\/tudisol.pt\/pt\/?page_id=23","title":{"rendered":"Produtos"},"content":{"rendered":"<p><img loading=\"lazy\" class=\"aligncenter wp-image-80 size-full\" src=\"http:\/\/tudisol.pt\/pt\/wp-content\/uploads\/2014\/05\/produtos.png\" alt=\"produtos\" width=\"2675\" height=\"478\" srcset=\"https:\/\/tudisol.pt\/pt\/wp-content\/uploads\/2014\/05\/produtos.png 2675w, https:\/\/tudisol.pt\/pt\/wp-content\/uploads\/2014\/05\/produtos-300x53.png 300w, https:\/\/tudisol.pt\/pt\/wp-content\/uploads\/2014\/05\/produtos-1024x182.png 1024w\" sizes=\"(max-width: 706px) 89vw, (max-width: 767px) 82vw, 740px\" \/><\/p>\n<p>&nbsp;<\/p>\n<p>Existe 4 grandes fam\u00edlias de materiais isolantes:<\/p>\n<h2>Vidro celular<\/h2>\n<h2>L\u00e3 de rocha ou de vidro<\/h2>\n<h2>Pl\u00e1sticos<\/h2>\n<h2>Naturais<\/h2>\n<p>&nbsp;<\/p>\n<p>Estes \u00faltimos foram substitu\u00eddos pelos pl\u00e1sticos por raz\u00f5es ecol\u00f3gicas e comerciais.<\/p>\n<p>&nbsp;<\/p>\n<a class=\"synved-social-button synved-social-button-follow synved-social-size-48 synved-social-resolution-single synved-social-provider-facebook nolightbox\" data-provider=\"facebook\" target=\"_blank\" rel=\"nofollow\" title=\"Follow us on Facebook\" href=\"https:\/\/www.facebook.com\/tudisol\" style=\"font-size: 0px; width:48px;height:48px;margin:0;margin-bottom:5px;margin-right:5px;\"><img alt=\"Facebook\" title=\"Follow us on Facebook\" class=\"synved-share-image synved-social-image synved-social-image-follow\" width=\"48\" height=\"48\" style=\"display: inline; width:48px;height:48px; margin: 0; padding: 0; border: none; box-shadow: none;\" src=\"https:\/\/tudisol.pt\/pt\/wp-content\/plugins\/social-media-feather\/synved-social\/image\/social\/regular\/96x96\/facebook.png\" \/><\/a><a class=\"synved-social-button synved-social-button-follow synved-social-size-48 synved-social-resolution-single synved-social-provider-twitter nolightbox\" data-provider=\"twitter\" target=\"_blank\" rel=\"nofollow\" title=\"Follow us on Twitter\" href=\"https:\/\/twitter.com\/tudisol\" style=\"font-size: 0px; width:48px;height:48px;margin:0;margin-bottom:5px;\"><img alt=\"twitter\" title=\"Follow us on Twitter\" class=\"synved-share-image synved-social-image synved-social-image-follow\" width=\"48\" height=\"48\" style=\"display: inline; width:48px;height:48px; margin: 0; padding: 0; border: none; box-shadow: none;\" src=\"https:\/\/tudisol.pt\/pt\/wp-content\/plugins\/social-media-feather\/synved-social\/image\/social\/regular\/96x96\/twitter.png\" \/><\/a><a class=\"synved-social-credit\" target=\"_blank\" rel=\"nofollow\" title=\"WordPress Social Media Feather\" href=\"http:\/\/synved.com\/wordpress-social-media-feather\/\" style=\"color:#444; text-decoration:none; font-size:8px; margin-left:5px;vertical-align:10px;white-space:nowrap;\"><span>by <\/span><img style=\"display: inline;margin:0;padding:0;width:16px;height:16px;\" width=\"16\" height=\"16\" alt=\"feather\" src=\"https:\/\/tudisol.pt\/pt\/wp-content\/plugins\/social-media-feather\/synved-social\/image\/icon.png\" \/><\/a>","protected":false},"excerpt":{"rendered":"<p>&nbsp; Existe 4 grandes fam\u00edlias de materiais isolantes: Vidro celular L\u00e3 de rocha ou de vidro Pl\u00e1sticos Naturais &nbsp; Estes \u00faltimos foram substitu\u00eddos pelos pl\u00e1sticos por raz\u00f5es ecol\u00f3gicas e comerciais. &nbsp; by<\/p>\n","protected":false},"author":1,"featured_media":0,"parent":0,"menu_order":0,"comment_status":"closed","ping_status":"closed","template":"","meta":[],"_links":{"self":[{"href":"https:\/\/tudisol.pt\/pt\/index.php?rest_route=\/wp\/v2\/pages\/23"}],"collection":[{"href":"https:\/\/tudisol.pt\/pt\/index.php?rest_route=\/wp\/v2\/pages"}],"about":[{"href":"https:\/\/tudisol.pt\/pt\/index.php?rest_route=\/wp\/v2\/types\/page"}],"author":[{"embeddable":true,"href":"https:\/\/tudisol.pt\/pt\/index.php?rest_route=\/wp\/v2\/users\/1"}],"replies":[{"embeddable":true,"href":"https:\/\/tudisol.pt\/pt\/index.php?rest_route=%2Fwp%2Fv2%2Fcomments&post=23"}],"version-history":[{"count":5,"href":"https:\/\/tudisol.pt\/pt\/index.php?rest_route=\/wp\/v2\/pages\/23\/revisions"}],"predecessor-version":[{"id":263,"href":"https:\/\/tudisol.pt\/pt\/index.php?rest_route=\/wp\/v2\/pages\/23\/revisions\/263"}],"wp:attachment":[{"href":"https:\/\/tudisol.pt\/pt\/index.php?rest_route=%2Fwp%2Fv2%2Fmedia&parent=23"}],"curies":[{"name":"wp","href":"https:\/\/api.w.org\/{rel}","templated":true}]}}