{"id":195,"date":"2014-06-25T13:40:50","date_gmt":"2014-06-25T13:40:50","guid":{"rendered":"http:\/\/tudisol.pt\/pt\/?page_id=195"},"modified":"2014-06-25T13:46:47","modified_gmt":"2014-06-25T13:46:47","slug":"principais-obras","status":"publish","type":"page","link":"https:\/\/tudisol.pt\/pt\/?page_id=195","title":{"rendered":"Principais Obras"},"content":{"rendered":"<p><img loading=\"lazy\" class=\"aligncenter wp-image-196 size-full\" src=\"http:\/\/tudisol.pt\/pt\/wp-content\/uploads\/2014\/06\/DSC00031.png\" alt=\"DSC00031\" width=\"1920\" height=\"343\" srcset=\"https:\/\/tudisol.pt\/pt\/wp-content\/uploads\/2014\/06\/DSC00031.png 1920w, https:\/\/tudisol.pt\/pt\/wp-content\/uploads\/2014\/06\/DSC00031-300x53.png 300w, https:\/\/tudisol.pt\/pt\/wp-content\/uploads\/2014\/06\/DSC00031-1024x182.png 1024w\" sizes=\"(max-width: 706px) 89vw, (max-width: 767px) 82vw, 740px\" \/><\/p>\n<p><strong>Copisa Projectos y Mantenimentos Industriais SA<\/strong>.<br \/>\nBarcelona em Espanha<br \/>\nAmplia\u00e7\u00e3o da Refinaria de Sines \u2013 <strong>Petrogal S.A<\/strong><br \/>\nF\u00e1brica de Hydrocraker_ Equipamentos<br \/>\nFornecimento e montagem de isolamento t\u00e9rmico de v\u00e1rios equipamentos (permutadores,colunas,dep\u00f3sitos e reactores) com iolemto t\u00e9rmico de l\u00e3 de rocha com espessuras de 30 a 200mm. Foram realizados 10.200 m2 de isolamentos<br \/>\nInicio da Obra: Janeiro 2010<br \/>\nFinal: Setembro de 2011.<\/p>\n<p><strong>Copisa Projectos y Mantenimentos Industriais SA.<\/strong><br \/>\nBarcelona em Espanha<br \/>\nAmplia\u00e7\u00e3o da Refinaria de Sines \u2013 <strong>Petrogal S.A<\/strong><br \/>\nF\u00e1brica de Hydrocraker_ Tubagens<br \/>\nFornecimento e montagem de isolamento t\u00e9rmico de tubagens de transporte de produtos com tra\u00e7agem de vapor e el\u00e9ctrica, de Vapor e para Protec\u00e7\u00e3o Pessoal, em todo o Hidrockraquer, foram realizados cerca de 35.000 metro linear de tubagens de diversos diametros.<br \/>\nInicio da Obra: Janeiro 2010<br \/>\nFinal: Setembro de 2011.<\/p>\n<p>Manuten\u00e7\u00e3o geral da f\u00e1brica da <strong>Repsol Pol\u00edmeros<\/strong> no Complexo Industrial de Sines\u00a0Interven\u00e7\u00e3o em Paragem Programada 2012:<\/p>\n<ul>\n<li>Frio &#8211; Etileno Area 3 Equipamentos de frio com isolamentos a Foamglas.<\/li>\n<li>Quente &#8211; Interven\u00e7\u00e3o em equipamentos e tubagens<\/li>\n<\/ul>\n<p>Manuten\u00e7\u00e3o Dos Isolamentos T\u00e9rmicos (Corrosion Under Insulation \u2013 CUI 2012) de diversas tubagens na Refinaria de Sines \u2013 <strong>Petrogal S.A.<\/strong><\/p>\n<p>Manuten\u00e7\u00e3o geral da Refinaria da Petrogal em Sines\u00a0Interven\u00e7\u00e3o em Paragem Programada 2014:<\/p>\n<ul>\n<li>Quente &#8211; Interven\u00e7\u00e3o em equipamentos e tubagens<\/li>\n<\/ul>\n<p>CLT Contrato de Servi\u00e7os de Repara\u00e7\u00e3o dos isolamentos dos Equipamentos do <strong>TGLS Terminal de Granais L\u00edquidos de Sines<\/strong> 2009 a 2012.<\/p>\n<p>Contrato de Manuten\u00e7\u00e3o de Isolamentos T\u00e9rmicos da f\u00e1brica da <strong>Repsol Pol\u00edmeros<\/strong> em Sines desde 2000 at\u00e9 a data 2014.<\/p>\n<p>CLT Contrato de Servi\u00e7os de Repara\u00e7\u00e3o dos isolamentos dos Equipamentos do <strong>TGLS Terminal de Granais L\u00edquidos de Sines<\/strong> 2013 a 2015.<\/p>\n<a class=\"synved-social-button synved-social-button-follow synved-social-size-48 synved-social-resolution-single synved-social-provider-facebook nolightbox\" data-provider=\"facebook\" target=\"_blank\" rel=\"nofollow\" title=\"Follow us on Facebook\" href=\"https:\/\/www.facebook.com\/tudisol\" style=\"font-size: 0px; width:48px;height:48px;margin:0;margin-bottom:5px;margin-right:5px;\"><img alt=\"Facebook\" title=\"Follow us on Facebook\" class=\"synved-share-image synved-social-image synved-social-image-follow\" width=\"48\" height=\"48\" style=\"display: inline; width:48px;height:48px; margin: 0; padding: 0; border: none; box-shadow: none;\" src=\"https:\/\/tudisol.pt\/pt\/wp-content\/plugins\/social-media-feather\/synved-social\/image\/social\/regular\/96x96\/facebook.png\" \/><\/a><a class=\"synved-social-button synved-social-button-follow synved-social-size-48 synved-social-resolution-single synved-social-provider-twitter nolightbox\" data-provider=\"twitter\" target=\"_blank\" rel=\"nofollow\" title=\"Follow us on Twitter\" href=\"https:\/\/twitter.com\/tudisol\" style=\"font-size: 0px; width:48px;height:48px;margin:0;margin-bottom:5px;\"><img alt=\"twitter\" title=\"Follow us on Twitter\" class=\"synved-share-image synved-social-image synved-social-image-follow\" width=\"48\" height=\"48\" style=\"display: inline; width:48px;height:48px; margin: 0; padding: 0; border: none; box-shadow: none;\" src=\"https:\/\/tudisol.pt\/pt\/wp-content\/plugins\/social-media-feather\/synved-social\/image\/social\/regular\/96x96\/twitter.png\" \/><\/a><a class=\"synved-social-credit\" target=\"_blank\" rel=\"nofollow\" title=\"WordPress Social Media Feather\" href=\"http:\/\/synved.com\/wordpress-social-media-feather\/\" style=\"color:#444; text-decoration:none; font-size:8px; margin-left:5px;vertical-align:10px;white-space:nowrap;\"><span>by <\/span><img style=\"display: inline;margin:0;padding:0;width:16px;height:16px;\" width=\"16\" height=\"16\" alt=\"feather\" src=\"https:\/\/tudisol.pt\/pt\/wp-content\/plugins\/social-media-feather\/synved-social\/image\/icon.png\" \/><\/a>","protected":false},"excerpt":{"rendered":"<p>Copisa Projectos y Mantenimentos Industriais SA. Barcelona em Espanha Amplia\u00e7\u00e3o da Refinaria de Sines \u2013 Petrogal S.A F\u00e1brica de Hydrocraker_ Equipamentos Fornecimento e montagem de isolamento t\u00e9rmico de v\u00e1rios equipamentos (permutadores,colunas,dep\u00f3sitos e reactores) com iolemto t\u00e9rmico de l\u00e3 de rocha com espessuras de 30 a 200mm. Foram realizados 10.200 m2 de isolamentos Inicio da Obra: &hellip; <\/p>\n<p class=\"link-more\"><a href=\"https:\/\/tudisol.pt\/pt\/?page_id=195\" class=\"more-link\">Continuar a ler <span class=\"screen-reader-text\">&#8220;Principais Obras&#8221;<\/span><\/a><\/p>\n","protected":false},"author":1,"featured_media":0,"parent":0,"menu_order":0,"comment_status":"closed","ping_status":"closed","template":"","meta":[],"_links":{"self":[{"href":"https:\/\/tudisol.pt\/pt\/index.php?rest_route=\/wp\/v2\/pages\/195"}],"collection":[{"href":"https:\/\/tudisol.pt\/pt\/index.php?rest_route=\/wp\/v2\/pages"}],"about":[{"href":"https:\/\/tudisol.pt\/pt\/index.php?rest_route=\/wp\/v2\/types\/page"}],"author":[{"embeddable":true,"href":"https:\/\/tudisol.pt\/pt\/index.php?rest_route=\/wp\/v2\/users\/1"}],"replies":[{"embeddable":true,"href":"https:\/\/tudisol.pt\/pt\/index.php?rest_route=%2Fwp%2Fv2%2Fcomments&post=195"}],"version-history":[{"count":5,"href":"https:\/\/tudisol.pt\/pt\/index.php?rest_route=\/wp\/v2\/pages\/195\/revisions"}],"predecessor-version":[{"id":201,"href":"https:\/\/tudisol.pt\/pt\/index.php?rest_route=\/wp\/v2\/pages\/195\/revisions\/201"}],"wp:attachment":[{"href":"https:\/\/tudisol.pt\/pt\/index.php?rest_route=%2Fwp%2Fv2%2Fmedia&parent=195"}],"curies":[{"name":"wp","href":"https:\/\/api.w.org\/{rel}","templated":true}]}}