{"id":130,"date":"2014-06-02T13:34:45","date_gmt":"2014-06-02T13:34:45","guid":{"rendered":"http:\/\/tudisol.pt\/pt\/?page_id=130"},"modified":"2014-06-02T14:01:53","modified_gmt":"2014-06-02T14:01:53","slug":"isolamento","status":"publish","type":"page","link":"https:\/\/tudisol.pt\/pt\/?page_id=130","title":{"rendered":"Isolamento"},"content":{"rendered":"<p><img loading=\"lazy\" class=\"aligncenter wp-image-131 size-full\" src=\"http:\/\/tudisol.pt\/pt\/wp-content\/uploads\/2014\/06\/oqueeisolamento.png\" alt=\"oqueeisolamento\" width=\"1550\" height=\"277\" srcset=\"https:\/\/tudisol.pt\/pt\/wp-content\/uploads\/2014\/06\/oqueeisolamento.png 1550w, https:\/\/tudisol.pt\/pt\/wp-content\/uploads\/2014\/06\/oqueeisolamento-300x53.png 300w, https:\/\/tudisol.pt\/pt\/wp-content\/uploads\/2014\/06\/oqueeisolamento-1024x182.png 1024w\" sizes=\"(max-width: 706px) 89vw, (max-width: 767px) 82vw, 740px\" \/><\/p>\n<h2 lang=\"en-GB\"><span lang=\"pt-PT\">O QUE \u00c9 O ISOLAMENTO<\/span><span lang=\"pt-PT\">:<\/span><\/h2>\n<p>O isolamento define-se como a combina\u00e7\u00e3o de diversos materiais que retardam ou atenuam e nos melhores dos casos eliminam as perdas de temperatura ou os ru\u00eddos ac\u00fasticos. os materiais podem-se adaptar a todo tipo de superf\u00edcies. Existe muitos tipos de acabamentos (revestimentos) do isolamento sejam elas protec\u00e7\u00f5es mec\u00e2nicas, ambientais ou est\u00e9tica.<\/p>\n<p><img loading=\"lazy\" class=\"aligncenter wp-image-135 size-full\" src=\"http:\/\/tudisol.pt\/pt\/wp-content\/uploads\/2014\/06\/asfuncoesdoisolamento.png\" alt=\"asfuncoesdoisolamento\" width=\"1550\" height=\"277\" srcset=\"https:\/\/tudisol.pt\/pt\/wp-content\/uploads\/2014\/06\/asfuncoesdoisolamento.png 1550w, https:\/\/tudisol.pt\/pt\/wp-content\/uploads\/2014\/06\/asfuncoesdoisolamento-300x53.png 300w, https:\/\/tudisol.pt\/pt\/wp-content\/uploads\/2014\/06\/asfuncoesdoisolamento-1024x182.png 1024w\" sizes=\"(max-width: 706px) 89vw, (max-width: 767px) 82vw, 740px\" \/><\/p>\n<h2 lang=\"en-GB\"><span lang=\"pt-PT\">AS FUN\u00c7\u00d5ES DO ISOLAMENTO:<\/span><\/h2>\n<ul>\n<li><span style=\"font-size: small;\">Reduzir perdas ou ganhos de temperatura para n\u00e3o se desperdi\u00e7ar energia.<\/span><\/li>\n<li><span style=\"font-size: small;\">Proteger o meio ambiente com a redu\u00e7\u00e3o de CO2 e NOx e outras gazes de combust\u00e3o (Buraco do Ozono).<\/span><\/li>\n<li><span style=\"font-size: small;\">Controlar temperaturas de superf\u00edcie (PP) para proteger pessoas e equipamentos.<\/span><\/li>\n<li><span style=\"font-size: small;\">Controlar as temperaturas de processo industrial e comercial (fabrico de materiais).<\/span><\/li>\n<li><span style=\"font-size: small;\">Prevenir e reduzir condensa\u00e7\u00f5es de superf\u00edcies (especialmente quando existem diferenciais de temperatura elevados).<\/span><\/li>\n<li><span style=\"font-size: small;\">Reduzir os ru\u00eddos em todos os locais visitados.<\/span><\/li>\n<li><span style=\"font-size: small;\">Barreira\/ protec\u00e7\u00e3o ao fogo, aumenta a resist\u00eancia ao fogo nu em edif\u00edcios, tubagens e cabos de instrumenta\u00e7\u00e3o.<\/span><\/li>\n<\/ul>\n<p><img loading=\"lazy\" class=\"aligncenter wp-image-138 size-full\" src=\"http:\/\/tudisol.pt\/pt\/wp-content\/uploads\/2014\/06\/asvantagensdoisolamneto.png\" alt=\"asvantagensdoisolamneto\" width=\"1550\" height=\"277\" srcset=\"https:\/\/tudisol.pt\/pt\/wp-content\/uploads\/2014\/06\/asvantagensdoisolamneto.png 1550w, https:\/\/tudisol.pt\/pt\/wp-content\/uploads\/2014\/06\/asvantagensdoisolamneto-300x53.png 300w, https:\/\/tudisol.pt\/pt\/wp-content\/uploads\/2014\/06\/asvantagensdoisolamneto-1024x182.png 1024w\" sizes=\"(max-width: 706px) 89vw, (max-width: 767px) 82vw, 740px\" \/><\/p>\n<h2>\u00a0AS VANTAGENS DO ISOLAMENTO:<\/h2>\n<ul>\n<li><span style=\"font-size: small;\">Poupar energia:\u00a0<\/span>Desperdi\u00e7a-se grandes quantidades de energia diariamente na ind\u00fastria por falta ou\u00a0Sub-dimensionamento de isolamento.<\/li>\n<li><span style=\"font-size: small;\">Controle de processo:\u00a0<\/span>Reduzindo perdas t\u00e9rmicas o controle de produ\u00e7\u00e3o dos materiais \u00e9 mais eficiente, logo mais rent\u00e1vel.<\/li>\n<li><span style=\"font-size: small;\">Controle de condensa\u00e7\u00f5es:\u00a0<\/span>O deficiente c\u00e1lculo do isolamento provoca condensa\u00e7\u00f5es o que se reflecte em termos de corros\u00e3o e tem provocado graves problemas a equipamentos e maquinas.<\/li>\n<li><span style=\"font-size: small;\">Protec\u00e7\u00e3o de Pessoal (PP):\u00a0<\/span><span style=\"font-size: small;\"><span lang=\"pt-PT\">Isolamento de todas as linhas<\/span><\/span><span lang=\"pt-PT\"> e equipamentos que estejam com temperatura que possam <\/span><span style=\"font-size: small;\"><span lang=\"pt-PT\">criar situa\u00e7\u00f5es de acidente (T\u00ba superf\u00edcie superior a 70\u00baC ASTM C 1055).<\/span><\/span><\/li>\n<li><span style=\"font-size: small;\">Protec\u00e7\u00e3o ao fogo:\u00a0<\/span>Usado em conjunto com outros materiais pode fazer barreira a equipamentos mais vulner\u00e1veis utiliza\u00e7\u00e3o de dupla camada de isolamento ou revestimento mec\u00e2nico. Projec\u00e7\u00e3o de argamassa de l\u00e3 de rocha para proteger bet\u00e3o em edif\u00edcios ou pilares de sustenta\u00e7\u00e3o de equipamentos.<\/li>\n<li><span style=\"font-size: small;\">Protec\u00e7\u00e3o ac\u00fastica:\u00a0<\/span><span style=\"font-size: small;\"><span lang=\"pt-PT\">Atenua\u00e7\u00e3o de ru\u00eddos provocados por motores tubagens de alta press\u00e3o (sa\u00edda para flare, bombas e compressores).N\u00e3o esque\u00e7amos que esta atenua\u00e7\u00e3o \u00e9 calcula para criar conforto \u00e1s pessoas que est\u00e3o na f\u00e1brica ou nas imedia\u00e7\u00f5es<\/span><\/span><span lang=\"pt-PT\">.<\/span><\/li>\n<li><span style=\"font-size: small;\">Redu\u00e7\u00f5es de emiss\u00f5es para atmosfera<\/span><\/li>\n<li><span style=\"font-size: small;\">O isolamento propicia menos consumo de energia logo menos emiss\u00f5es de gazes proveniente da combust\u00e3o.<\/span><\/li>\n<\/ul>\n<p><img loading=\"lazy\" class=\"aligncenter wp-image-141 size-full\" src=\"http:\/\/tudisol.pt\/pt\/wp-content\/uploads\/2014\/06\/tiposdeisolamentos.png\" alt=\"tiposdeisolamentos\" width=\"1550\" height=\"277\" srcset=\"https:\/\/tudisol.pt\/pt\/wp-content\/uploads\/2014\/06\/tiposdeisolamentos.png 1550w, https:\/\/tudisol.pt\/pt\/wp-content\/uploads\/2014\/06\/tiposdeisolamentos-300x53.png 300w, https:\/\/tudisol.pt\/pt\/wp-content\/uploads\/2014\/06\/tiposdeisolamentos-1024x182.png 1024w\" sizes=\"(max-width: 706px) 89vw, (max-width: 767px) 82vw, 740px\" \/><\/p>\n<h2>TIPOS DE ISOLAMENTOS:<\/h2>\n<h3>Existe 4 grandes fam\u00edlias de isolamentos t\u00e9rmicos e\/ou ac\u00fasticos<\/h3>\n<ul>\n<li><span style=\"font-size: small;\">Vidro celular <\/span><\/li>\n<li><span style=\"font-size: small;\">L\u00e3 de Rocha e l\u00e3 de vidro<\/span><\/li>\n<li><span style=\"font-size: small;\">Pl\u00e1sticos (poliuretano.poliestireno)<\/span><\/li>\n<li><span style=\"font-size: small;\">Naturais <\/span><\/li>\n<\/ul>\n<p>O vidro celular ou foamglass \u00e9 produzido a partir de vidro mo\u00eddo \u00e9 fundido num forno a uma temperatura de 1400\u00baC sendo depois adicionado carbono o produto \u00e9 moldado em cubos que posteriormente s\u00e3o recortados em placas ou outras formas coquilhas aduelas etc..<\/p>\n<p>L\u00e3 de vidro tem o mesmo procedimento mas a l\u00e3 de vidro tem como base a areia e a l\u00e3 de vidro reciclada depois de fundidos a 1100\u00baC, s\u00e3o polimerizados, os ligantes naturais assumem a cor amarela. O recorte do material \u00e9 identico ao do vidro celular.<\/p>\n<p>Na l\u00e3 de rocha a principal mat\u00e9ria prima \u00e9 a pedra de basalto fundida a 1400\u00baC tamb\u00e9m sofre a ac\u00e7\u00e3o de polimeriza\u00e7\u00e3o e os ligantes assumem uma cor acastanhada.. O recorte \u00e9 id\u00eantico ao da l\u00e3 de vidro.<\/p>\n<p>Na categoria dos \u201c pl\u00e1sticos\u201d estes s\u00e3o feitos a partir de misturas de produtos qu\u00edmicos e derivados do petr\u00f3leo.<\/p>\n<p>No caso do poliuretano que \u00e9 o mais utilizado \u00e9 obtido pela mistura de dois componentes poliol e isocianato , existem dois tipos:<\/p>\n<p><span style=\"font-size: small;\">Produto feito em obra com m\u00e1quina ou manualmente, este processo est\u00e1 em desuso por uma quest\u00e3o de higiene, de seguran\u00e7a e de protec\u00e7\u00e3o ao meio ambiente dado que os produtos carecem de um grande cuidado no manuseamento. <\/span><\/p>\n<p><span style=\"font-size: small;\">Material feito na f\u00e1brica automaticamente que \u00e9 cortado e moldado depois de \u201ccurado\u201d os riscos de manuseamento s\u00e3o quase nulos e circunscritos \u00e1 f\u00e1brica. <\/span><\/p>\n<p>Nos naturais t\u00ednhamos a corti\u00e7a mas que foi substitu\u00edda pelos pl\u00e1sticos por raz\u00f5es ecol\u00f3gicas e comerciais.<\/p>\n<p>&nbsp;<\/p>\n<p>&nbsp;<\/p>\n<a class=\"synved-social-button synved-social-button-follow synved-social-size-48 synved-social-resolution-single synved-social-provider-facebook nolightbox\" data-provider=\"facebook\" target=\"_blank\" rel=\"nofollow\" title=\"Follow us on Facebook\" href=\"https:\/\/www.facebook.com\/tudisol\" style=\"font-size: 0px; width:48px;height:48px;margin:0;margin-bottom:5px;margin-right:5px;\"><img alt=\"Facebook\" title=\"Follow us on Facebook\" class=\"synved-share-image synved-social-image synved-social-image-follow\" width=\"48\" height=\"48\" style=\"display: inline; width:48px;height:48px; margin: 0; padding: 0; border: none; box-shadow: none;\" src=\"https:\/\/tudisol.pt\/pt\/wp-content\/plugins\/social-media-feather\/synved-social\/image\/social\/regular\/96x96\/facebook.png\" \/><\/a><a class=\"synved-social-button synved-social-button-follow synved-social-size-48 synved-social-resolution-single synved-social-provider-twitter nolightbox\" data-provider=\"twitter\" target=\"_blank\" rel=\"nofollow\" title=\"Follow us on Twitter\" href=\"https:\/\/twitter.com\/tudisol\" style=\"font-size: 0px; width:48px;height:48px;margin:0;margin-bottom:5px;\"><img alt=\"twitter\" title=\"Follow us on Twitter\" class=\"synved-share-image synved-social-image synved-social-image-follow\" width=\"48\" height=\"48\" style=\"display: inline; width:48px;height:48px; margin: 0; padding: 0; border: none; box-shadow: none;\" src=\"https:\/\/tudisol.pt\/pt\/wp-content\/plugins\/social-media-feather\/synved-social\/image\/social\/regular\/96x96\/twitter.png\" \/><\/a><a class=\"synved-social-credit\" target=\"_blank\" rel=\"nofollow\" title=\"WordPress Social Media Feather\" href=\"http:\/\/synved.com\/wordpress-social-media-feather\/\" style=\"color:#444; text-decoration:none; font-size:8px; margin-left:5px;vertical-align:10px;white-space:nowrap;\"><span>by <\/span><img style=\"display: inline;margin:0;padding:0;width:16px;height:16px;\" width=\"16\" height=\"16\" alt=\"feather\" src=\"https:\/\/tudisol.pt\/pt\/wp-content\/plugins\/social-media-feather\/synved-social\/image\/icon.png\" \/><\/a>","protected":false},"excerpt":{"rendered":"<p>O QUE \u00c9 O ISOLAMENTO: O isolamento define-se como a combina\u00e7\u00e3o de diversos materiais que retardam ou atenuam e nos melhores dos casos eliminam as perdas de temperatura ou os ru\u00eddos ac\u00fasticos. os materiais podem-se adaptar a todo tipo de superf\u00edcies. Existe muitos tipos de acabamentos (revestimentos) do isolamento sejam elas protec\u00e7\u00f5es mec\u00e2nicas, ambientais ou &hellip; <\/p>\n<p class=\"link-more\"><a href=\"https:\/\/tudisol.pt\/pt\/?page_id=130\" class=\"more-link\">Continuar a ler <span class=\"screen-reader-text\">&#8220;Isolamento&#8221;<\/span><\/a><\/p>\n","protected":false},"author":1,"featured_media":0,"parent":0,"menu_order":0,"comment_status":"closed","ping_status":"closed","template":"","meta":[],"_links":{"self":[{"href":"https:\/\/tudisol.pt\/pt\/index.php?rest_route=\/wp\/v2\/pages\/130"}],"collection":[{"href":"https:\/\/tudisol.pt\/pt\/index.php?rest_route=\/wp\/v2\/pages"}],"about":[{"href":"https:\/\/tudisol.pt\/pt\/index.php?rest_route=\/wp\/v2\/types\/page"}],"author":[{"embeddable":true,"href":"https:\/\/tudisol.pt\/pt\/index.php?rest_route=\/wp\/v2\/users\/1"}],"replies":[{"embeddable":true,"href":"https:\/\/tudisol.pt\/pt\/index.php?rest_route=%2Fwp%2Fv2%2Fcomments&post=130"}],"version-history":[{"count":12,"href":"https:\/\/tudisol.pt\/pt\/index.php?rest_route=\/wp\/v2\/pages\/130\/revisions"}],"predecessor-version":[{"id":147,"href":"https:\/\/tudisol.pt\/pt\/index.php?rest_route=\/wp\/v2\/pages\/130\/revisions\/147"}],"wp:attachment":[{"href":"https:\/\/tudisol.pt\/pt\/index.php?rest_route=%2Fwp%2Fv2%2Fmedia&parent=130"}],"curies":[{"name":"wp","href":"https:\/\/api.w.org\/{rel}","templated":true}]}}