{"id":48,"date":"2014-05-07T15:07:09","date_gmt":"2014-05-07T15:07:09","guid":{"rendered":"http:\/\/tudisol.pt\/fr\/?page_id=48"},"modified":"2014-07-24T13:34:20","modified_gmt":"2014-07-24T13:34:20","slug":"manuseamento","status":"publish","type":"page","link":"https:\/\/tudisol.pt\/fr\/?page_id=48","title":{"rendered":"Raitement"},"content":{"rendered":"<p><img loading=\"lazy\" class=\"aligncenter wp-image-119 size-full\" src=\"http:\/\/tudisol.pt\/fr\/wp-content\/uploads\/2014\/05\/manuseamento.png\" alt=\"manuseamento\" width=\"2602\" height=\"465\" srcset=\"https:\/\/tudisol.pt\/fr\/wp-content\/uploads\/2014\/05\/manuseamento.png 2602w, https:\/\/tudisol.pt\/fr\/wp-content\/uploads\/2014\/05\/manuseamento-300x53.png 300w, https:\/\/tudisol.pt\/fr\/wp-content\/uploads\/2014\/05\/manuseamento-1024x182.png 1024w\" sizes=\"(max-width: 706px) 89vw, (max-width: 767px) 82vw, 740px\" \/><\/p>\n<p>&nbsp;<\/p>\n<h2><b>Manutention des mat\u00e9riaux<\/b><\/h2>\n<p class=\"western\">Tous les mat\u00e9riaux ont sur l&#8217;emballage des informations pour son utilisation Quand l\u00b4instruction n\u00b4est pas lisible, inexistante et en cas de doutes demander \u00ab\u00a0toujours\u00a0\u00bb des informations ou la fiche technique du produit.<\/p>\n<h4 class=\"western\"><b>L&#8217;utilisation de v\u00eatements de travail est obligatoire.\u00a0<\/b><\/h4>\n<p class=\"western\">Laine de roche et laine de verre<\/p>\n<p class=\"western\" lang=\"en-GB\"><span lang=\"pt-PT\">Pour minimiser l&#8217;inhalation de poussi\u00e8res lors de la manutention utiliser des masques surtout dans les espaces ferm\u00e9s. <\/span><\/p>\n<p class=\"western\" lang=\"en-GB\">A l\u00b4ext\u00e9rieur travaill\u00e9 favorablement au vent, la poussi\u00e8re prendra la m\u00eame direction.<\/p>\n<p class=\"western\">Utiliser des lunettes de travail et des gants, ces mati\u00e8res se transforment facilement en poussi\u00e8re et elle peut p\u00e9n\u00e9trer aux yeux dans ce cas ne frottez pas, passer de l&#8217;eau avec abondance.<\/p>\n<p class=\"western\">Autres produits (polyur\u00e9thane, foamglass etc&#8230;.)<\/p>\n<p class=\"western\">Ils ont les m\u00eames recommandations \u00e0 l&#8217;exception de l\u00b4utilisation de produits chimiques pour les dilutions, collage ou pour nettoyage.<\/p>\n<p class=\"western\">Il faut connaitre ces produits, lire les fiches de s\u00e9curit\u00e9s et utiliser toujours les \u00e9quipements de protection n\u00e9cessaires (masques, lunettes et gants) et adapt\u00e9s pour \u00e9viter des possibles contaminations par des absorptions des produits.<\/p>\n<p class=\"western\">R\u00e9sidus d&#8217;isolement doivent \u00eatre choisis et emball\u00e9s pour le transport et post\u00e9rieure traitement industriel.<\/p>\n<p class=\"western\">Il se lave toujours les v\u00eatements de travail s\u00e9par\u00e9ment.<\/p>\n<p class=\"western\">Ne touchez pas \u00e0 des produits sans les conna\u00eetre.<\/p>\n<p class=\"western\">\n<a class=\"synved-social-button synved-social-button-follow synved-social-size-48 synved-social-resolution-single synved-social-provider-facebook nolightbox\" data-provider=\"facebook\" target=\"_blank\" rel=\"nofollow\" title=\"Follow us on Facebook\" href=\"https:\/\/www.facebook.com\/tudisol\" style=\"font-size: 0px; width:48px;height:48px;margin:0;margin-bottom:5px;margin-right:5px;\"><img alt=\"Facebook\" title=\"Follow us on Facebook\" class=\"synved-share-image synved-social-image synved-social-image-follow\" width=\"48\" height=\"48\" style=\"display: inline; width:48px;height:48px; margin: 0; padding: 0; border: none; box-shadow: none;\" src=\"https:\/\/tudisol.pt\/fr\/wp-content\/plugins\/social-media-feather\/synved-social\/image\/social\/regular\/96x96\/facebook.png\" \/><\/a><a class=\"synved-social-button synved-social-button-follow synved-social-size-48 synved-social-resolution-single synved-social-provider-twitter nolightbox\" data-provider=\"twitter\" target=\"_blank\" rel=\"nofollow\" title=\"Follow us on Twitter\" href=\"https:\/\/twitter.com\/tudisol\" style=\"font-size: 0px; width:48px;height:48px;margin:0;margin-bottom:5px;\"><img alt=\"twitter\" title=\"Follow us on Twitter\" class=\"synved-share-image synved-social-image synved-social-image-follow\" width=\"48\" height=\"48\" style=\"display: inline; width:48px;height:48px; margin: 0; padding: 0; border: none; box-shadow: none;\" src=\"https:\/\/tudisol.pt\/fr\/wp-content\/plugins\/social-media-feather\/synved-social\/image\/social\/regular\/96x96\/twitter.png\" \/><\/a><a class=\"synved-social-credit\" target=\"_blank\" rel=\"nofollow\" title=\"WordPress Social Media Feather\" href=\"http:\/\/synved.com\/wordpress-social-media-feather\/\" style=\"color:#444; text-decoration:none; font-size:8px; margin-left:5px;vertical-align:10px;white-space:nowrap;\"><span>by <\/span><img style=\"display: inline;margin:0;padding:0;width:16px;height:16px;\" width=\"16\" height=\"16\" alt=\"feather\" src=\"https:\/\/tudisol.pt\/fr\/wp-content\/plugins\/social-media-feather\/synved-social\/image\/icon.png\" \/><\/a>","protected":false},"excerpt":{"rendered":"<p>&nbsp; Manutention des mat\u00e9riaux Tous les mat\u00e9riaux ont sur l&#8217;emballage des informations pour son utilisation Quand l\u00b4instruction n\u00b4est pas lisible, inexistante et en cas de doutes demander \u00ab\u00a0toujours\u00a0\u00bb des informations ou la fiche technique du produit. L&#8217;utilisation de v\u00eatements de travail est obligatoire.\u00a0 Laine de roche et laine de verre Pour minimiser l&#8217;inhalation de poussi\u00e8res &hellip; <\/p>\n<p class=\"link-more\"><a href=\"https:\/\/tudisol.pt\/fr\/?page_id=48\" class=\"more-link\">Continuar a ler <span class=\"screen-reader-text\">&#8220;Raitement&#8221;<\/span><\/a><\/p>\n","protected":false},"author":1,"featured_media":0,"parent":0,"menu_order":0,"comment_status":"closed","ping_status":"closed","template":"","meta":[],"_links":{"self":[{"href":"https:\/\/tudisol.pt\/fr\/index.php?rest_route=\/wp\/v2\/pages\/48"}],"collection":[{"href":"https:\/\/tudisol.pt\/fr\/index.php?rest_route=\/wp\/v2\/pages"}],"about":[{"href":"https:\/\/tudisol.pt\/fr\/index.php?rest_route=\/wp\/v2\/types\/page"}],"author":[{"embeddable":true,"href":"https:\/\/tudisol.pt\/fr\/index.php?rest_route=\/wp\/v2\/users\/1"}],"replies":[{"embeddable":true,"href":"https:\/\/tudisol.pt\/fr\/index.php?rest_route=%2Fwp%2Fv2%2Fcomments&post=48"}],"version-history":[{"count":11,"href":"https:\/\/tudisol.pt\/fr\/index.php?rest_route=\/wp\/v2\/pages\/48\/revisions"}],"predecessor-version":[{"id":252,"href":"https:\/\/tudisol.pt\/fr\/index.php?rest_route=\/wp\/v2\/pages\/48\/revisions\/252"}],"wp:attachment":[{"href":"https:\/\/tudisol.pt\/fr\/index.php?rest_route=%2Fwp%2Fv2%2Fmedia&parent=48"}],"curies":[{"name":"wp","href":"https:\/\/api.w.org\/{rel}","templated":true}]}}