{"id":44,"date":"2014-05-07T15:06:16","date_gmt":"2014-05-07T15:06:16","guid":{"rendered":"http:\/\/tudisol.pt\/fr\/?page_id=44"},"modified":"2014-07-22T16:08:57","modified_gmt":"2014-07-22T16:08:57","slug":"materiais-de-isolamento","status":"publish","type":"page","link":"https:\/\/tudisol.pt\/fr\/?page_id=44","title":{"rendered":"Mat\u00e9riaux d&#8217;isolation"},"content":{"rendered":"<p><img loading=\"lazy\" class=\"aligncenter wp-image-106\" src=\"http:\/\/tudisol.pt\/fr\/wp-content\/uploads\/2014\/05\/ladevidro-300x53.png\" alt=\"\" width=\"1555\" height=\"278\" srcset=\"https:\/\/tudisol.pt\/fr\/wp-content\/uploads\/2014\/05\/ladevidro-300x53.png 300w, https:\/\/tudisol.pt\/fr\/wp-content\/uploads\/2014\/05\/ladevidro-1024x182.png 1024w, https:\/\/tudisol.pt\/fr\/wp-content\/uploads\/2014\/05\/ladevidro.png 1550w\" sizes=\"(max-width: 706px) 89vw, (max-width: 767px) 82vw, 740px\" \/><\/p>\n<h2><b>laine de roche :<\/b><\/h2>\n<p class=\"western\" lang=\"en-GB\" align=\"justify\"><span lang=\"pt-PT\">Le processus de production de la laine de roche commence par la fusion de la laine de roche volcanique \u00e0 une temp\u00e9rature sup\u00e9rieure \u00e0 la 1000 \u00baC. Les pierres utilis\u00e9es sont s\u00e9lectionn\u00e9es des meilleures carri\u00e8res de basalte. Le deuxi\u00e8me mat\u00e9riau qui devra \u00eatre vers\u00e9 est le Coke qui servira enfin comme combustible dans la fournaille et le troisi\u00e8me composant sont des min\u00e9raux de calcium et de magn\u00e9sium. Ces mat\u00e9riaux pr\u00e9c\u00e9demment s\u00e9lectionn\u00e9s et dos\u00e9s sont introduits dans le four et soumis \u00e0 des temp\u00e9ratures sup\u00e9rieures \u00e0 1500 \u00b0C. Les mat\u00e9riaux sons fondue formant une esp\u00e8ce de lave. Cette lave est centrifug\u00e9 et refroidi et se solidifie par l\u00b4air dans une chambre de d\u00e9pressions, formant des longues particules de laine roche et de filaments de diam\u00e8tre et de longueur diff\u00e9rente selon le processus. Les fibres sont impr\u00e9gn\u00e9es de r\u00e9sines qui faciliteront le compactage du mat\u00e9riel lorsqu&#8217;il atteint sa forme finale.\u00a0<\/span><\/p>\n<p class=\"western\" align=\"justify\">Ce mat\u00e9riel est :<\/p>\n<p class=\"western\" align=\"justify\">-Incombustibles<\/p>\n<p class=\"western\" align=\"justify\">-Stable en milieu humide<\/p>\n<p class=\"western\" align=\"justify\">-R\u00e9sistant \u00e0 des temp\u00e9ratures de variation jusqu&#8217;\u00e0 +\/-750\u00baC<\/p>\n<p class=\"western\" align=\"justify\">Fabriqu\u00e9 en plusieurs \u00e9paisseurs de densit\u00e9s et de forme :<\/p>\n<p class=\"western\" align=\"justify\">-Rouleaux<\/p>\n<p class=\"western\" lang=\"en-GB\" align=\"justify\"><span lang=\"pt-PT\">-Panneaux<\/span><\/p>\n<p class=\"western\" lang=\"en-GB\" align=\"justify\"><span lang=\"pt-PT\">-Coquilles<\/span><\/p>\n<p class=\"western\" lang=\"en-GB\" align=\"justify\"><img loading=\"lazy\" class=\"aligncenter wp-image-102\" src=\"http:\/\/tudisol.pt\/fr\/wp-content\/uploads\/2014\/05\/laderocha-300x53.png\" alt=\"\" width=\"1555\" height=\"278\" srcset=\"https:\/\/tudisol.pt\/fr\/wp-content\/uploads\/2014\/05\/laderocha-300x53.png 300w, https:\/\/tudisol.pt\/fr\/wp-content\/uploads\/2014\/05\/laderocha-1024x182.png 1024w\" sizes=\"(max-width: 706px) 89vw, (max-width: 767px) 82vw, 740px\" \/><\/p>\n<h2 class=\"western\" lang=\"en-GB\" align=\"justify\"><span lang=\"pt-PT\"><b>Laine de verre :<\/b><\/span><\/h2>\n<p class=\"western\" align=\"justify\">Les mati\u00e8res premi\u00e8res de base sont de sable naturel, \u00e0 laquelle ont ajoute du verre recycl\u00e9 et des agents pour fluidfier le produit final comme la Soude. Le m\u00e9lange des composants est fait exactement de mani\u00e8re a &#8216;obtenir un lot homog\u00e8ne qui est fondu \u00e0 environ 1450 \u00b0 C.<br \/>\nLe verre fondu coule dans un canal et lorsqu\u2019il atteint la temp\u00e9rature requise il est transform\u00e9 en fibres. Pour donner la coh\u00e9sion et les propri\u00e9t\u00e9s m\u00e9caniques, des petites quantit\u00e9s d&#8217;agents liants sont ajout\u00e9es aux fibres.<\/p>\n<p class=\"western\" align=\"justify\">Ce mat\u00e9riel est :<\/p>\n<p class=\"western\" align=\"justify\">-Incombustibles<\/p>\n<p class=\"western\" align=\"justify\">-Stable en milieu humide<\/p>\n<p class=\"western\" lang=\"en-GB\" align=\"justify\"><span lang=\"pt-PT\">-R\u00e9sistant \u00e0 des temp\u00e9ratures de variation jusqu&#8217;\u00e0 +\/-250 \u00b0 c <\/span><\/p>\n<p class=\"western\" align=\"justify\">Fabriqu\u00e9 en plusieurs \u00e9paisseurs de densit\u00e9s et de forme :<\/p>\n<p class=\"western\" align=\"justify\">-Rouleaux<\/p>\n<p class=\"western\" lang=\"en-GB\" align=\"justify\"><span lang=\"pt-PT\">-Panneaux<\/span><\/p>\n<p class=\"western\" align=\"justify\">-Coquilles<\/p>\n<p class=\"western\" align=\"justify\"><img loading=\"lazy\" class=\"aligncenter wp-image-109\" src=\"http:\/\/tudisol.pt\/fr\/wp-content\/uploads\/2014\/05\/isolamentoparafrio.png\" alt=\"isolamentoparafrio\" width=\"1555\" height=\"277\" srcset=\"https:\/\/tudisol.pt\/fr\/wp-content\/uploads\/2014\/05\/isolamentoparafrio.png 1095w, https:\/\/tudisol.pt\/fr\/wp-content\/uploads\/2014\/05\/isolamentoparafrio-300x53.png 300w, https:\/\/tudisol.pt\/fr\/wp-content\/uploads\/2014\/05\/isolamentoparafrio-1024x182.png 1024w\" sizes=\"(max-width: 706px) 89vw, (max-width: 767px) 82vw, 740px\" \/><\/p>\n<h2 class=\"western\"><strong>Isolation froide :<\/strong><\/h2>\n<h3 class=\"western\">-Foamglass:<\/h3>\n<p class=\"western\" lang=\"en-GB\"><span lang=\"pt-PT\">-Le verre cellulaire est fait de de poudre de verre m\u00e9lang\u00e9e \u00e0 du Carbone dans un four chauff\u00e9 \u00e0 1000 \u00b0 c.<br \/>\nLe produit qui sort du four est de la mousse de verre qui est mouler et recuite au four, d\u00e9moul\u00e9es,d\u00e9coup\u00e9es \u00e0 format, test\u00e9s et emball\u00e9s.<\/span><\/p>\n<p>Fabriqu\u00e9 en plusieurs \u00e9paisseurs de densit\u00e9s et de forme :<\/p>\n<p>-Rouleaux<\/p>\n<p>-Panneaux<\/p>\n<p>-Coquilles<\/p>\n<h3 class=\"western\" align=\"justify\">-Polyur\u00e9thane :<\/h3>\n<p class=\"western\" align=\"justify\">Injecter in-situ avec machine industriel\u00a0:<br \/>\nForm\u00e9 par deux composants liquides Poliol et Isocyanate ont obtient un produit rigide final de 20 \u00e0 50 kg\/m3 de densit\u00e9.<\/p>\n<p class=\"western\" align=\"justify\">Obtenue en Usine.<br \/>\nFabriqu\u00e9s avec les m\u00eames composants mouler et d\u00e9mouler, couper en diverse formes dimensions et \u00e9paisseur. La finition peut \u00eatre en diff\u00e9rents mat\u00e9riaux qui essentiellement sont des barri\u00e8res de vapeur ou des protections m\u00e9caniques.<\/p>\n<p class=\"western\" align=\"justify\">Fabriqu\u00e9 en plusieurs \u00e9paisseurs de densit\u00e9s et de forme:<\/p>\n<p class=\"western\" align=\"justify\">-Coquilhas fornecidas de f\u00e1brica com ou sem barreira de vapor.<\/p>\n<p>Fabriqu\u00e9 en plusieurs \u00e9paisseurs de densit\u00e9s et de forme :<\/p>\n<p>-Rouleaux<\/p>\n<p>-Panneaux<\/p>\n<p>-Coquilles<\/p>\n<p class=\"western\" align=\"justify\"><img loading=\"lazy\" class=\"aligncenter wp-image-113 size-full\" src=\"http:\/\/tudisol.pt\/fr\/wp-content\/uploads\/2014\/05\/barreiradevapor.png\" alt=\"barreiradevapor\" width=\"1550\" height=\"277\" srcset=\"https:\/\/tudisol.pt\/fr\/wp-content\/uploads\/2014\/05\/barreiradevapor.png 1550w, https:\/\/tudisol.pt\/fr\/wp-content\/uploads\/2014\/05\/barreiradevapor-300x53.png 300w, https:\/\/tudisol.pt\/fr\/wp-content\/uploads\/2014\/05\/barreiradevapor-1024x182.png 1024w\" sizes=\"(max-width: 706px) 89vw, (max-width: 767px) 82vw, 740px\" \/><\/p>\n<h2 class=\"western\" align=\"justify\"><b>Pare-vapeur :<\/b><\/h2>\n<p class=\"western\" align=\"justify\">&#8211;\u00a0Appliquer le mastic bitumineux avec le soutien de fibre de verre.<\/p>\n<p class=\"western\" align=\"justify\">&#8211;\u00a0Feuille d&#8217;aluminium<\/p>\n<a class=\"synved-social-button synved-social-button-follow synved-social-size-48 synved-social-resolution-single synved-social-provider-facebook nolightbox\" data-provider=\"facebook\" target=\"_blank\" rel=\"nofollow\" title=\"Follow us on Facebook\" href=\"https:\/\/www.facebook.com\/tudisol\" style=\"font-size: 0px; width:48px;height:48px;margin:0;margin-bottom:5px;margin-right:5px;\"><img alt=\"Facebook\" title=\"Follow us on Facebook\" class=\"synved-share-image synved-social-image synved-social-image-follow\" width=\"48\" height=\"48\" style=\"display: inline; width:48px;height:48px; margin: 0; padding: 0; border: none; box-shadow: none;\" src=\"https:\/\/tudisol.pt\/fr\/wp-content\/plugins\/social-media-feather\/synved-social\/image\/social\/regular\/96x96\/facebook.png\" \/><\/a><a class=\"synved-social-button synved-social-button-follow synved-social-size-48 synved-social-resolution-single synved-social-provider-twitter nolightbox\" data-provider=\"twitter\" target=\"_blank\" rel=\"nofollow\" title=\"Follow us on Twitter\" href=\"https:\/\/twitter.com\/tudisol\" style=\"font-size: 0px; width:48px;height:48px;margin:0;margin-bottom:5px;\"><img alt=\"twitter\" title=\"Follow us on Twitter\" class=\"synved-share-image synved-social-image synved-social-image-follow\" width=\"48\" height=\"48\" style=\"display: inline; width:48px;height:48px; margin: 0; padding: 0; border: none; box-shadow: none;\" src=\"https:\/\/tudisol.pt\/fr\/wp-content\/plugins\/social-media-feather\/synved-social\/image\/social\/regular\/96x96\/twitter.png\" \/><\/a><a class=\"synved-social-credit\" target=\"_blank\" rel=\"nofollow\" title=\"WordPress Social Media Feather\" href=\"http:\/\/synved.com\/wordpress-social-media-feather\/\" style=\"color:#444; text-decoration:none; font-size:8px; margin-left:5px;vertical-align:10px;white-space:nowrap;\"><span>by <\/span><img style=\"display: inline;margin:0;padding:0;width:16px;height:16px;\" width=\"16\" height=\"16\" alt=\"feather\" src=\"https:\/\/tudisol.pt\/fr\/wp-content\/plugins\/social-media-feather\/synved-social\/image\/icon.png\" \/><\/a>","protected":false},"excerpt":{"rendered":"<p>laine de roche : Le processus de production de la laine de roche commence par la fusion de la laine de roche volcanique \u00e0 une temp\u00e9rature sup\u00e9rieure \u00e0 la 1000 \u00baC. Les pierres utilis\u00e9es sont s\u00e9lectionn\u00e9es des meilleures carri\u00e8res de basalte. Le deuxi\u00e8me mat\u00e9riau qui devra \u00eatre vers\u00e9 est le Coke qui servira enfin comme &hellip; <\/p>\n<p class=\"link-more\"><a href=\"https:\/\/tudisol.pt\/fr\/?page_id=44\" class=\"more-link\">Continuar a ler <span class=\"screen-reader-text\">&#8220;Mat\u00e9riaux d&#8217;isolation&#8221;<\/span><\/a><\/p>\n","protected":false},"author":1,"featured_media":0,"parent":0,"menu_order":0,"comment_status":"closed","ping_status":"closed","template":"","meta":[],"_links":{"self":[{"href":"https:\/\/tudisol.pt\/fr\/index.php?rest_route=\/wp\/v2\/pages\/44"}],"collection":[{"href":"https:\/\/tudisol.pt\/fr\/index.php?rest_route=\/wp\/v2\/pages"}],"about":[{"href":"https:\/\/tudisol.pt\/fr\/index.php?rest_route=\/wp\/v2\/types\/page"}],"author":[{"embeddable":true,"href":"https:\/\/tudisol.pt\/fr\/index.php?rest_route=\/wp\/v2\/users\/1"}],"replies":[{"embeddable":true,"href":"https:\/\/tudisol.pt\/fr\/index.php?rest_route=%2Fwp%2Fv2%2Fcomments&post=44"}],"version-history":[{"count":13,"href":"https:\/\/tudisol.pt\/fr\/index.php?rest_route=\/wp\/v2\/pages\/44\/revisions"}],"predecessor-version":[{"id":250,"href":"https:\/\/tudisol.pt\/fr\/index.php?rest_route=\/wp\/v2\/pages\/44\/revisions\/250"}],"wp:attachment":[{"href":"https:\/\/tudisol.pt\/fr\/index.php?rest_route=%2Fwp%2Fv2%2Fmedia&parent=44"}],"curies":[{"name":"wp","href":"https:\/\/api.w.org\/{rel}","templated":true}]}}