{"id":42,"date":"2014-05-07T15:05:36","date_gmt":"2014-05-07T15:05:36","guid":{"rendered":"http:\/\/tudisol.pt\/fr\/?page_id=42"},"modified":"2021-03-11T11:07:21","modified_gmt":"2021-03-11T11:07:21","slug":"contactos","status":"publish","type":"page","link":"https:\/\/tudisol.pt\/fr\/?page_id=42","title":{"rendered":"Contacts"},"content":{"rendered":"<h2><img loading=\"lazy\" src=\"http:\/\/tudisol.pt\/fr\/wp-content\/uploads\/2014\/05\/contactos.png\" alt=\"contactos\" width=\"1550\" height=\"277\" \/><\/h2>\n<h3>Tudisol &#8211; Sociedade de Isolamentos T\u00e9rmicos e Ac\u00fasticos , Lda.<\/h3>\n<p>Zona Industrial Ligeira 2, lote 129<\/p>\n<p>Apartado 69<\/p>\n<p>7521-901 Sines<\/p>\n<p>Portugal<\/p>\n<p>T\u00e9l\u00e9phone- +351 269\u00a0870 400<\/p>\n<p>Mobile- +351 912 577 080<\/p>\n<p>Fax- +351 269 634 598<\/p>\n<h3>SERVI\u00c7OS ADMINISTRATIVOS T\u00c9CNICOS COMERCIAIS E OR\u00c7AMENTA\u00c7\u00c3O:<\/h3>\n<p>Jo\u00e3o Rodrigues \u00a0 \u00a0 \u00a0Mobile : +351 917 824 417<\/p>\n<p>Ant\u00f3nio Miranda \u00a0 Mobile\u00a0: +351 919 313 602<\/p>\n<h3>SERVI\u00c7OS T\u00c9CNICOS\u00a0EXECU\u00c7\u00c3O DE OBRAS:<\/h3>\n<p>Ant\u00f3nio Miranda \u00a0 Mobile\u00a0: +351 919 313 602<\/p>\n<p>e-mail: geral@tudisol.pt<\/p>\n<p>e-mail: comercial@tudisol.pt<\/p>\n<h3><\/h3>\n<form method=\"post\" id=\"cntctfrm_contact_form\" class=\"cntctfrm_contact_form cntctfrm_one_column cntctfrm_ltr cntctfrm_width_default\" action=\"\/fr\/index.php?rest_route=%2Fwp%2Fv2%2Fpages%2F42#cntctfrm_contact_form\" enctype=\"multipart\/form-data\"><div id=\"cntctfrm_first_column\" class=\"cntctfrm_column\"><div class=\"cntctfrm_field_wrap cntctfrm_field_name_wrap\"><div class=\"cntctfrm_label cntctfrm_label_name\">\n\t\t\t\t\t\t\t\t\t\t<label for=\"cntctfrm_contact_name\">Nom: <span class=\"required\">*<\/span><\/label><\/div><div class=\"cntctfrm_input cntctfrm_input_name\">\n\t\t\t\t\t\t\t\t\t\t<input class=\"text\" type=\"text\" size=\"40\" value=\"\" name=\"cntctfrm_contact_name\" id=\"cntctfrm_contact_name\" \/><\/div><\/div><div class=\"cntctfrm_field_wrap cntctfrm_field_email_wrap\"><div class=\"cntctfrm_label cntctfrm_label_email\">\n\t\t\t\t\t\t\t\t\t\t<label for=\"cntctfrm_contact_email\">Adresse e-mail: <span class=\"required\">*<\/span><\/label>\n\t\t\t\t\t\t\t\t\t<\/div><div class=\"cntctfrm_input cntctfrm_input_email\">\n\t\t\t\t\t\t\t\t\t\t<input class=\"text\" type=\"text\" size=\"40\" value=\"\" name=\"cntctfrm_contact_email\" id=\"cntctfrm_contact_email\" \/><\/div><\/div><div class=\"cntctfrm_field_wrap cntctfrm_field_subject_wrap\"><div class=\"cntctfrm_label cntctfrm_label_subject\">\n\t\t\t\t\t\t\t\t\t\t<label for=\"cntctfrm_contact_subject\">Sujet: <span class=\"required\">*<\/span><\/label>\n\t\t\t\t\t\t\t\t\t<\/div><div class=\"cntctfrm_input cntctfrm_input_subject\">\n\t\t\t\t\t\t\t\t\t<input class=\"text\" type=\"text\" size=\"40\" value=\"\" name=\"cntctfrm_contact_subject\" id=\"cntctfrm_contact_subject\" \/><\/div><\/div><div class=\"cntctfrm_field_wrap cntctfrm_field_message_wrap\"><div class=\"cntctfrm_label cntctfrm_label_message\">\n\t\t\t\t\t\t\t\t\t<label for=\"cntctfrm_contact_message\">Un message: <span class=\"required\">*<\/span><\/label>\n\t\t\t\t\t\t\t\t<\/div><div class=\"cntctfrm_input cntctfrm_input_message\">\n\t\t\t\t\t\t\t\t\t<textarea rows=\"5\" cols=\"30\" name=\"cntctfrm_contact_message\" id=\"cntctfrm_contact_message\"><\/textarea><\/div><\/div><\/div><div class=\"clear\"><\/div><div class=\"cntctfrm_submit_wrap\"><div id=\"cntctfrm_submit_first_column\" class=\"cntctfrm_column\"><div class=\"cntctfrm_input cntctfrm_input_submit\"><input type=\"hidden\" value=\"send\" name=\"cntctfrm_contact_action\">\n\t\t\t\t\t\t\t<input type=\"hidden\" value=\"fr\" name=\"cntctfrm_language\">\n\t\t\t\t\t\t\t<input type=\"hidden\" value=\"1\" name=\"cntctfrm_form_submited\">\n\t\t\t\t\t\t\t<input type=\"hidden\" value=\"cntctfrm_options\" name=\"cntctfrm_options_name\">\n\t\t\t\t\t\t\t<input type=\"submit\" value=\"envoyer le message\" class=\"cntctfrm_contact_submit\" \/>\n\t\t\t\t\t\t<\/div><\/div><div id=\"cntctfrm_submit_second_column\" class=\"cntctfrm_column\"><\/div><div class=\"clear\"><\/div>\n\t\t\t<\/div>\n\t\t\t<\/form>\n<a class=\"synved-social-button synved-social-button-follow synved-social-size-48 synved-social-resolution-single synved-social-provider-facebook nolightbox\" data-provider=\"facebook\" target=\"_blank\" rel=\"nofollow\" title=\"Follow us on Facebook\" href=\"https:\/\/www.facebook.com\/tudisol\" style=\"font-size: 0px; width:48px;height:48px;margin:0;margin-bottom:5px;margin-right:5px;\"><img alt=\"Facebook\" title=\"Follow us on Facebook\" class=\"synved-share-image synved-social-image synved-social-image-follow\" width=\"48\" height=\"48\" style=\"display: inline; width:48px;height:48px; margin: 0; padding: 0; border: none; box-shadow: none;\" src=\"https:\/\/tudisol.pt\/fr\/wp-content\/plugins\/social-media-feather\/synved-social\/image\/social\/regular\/96x96\/facebook.png\" \/><\/a><a class=\"synved-social-button synved-social-button-follow synved-social-size-48 synved-social-resolution-single synved-social-provider-twitter nolightbox\" data-provider=\"twitter\" target=\"_blank\" rel=\"nofollow\" title=\"Follow us on Twitter\" href=\"https:\/\/twitter.com\/tudisol\" style=\"font-size: 0px; width:48px;height:48px;margin:0;margin-bottom:5px;\"><img alt=\"twitter\" title=\"Follow us on Twitter\" class=\"synved-share-image synved-social-image synved-social-image-follow\" width=\"48\" height=\"48\" style=\"display: inline; width:48px;height:48px; margin: 0; padding: 0; border: none; box-shadow: none;\" src=\"https:\/\/tudisol.pt\/fr\/wp-content\/plugins\/social-media-feather\/synved-social\/image\/social\/regular\/96x96\/twitter.png\" \/><\/a><a class=\"synved-social-credit\" target=\"_blank\" rel=\"nofollow\" title=\"WordPress Social Media Feather\" href=\"http:\/\/synved.com\/wordpress-social-media-feather\/\" style=\"color:#444; text-decoration:none; font-size:8px; margin-left:5px;vertical-align:10px;white-space:nowrap;\"><span>by <\/span><img style=\"display: inline;margin:0;padding:0;width:16px;height:16px;\" width=\"16\" height=\"16\" alt=\"feather\" src=\"https:\/\/tudisol.pt\/fr\/wp-content\/plugins\/social-media-feather\/synved-social\/image\/icon.png\" \/><\/a>","protected":false},"excerpt":{"rendered":"<p>Tudisol &#8211; Sociedade de Isolamentos T\u00e9rmicos e Ac\u00fasticos , Lda. Zona Industrial Ligeira 2, lote 129 Apartado 69 7521-901 Sines Portugal T\u00e9l\u00e9phone- +351 269\u00a0870 400 Mobile- +351 912 577 080 Fax- +351 269 634 598 SERVI\u00c7OS ADMINISTRATIVOS T\u00c9CNICOS COMERCIAIS E OR\u00c7AMENTA\u00c7\u00c3O: Jo\u00e3o Rodrigues \u00a0 \u00a0 \u00a0Mobile : +351 917 824 417 Ant\u00f3nio Miranda \u00a0 Mobile\u00a0: &hellip; <\/p>\n<p class=\"link-more\"><a href=\"https:\/\/tudisol.pt\/fr\/?page_id=42\" class=\"more-link\">Continuar a ler <span class=\"screen-reader-text\">&#8220;Contacts&#8221;<\/span><\/a><\/p>\n","protected":false},"author":1,"featured_media":0,"parent":0,"menu_order":0,"comment_status":"closed","ping_status":"closed","template":"","meta":[],"_links":{"self":[{"href":"https:\/\/tudisol.pt\/fr\/index.php?rest_route=\/wp\/v2\/pages\/42"}],"collection":[{"href":"https:\/\/tudisol.pt\/fr\/index.php?rest_route=\/wp\/v2\/pages"}],"about":[{"href":"https:\/\/tudisol.pt\/fr\/index.php?rest_route=\/wp\/v2\/types\/page"}],"author":[{"embeddable":true,"href":"https:\/\/tudisol.pt\/fr\/index.php?rest_route=\/wp\/v2\/users\/1"}],"replies":[{"embeddable":true,"href":"https:\/\/tudisol.pt\/fr\/index.php?rest_route=%2Fwp%2Fv2%2Fcomments&post=42"}],"version-history":[{"count":18,"href":"https:\/\/tudisol.pt\/fr\/index.php?rest_route=\/wp\/v2\/pages\/42\/revisions"}],"predecessor-version":[{"id":292,"href":"https:\/\/tudisol.pt\/fr\/index.php?rest_route=\/wp\/v2\/pages\/42\/revisions\/292"}],"wp:attachment":[{"href":"https:\/\/tudisol.pt\/fr\/index.php?rest_route=%2Fwp%2Fv2%2Fmedia&parent=42"}],"curies":[{"name":"wp","href":"https:\/\/api.w.org\/{rel}","templated":true}]}}