{"id":286,"date":"2021-03-02T16:01:51","date_gmt":"2021-03-02T16:01:51","guid":{"rendered":"http:\/\/tudisol.pt\/fr\/?page_id=286"},"modified":"2021-03-02T16:01:52","modified_gmt":"2021-03-02T16:01:52","slug":"code-dethique-tudisol","status":"publish","type":"page","link":"https:\/\/tudisol.pt\/fr\/?page_id=286","title":{"rendered":"Code D&#8217;\u00e9thique Tudisol"},"content":{"rendered":"\n<figure class=\"wp-block-image size-full\"><a href=\"https:\/\/tudisol.pt\/pt\/wp-content\/uploads\/2021\/01\/01-4.png\"><img src=\"https:\/\/tudisol.pt\/pt\/wp-content\/uploads\/2021\/01\/01-4.png\" alt=\"\" class=\"wp-image-306\"\/><\/a><\/figure>\n\n\n\n<p>Tudisol est une soci\u00e9t\u00e9 qui op\u00e8re dans le domaine de l\u2019isolation thermique et acoustique, de pr\u00e9f\u00e9rence dans l\u2019aspect industriel, y compris son activit\u00e9 la fabrication et \/ ou l\u2019assemblage des diff\u00e9rents syst\u00e8mes n\u00e9cessaires pour les isolations mentionn\u00e9es.<\/p>\n\n\n\n<p>Tout au long de ces 33 ann\u00e9es de travail a d\u00e9velopp\u00e9 une culture de proximit\u00e9 avec les employ\u00e9s, les clients et les autres parties prenantes pertinentes, et leur performance a toujours \u00e9t\u00e9 guid\u00e9e par des principes d\u2019honn\u00eatet\u00e9, de bonne foi, de transparence, d\u2019exemption et d\u2019int\u00e9grit\u00e9.<\/p>\n\n\n\n<p>Ce code syst\u00e9matise les principes \u00e9thiques que Tudisol a, depuis sa fondation, accueillis comme des lignes directrices dans sa performance.<\/p>\n\n\n\n<p><strong>Valeurs de Tudisol<\/strong><\/p>\n\n\n\n<p>Tudisol reconna\u00eet avec la plus grande importance, dans toute son activit\u00e9, les valeurs de :<\/p>\n\n\n\n<p>Transparence, dans sa relation avec tous les stakeholders, employ\u00e9s, clients, fournisseurs, autres partenaires et Etat. Honn\u00eatet\u00e9 et bonne foi, dans ses processus d\u2019affaires et dans ses actions avec les clients et autres entit\u00e9s concern\u00e9es. Int\u00e9grit\u00e9 et rigueur, se conformant aux exigences l\u00e9gales et r\u00e9glementaires applicables \u00e0 son activit\u00e9, ainsi qu\u2019\u00e0 ses obligations envers les clients, fournisseurs et employ\u00e9s Respect, par l\u2019individu, ind\u00e9pendamment de sa race, croyance, orientation sexuelle et options politiques.<\/p>\n\n\n\n<p>Responsabilit\u00e9 environnementale, recyclage, promotion de la r\u00e9duction des d\u00e9chets et de la conservation de l\u2019\u00e9nergie. La s\u00e9curit\u00e9 au travail, la promotion des bonnes pratiques et le respect des r\u00e8gles, pour l\u2019int\u00e9grit\u00e9 personnelle des employ\u00e9s et des autres intervenants concern\u00e9s.<\/p>\n\n\n\n<p>Ces valeurs seront garanties par les actions de la direction de Tudisol et de tous les collaborateurs conform\u00e9ment aux principes \u00e9nonc\u00e9s ci-dessous.<\/p>\n\n\n\n<p>Transparence, dans sa relation avec tous les d\u00e9tenteurs de piles, employ\u00e9s, clients, fournisseurs, autres partenaires et \u00c9tat.<\/p>\n\n\n\n<p>Honn\u00eatet\u00e9 et bonne foi, dans ses processus d\u2019affaires et dans ses actions avec les clients et autres entit\u00e9s concern\u00e9es.<\/p>\n\n\n\n<p>Int\u00e9grit\u00e9 et rigueur, se conformant aux exigences l\u00e9gales et r\u00e9glementaires applicables \u00e0 son activit\u00e9, ainsi qu\u2019\u00e0 ses obligations envers les clients, fournisseurs et employ\u00e9s Respect, par l\u2019individu, ind\u00e9pendamment de sa race, croyance, orientation sexuelle et options politiques.<\/p>\n\n\n\n<p>Responsabilit\u00e9 environnementale, recyclage, promotion de la r\u00e9duction des d\u00e9chets et de la conservation de l\u2019\u00e9nergie. La s\u00e9curit\u00e9 au travail, la promotion des bonnes pratiques et le respect des r\u00e8gles, pour l\u2019int\u00e9grit\u00e9 personnelle des employ\u00e9s et des autres intervenants concern\u00e9s.<\/p>\n<a class=\"synved-social-button synved-social-button-follow synved-social-size-48 synved-social-resolution-single synved-social-provider-facebook nolightbox\" data-provider=\"facebook\" target=\"_blank\" rel=\"nofollow\" title=\"Follow us on Facebook\" href=\"https:\/\/www.facebook.com\/tudisol\" style=\"font-size: 0px; width:48px;height:48px;margin:0;margin-bottom:5px;margin-right:5px;\"><img alt=\"Facebook\" title=\"Follow us on Facebook\" class=\"synved-share-image synved-social-image synved-social-image-follow\" width=\"48\" height=\"48\" style=\"display: inline; width:48px;height:48px; margin: 0; padding: 0; border: none; box-shadow: none;\" src=\"https:\/\/tudisol.pt\/fr\/wp-content\/plugins\/social-media-feather\/synved-social\/image\/social\/regular\/96x96\/facebook.png\" \/><\/a><a class=\"synved-social-button synved-social-button-follow synved-social-size-48 synved-social-resolution-single synved-social-provider-twitter nolightbox\" data-provider=\"twitter\" target=\"_blank\" rel=\"nofollow\" title=\"Follow us on Twitter\" href=\"https:\/\/twitter.com\/tudisol\" style=\"font-size: 0px; width:48px;height:48px;margin:0;margin-bottom:5px;\"><img alt=\"twitter\" title=\"Follow us on Twitter\" class=\"synved-share-image synved-social-image synved-social-image-follow\" width=\"48\" height=\"48\" style=\"display: inline; width:48px;height:48px; margin: 0; padding: 0; border: none; box-shadow: none;\" src=\"https:\/\/tudisol.pt\/fr\/wp-content\/plugins\/social-media-feather\/synved-social\/image\/social\/regular\/96x96\/twitter.png\" \/><\/a><a class=\"synved-social-credit\" target=\"_blank\" rel=\"nofollow\" title=\"WordPress Social Media Feather\" href=\"http:\/\/synved.com\/wordpress-social-media-feather\/\" style=\"color:#444; text-decoration:none; font-size:8px; margin-left:5px;vertical-align:10px;white-space:nowrap;\"><span>by <\/span><img style=\"display: inline;margin:0;padding:0;width:16px;height:16px;\" width=\"16\" height=\"16\" alt=\"feather\" src=\"https:\/\/tudisol.pt\/fr\/wp-content\/plugins\/social-media-feather\/synved-social\/image\/icon.png\" \/><\/a>","protected":false},"excerpt":{"rendered":"<p>Tudisol est une soci\u00e9t\u00e9 qui op\u00e8re dans le domaine de l\u2019isolation thermique et acoustique, de pr\u00e9f\u00e9rence dans l\u2019aspect industriel, y compris son activit\u00e9 la fabrication et \/ ou l\u2019assemblage des diff\u00e9rents syst\u00e8mes n\u00e9cessaires pour les isolations mentionn\u00e9es. Tout au long de ces 33 ann\u00e9es de travail a d\u00e9velopp\u00e9 une culture de proximit\u00e9 avec les employ\u00e9s, &hellip; <\/p>\n<p class=\"link-more\"><a href=\"https:\/\/tudisol.pt\/fr\/?page_id=286\" class=\"more-link\">Continuar a ler <span class=\"screen-reader-text\">&#8220;Code D&#8217;\u00e9thique Tudisol&#8221;<\/span><\/a><\/p>\n","protected":false},"author":1,"featured_media":0,"parent":0,"menu_order":0,"comment_status":"closed","ping_status":"closed","template":"","meta":[],"_links":{"self":[{"href":"https:\/\/tudisol.pt\/fr\/index.php?rest_route=\/wp\/v2\/pages\/286"}],"collection":[{"href":"https:\/\/tudisol.pt\/fr\/index.php?rest_route=\/wp\/v2\/pages"}],"about":[{"href":"https:\/\/tudisol.pt\/fr\/index.php?rest_route=\/wp\/v2\/types\/page"}],"author":[{"embeddable":true,"href":"https:\/\/tudisol.pt\/fr\/index.php?rest_route=\/wp\/v2\/users\/1"}],"replies":[{"embeddable":true,"href":"https:\/\/tudisol.pt\/fr\/index.php?rest_route=%2Fwp%2Fv2%2Fcomments&post=286"}],"version-history":[{"count":1,"href":"https:\/\/tudisol.pt\/fr\/index.php?rest_route=\/wp\/v2\/pages\/286\/revisions"}],"predecessor-version":[{"id":287,"href":"https:\/\/tudisol.pt\/fr\/index.php?rest_route=\/wp\/v2\/pages\/286\/revisions\/287"}],"wp:attachment":[{"href":"https:\/\/tudisol.pt\/fr\/index.php?rest_route=%2Fwp%2Fv2%2Fmedia&parent=286"}],"curies":[{"name":"wp","href":"https:\/\/api.w.org\/{rel}","templated":true}]}}