{"id":281,"date":"2021-03-02T15:44:53","date_gmt":"2021-03-02T15:44:53","guid":{"rendered":"http:\/\/tudisol.pt\/fr\/?page_id=281"},"modified":"2021-03-02T15:46:52","modified_gmt":"2021-03-02T15:46:52","slug":"politique-de-qualite-securite-sante-et-environnement","status":"publish","type":"page","link":"https:\/\/tudisol.pt\/fr\/?page_id=281","title":{"rendered":"Politique de Qualit\u00e9, S\u00e9curit\u00e9, Sant\u00e9 et Environnement"},"content":{"rendered":"\n<figure class=\"wp-block-image size-full\"><a href=\"https:\/\/tudisol.pt\/pt\/wp-content\/uploads\/2021\/01\/01-5.png\"><img src=\"https:\/\/tudisol.pt\/pt\/wp-content\/uploads\/2021\/01\/01-5.png\" alt=\"\" class=\"wp-image-312\"\/><\/a><\/figure>\n\n\n\n<p>Tudisol, Lda., dans l\u2019accomplissement de sa mission en particulier de service dans l\u2019industrie, et la construction civile dans le secteur de l\u2019isolation thermique et acoustique, s\u2019engage \u00e0 la d\u00e9fense et la promotion des principes de d\u00e9veloppement durable, cherchant \u00e0 cr\u00e9er une valeur ajout\u00e9e pour ses clients en ce qui concerne le confort thermique et acoustique.<\/p>\n\n\n\n<p>La direction de Tudisol, Lda. S\u2019engage \u00e0 adopter un mod\u00e8le de gestion \u00e9thique et socialement responsable, cherchant \u00e0 prendre en compte dans ses d\u00e9cisions, de mani\u00e8re \u00e9quilibr\u00e9e, les aspects \u00e9conomiques, sociaux et de pr\u00e9servation de l\u2019environnement.<\/p>\n\n\n\n<p>Nous sommes conscients que le succ\u00e8s de l\u2019entreprise est l\u2019engagement de maintenir les quatre piliers qui sont :<\/p>\n\n\n\n<p><strong><strong>ENVIRONNEMENT<\/strong><br><strong>SANT\u00c9<\/strong><br><strong>S\u00c9CURIT\u00c9<\/strong><br><strong>QUALIT\u00c9<\/strong><\/strong><\/p>\n\n\n\n<p>Conform\u00e9ment \u00e0 ces lignes directrices et dans le cadre des syst\u00e8mes de gestion de la qualit\u00e9, de la s\u00e9curit\u00e9 sanitaire au travail et de l\u2019environnement, Tudisol Lda Management s\u2019engage \u00e0:<\/p>\n\n\n\n<p>Conna\u00eetre nos responsabilit\u00e9s envers les clients, les employ\u00e9s, la soci\u00e9t\u00e9 et l\u2019environnement ; signifie accorder le plus haut niveau d\u2019importance aux questions relatives \u00e0 la qualit\u00e9, \u00e0 la s\u00e9curit\u00e9, \u00e0 la sant\u00e9 et \u00e0 l\u2019environnement.<\/p>\n\n\n\n<p>Assurer le respect de la l\u00e9gislation, des r\u00e8glements et des exigences en vigueur applicables \u00e0 ses activit\u00e9s ainsi qu\u2019\u00e0 d\u2019autres auxquelles elle adh\u00e8re volontairement ; veiller \u00e0 ce que les aspects pertinents de la qualit\u00e9, de la s\u00e9curit\u00e9 au travail et de l\u2019environnement soient syst\u00e9matiquement pris en compte;<\/p>\n\n\n\n<p>Pr\u00e9venir, par tous les moyens, la survenue d\u2019accidents graves impliquant des accidents du travail et des maladies professionnelles, afin d\u2019assurer et de maintenir des normes \u00e9lev\u00e9es de rendement en mati\u00e8re de s\u00e9curit\u00e9 et de sant\u00e9 au travail ; ont comme <strong>objectif minimum <u>0 <\/u>accidents.<\/strong><\/p>\n\n\n\n<p>Minimiser les impacts environnementaux d\u00e9coulant de ses activit\u00e9s, promouvoir l\u2019utilisation rationnelle des ressources naturelles, la pr\u00e9vention de la pollution et le soutien au d\u00e9veloppement du recyclage et de l\u2019utilisation des mat\u00e9riaux us\u00e9s.<\/p>\n\n\n\n<p>Faire la promotion d\u2019actions responsables et durables, l\u2019int\u00e9gration active de tous les employ\u00e9s, ainsi que le dialogue ouvert sont les conditions fondamentales de la r\u00e9ussite mutuelle. Gr\u00e2ce \u00e0 l\u2019am\u00e9lioration continue, nous d\u00e9veloppons davantage nos normes et les accommodons \u00e0 la connaissance de tous les employ\u00e9s.<\/p>\n\n\n\n<p>Faire la promotion du perfectionnement professionnel de ses employ\u00e9s, en assurant l\u2019ad\u00e9quation de leurs comp\u00e9tences aux fonctions qu\u2019ils ex\u00e9cutent;<\/p>\n\n\n\n<p>D\u00e9velopper et maintenir des syst\u00e8mes de gestion de la qualit\u00e9, de la s\u00e9curit\u00e9, de la sant\u00e9 et de l\u2019environnement \u00e0 jour.<\/p>\n\n\n\n<p>\u00c9tablir dans ces aspects, et en conformit\u00e9 avec le principe de l\u2019am\u00e9lioration continue, des objectifs d\u2019am\u00e9lioration. \u00c9valuer les r\u00e9sultats obtenus en vue d\u2019am\u00e9liorer l\u2019efficacit\u00e9 des syst\u00e8mes, en introduisant, chaque fois qu\u2019ils le jugent appropri\u00e9, les mesures correctives n\u00e9cessaires;<\/p>\n\n\n\n<p>Communiquer, par diff\u00e9rents canaux de communication disponibles, dont se distingue le site Tudisol et la formation et l\u2019information r\u00e9alis\u00e9es mensuellement \u00e0 nos collaborateurs dans diff\u00e9rents contextes de travail.<\/p>\n\n\n\n<p>Impliquer, conform\u00e9ment aux principes et engagements mentionn\u00e9s ci-dessus, non seulement tous les employ\u00e9s de l\u2019entreprise, mais aussi les fournisseurs et fournisseurs de services qui, avec Tudisol, Lda. Coop\u00e8rent dans les diff\u00e9rents aspects de la relation sociale et commerciale avec l\u2019entreprise.<\/p>\n<a class=\"synved-social-button synved-social-button-follow synved-social-size-48 synved-social-resolution-single synved-social-provider-facebook nolightbox\" data-provider=\"facebook\" target=\"_blank\" rel=\"nofollow\" title=\"Follow us on Facebook\" href=\"https:\/\/www.facebook.com\/tudisol\" style=\"font-size: 0px; width:48px;height:48px;margin:0;margin-bottom:5px;margin-right:5px;\"><img alt=\"Facebook\" title=\"Follow us on Facebook\" class=\"synved-share-image synved-social-image synved-social-image-follow\" width=\"48\" height=\"48\" style=\"display: inline; width:48px;height:48px; margin: 0; padding: 0; border: none; box-shadow: none;\" src=\"https:\/\/tudisol.pt\/fr\/wp-content\/plugins\/social-media-feather\/synved-social\/image\/social\/regular\/96x96\/facebook.png\" \/><\/a><a class=\"synved-social-button synved-social-button-follow synved-social-size-48 synved-social-resolution-single synved-social-provider-twitter nolightbox\" data-provider=\"twitter\" target=\"_blank\" rel=\"nofollow\" title=\"Follow us on Twitter\" href=\"https:\/\/twitter.com\/tudisol\" style=\"font-size: 0px; width:48px;height:48px;margin:0;margin-bottom:5px;\"><img alt=\"twitter\" title=\"Follow us on Twitter\" class=\"synved-share-image synved-social-image synved-social-image-follow\" width=\"48\" height=\"48\" style=\"display: inline; width:48px;height:48px; margin: 0; padding: 0; border: none; box-shadow: none;\" src=\"https:\/\/tudisol.pt\/fr\/wp-content\/plugins\/social-media-feather\/synved-social\/image\/social\/regular\/96x96\/twitter.png\" \/><\/a><a class=\"synved-social-credit\" target=\"_blank\" rel=\"nofollow\" title=\"WordPress Social Media Feather\" href=\"http:\/\/synved.com\/wordpress-social-media-feather\/\" style=\"color:#444; text-decoration:none; font-size:8px; margin-left:5px;vertical-align:10px;white-space:nowrap;\"><span>by <\/span><img style=\"display: inline;margin:0;padding:0;width:16px;height:16px;\" width=\"16\" height=\"16\" alt=\"feather\" src=\"https:\/\/tudisol.pt\/fr\/wp-content\/plugins\/social-media-feather\/synved-social\/image\/icon.png\" \/><\/a>","protected":false},"excerpt":{"rendered":"<p>Tudisol, Lda., dans l\u2019accomplissement de sa mission en particulier de service dans l\u2019industrie, et la construction civile dans le secteur de l\u2019isolation thermique et acoustique, s\u2019engage \u00e0 la d\u00e9fense et la promotion des principes de d\u00e9veloppement durable, cherchant \u00e0 cr\u00e9er une valeur ajout\u00e9e pour ses clients en ce qui concerne le confort thermique et acoustique. &hellip; <\/p>\n<p class=\"link-more\"><a href=\"https:\/\/tudisol.pt\/fr\/?page_id=281\" class=\"more-link\">Continuar a ler <span class=\"screen-reader-text\">&#8220;Politique de Qualit\u00e9, S\u00e9curit\u00e9, Sant\u00e9 et Environnement&#8221;<\/span><\/a><\/p>\n","protected":false},"author":1,"featured_media":0,"parent":0,"menu_order":0,"comment_status":"closed","ping_status":"closed","template":"","meta":[],"_links":{"self":[{"href":"https:\/\/tudisol.pt\/fr\/index.php?rest_route=\/wp\/v2\/pages\/281"}],"collection":[{"href":"https:\/\/tudisol.pt\/fr\/index.php?rest_route=\/wp\/v2\/pages"}],"about":[{"href":"https:\/\/tudisol.pt\/fr\/index.php?rest_route=\/wp\/v2\/types\/page"}],"author":[{"embeddable":true,"href":"https:\/\/tudisol.pt\/fr\/index.php?rest_route=\/wp\/v2\/users\/1"}],"replies":[{"embeddable":true,"href":"https:\/\/tudisol.pt\/fr\/index.php?rest_route=%2Fwp%2Fv2%2Fcomments&post=281"}],"version-history":[{"count":3,"href":"https:\/\/tudisol.pt\/fr\/index.php?rest_route=\/wp\/v2\/pages\/281\/revisions"}],"predecessor-version":[{"id":285,"href":"https:\/\/tudisol.pt\/fr\/index.php?rest_route=\/wp\/v2\/pages\/281\/revisions\/285"}],"wp:attachment":[{"href":"https:\/\/tudisol.pt\/fr\/index.php?rest_route=%2Fwp%2Fv2%2Fmedia&parent=281"}],"curies":[{"name":"wp","href":"https:\/\/api.w.org\/{rel}","templated":true}]}}