{"id":279,"date":"2021-03-02T15:32:28","date_gmt":"2021-03-02T15:32:28","guid":{"rendered":"http:\/\/tudisol.pt\/fr\/?page_id=279"},"modified":"2021-03-02T15:32:28","modified_gmt":"2021-03-02T15:32:28","slug":"tudisol-mission","status":"publish","type":"page","link":"https:\/\/tudisol.pt\/fr\/?page_id=279","title":{"rendered":"Tudisol Mission"},"content":{"rendered":"\n<figure class=\"wp-block-image size-full\"><a href=\"https:\/\/tudisol.pt\/pt\/wp-content\/uploads\/2021\/01\/Mission-1.png\"><img src=\"https:\/\/tudisol.pt\/pt\/wp-content\/uploads\/2021\/01\/Mission-1.png\" alt=\"\" class=\"wp-image-309\"\/><\/a><\/figure>\n\n\n\n<p>Notre mission est d\u2019effectuer des travaux d\u2019isolation thermique et acoustique qui permettent aux utilisateurs des \u00e9conomies d\u2019\u00e9nergie, la protection des personnes en ce qui concerne les accidents dus aux br\u00fblures et aussi leur bien-\u00eatre att\u00e9nuant l\u2019impact des \u00e9missions sonores.<\/p>\n\n\n\n<p>Profitant de ses connaissances dans le secteur, Tudisol, Lda vend \u00e9galement des mat\u00e9riaux applicables \u00e0 l\u2019ex\u00e9cution d\u2019isolants. Dans tous les produits qu\u2019elle vend et dans les installations qu\u2019elle r\u00e9alise, Tudisol, Lda privil\u00e9gie la qualit\u00e9 pour r\u00e9pondre aux besoins et aux attentes du client, en gagnant sa pr\u00e9f\u00e9rence et en \u00e9largissant sa position sur le march\u00e9, offrant \u00e0 ses partenaires une rentabilit\u00e9 attractive de capital investi.<\/p>\n\n\n\n<p>Impliquer, dans le respect des principes et des engagements mentionn\u00e9s ci-dessus, non seulement tous les employ\u00e9s de l\u2019entreprise, mais aussi les fournisseurs et les fournisseurs de services qui, avec Tudisol, Lda. Coop\u00e9rer dans les diff\u00e9rents aspects de la relation sociale et commerciale avec l\u2019entreprise.<\/p>\n\n\n\n<p><\/p>\n<a class=\"synved-social-button synved-social-button-follow synved-social-size-48 synved-social-resolution-single synved-social-provider-facebook nolightbox\" data-provider=\"facebook\" target=\"_blank\" rel=\"nofollow\" title=\"Follow us on Facebook\" href=\"https:\/\/www.facebook.com\/tudisol\" style=\"font-size: 0px; width:48px;height:48px;margin:0;margin-bottom:5px;margin-right:5px;\"><img alt=\"Facebook\" title=\"Follow us on Facebook\" class=\"synved-share-image synved-social-image synved-social-image-follow\" width=\"48\" height=\"48\" style=\"display: inline; width:48px;height:48px; margin: 0; padding: 0; border: none; box-shadow: none;\" src=\"https:\/\/tudisol.pt\/fr\/wp-content\/plugins\/social-media-feather\/synved-social\/image\/social\/regular\/96x96\/facebook.png\" \/><\/a><a class=\"synved-social-button synved-social-button-follow synved-social-size-48 synved-social-resolution-single synved-social-provider-twitter nolightbox\" data-provider=\"twitter\" target=\"_blank\" rel=\"nofollow\" title=\"Follow us on Twitter\" href=\"https:\/\/twitter.com\/tudisol\" style=\"font-size: 0px; width:48px;height:48px;margin:0;margin-bottom:5px;\"><img alt=\"twitter\" title=\"Follow us on Twitter\" class=\"synved-share-image synved-social-image synved-social-image-follow\" width=\"48\" height=\"48\" style=\"display: inline; width:48px;height:48px; margin: 0; padding: 0; border: none; box-shadow: none;\" src=\"https:\/\/tudisol.pt\/fr\/wp-content\/plugins\/social-media-feather\/synved-social\/image\/social\/regular\/96x96\/twitter.png\" \/><\/a><a class=\"synved-social-credit\" target=\"_blank\" rel=\"nofollow\" title=\"WordPress Social Media Feather\" href=\"http:\/\/synved.com\/wordpress-social-media-feather\/\" style=\"color:#444; text-decoration:none; font-size:8px; margin-left:5px;vertical-align:10px;white-space:nowrap;\"><span>by <\/span><img style=\"display: inline;margin:0;padding:0;width:16px;height:16px;\" width=\"16\" height=\"16\" alt=\"feather\" src=\"https:\/\/tudisol.pt\/fr\/wp-content\/plugins\/social-media-feather\/synved-social\/image\/icon.png\" \/><\/a>","protected":false},"excerpt":{"rendered":"<p>Notre mission est d\u2019effectuer des travaux d\u2019isolation thermique et acoustique qui permettent aux utilisateurs des \u00e9conomies d\u2019\u00e9nergie, la protection des personnes en ce qui concerne les accidents dus aux br\u00fblures et aussi leur bien-\u00eatre att\u00e9nuant l\u2019impact des \u00e9missions sonores. Profitant de ses connaissances dans le secteur, Tudisol, Lda vend \u00e9galement des mat\u00e9riaux applicables \u00e0 l\u2019ex\u00e9cution &hellip; <\/p>\n<p class=\"link-more\"><a href=\"https:\/\/tudisol.pt\/fr\/?page_id=279\" class=\"more-link\">Continuar a ler <span class=\"screen-reader-text\">&#8220;Tudisol Mission&#8221;<\/span><\/a><\/p>\n","protected":false},"author":1,"featured_media":0,"parent":0,"menu_order":0,"comment_status":"closed","ping_status":"closed","template":"","meta":[],"_links":{"self":[{"href":"https:\/\/tudisol.pt\/fr\/index.php?rest_route=\/wp\/v2\/pages\/279"}],"collection":[{"href":"https:\/\/tudisol.pt\/fr\/index.php?rest_route=\/wp\/v2\/pages"}],"about":[{"href":"https:\/\/tudisol.pt\/fr\/index.php?rest_route=\/wp\/v2\/types\/page"}],"author":[{"embeddable":true,"href":"https:\/\/tudisol.pt\/fr\/index.php?rest_route=\/wp\/v2\/users\/1"}],"replies":[{"embeddable":true,"href":"https:\/\/tudisol.pt\/fr\/index.php?rest_route=%2Fwp%2Fv2%2Fcomments&post=279"}],"version-history":[{"count":1,"href":"https:\/\/tudisol.pt\/fr\/index.php?rest_route=\/wp\/v2\/pages\/279\/revisions"}],"predecessor-version":[{"id":280,"href":"https:\/\/tudisol.pt\/fr\/index.php?rest_route=\/wp\/v2\/pages\/279\/revisions\/280"}],"wp:attachment":[{"href":"https:\/\/tudisol.pt\/fr\/index.php?rest_route=%2Fwp%2Fv2%2Fmedia&parent=279"}],"curies":[{"name":"wp","href":"https:\/\/api.w.org\/{rel}","templated":true}]}}