{"id":274,"date":"2021-02-23T14:11:58","date_gmt":"2021-02-23T14:11:58","guid":{"rendered":"http:\/\/tudisol.pt\/fr\/?page_id=274"},"modified":"2021-02-23T14:11:58","modified_gmt":"2021-02-23T14:11:58","slug":"qui-nous-sommes","status":"publish","type":"page","link":"https:\/\/tudisol.pt\/fr\/","title":{"rendered":"Qui nous sommes"},"content":{"rendered":"\n<figure class=\"wp-block-image size-full\"><img src=\"https:\/\/tudisol.pt\/pt\/wp-content\/uploads\/2021\/01\/C1V3.png\" alt=\"\" class=\"wp-image-271\"\/><\/figure>\n\n\n\n<p>En 1987 Tudisol lda a vu sa naissance et se consacre \u00e0 la vente, fabrication et installation de tous types d\u2019isolant thermique et acoustique.<\/p>\n\n\n\n<p>Commence \u00e0 p\u00e9n\u00e9trer le march\u00e9 au Portugal l\u2019ann\u00e9e suivante, avec 5 \u00e9l\u00e9ments.<br>La responsabilit\u00e9 de cette soci\u00e9t\u00e9 est en charge de personnel ayant une longue exp\u00e9rience dans ce secteur au Portugal depuis les ann\u00e9es 70 nous couvrons tout le pays les iles A\u00e7ores e Madeira ainsi que la p\u00e9ninsule Ib\u00e9rique.<\/p>\n\n\n\n<p>Nous sommes reconnus par nos clients et fournisseurs. Nous croyons que le futur passe par un projet d\u2019am\u00e9lioration continu des conditions qualit\u00e9 de s\u00e9curit\u00e9, et d\u00b4environnement avec tous nos clients et fournisseurs. Nous sommes convaincus que le d\u00e9veloppement de notre et de toutes les entreprises passe pour l\u2019am\u00e9lioration continue de ces trois facteurs.<\/p>\n\n\n\n<p>La soci\u00e9t\u00e9 et Portugaise et a la m\u00eame et l\u00b4administration est la m\u00eame depuis le d\u00e9but (ann\u00e9e 1987).<br>En ce moment la soci\u00e9t\u00e9 dispose en permanence d\u00b4environ 30 collaborateurs avec formation en permanence aux chantiers sur l\u00b4application des divers types d\u2019isolation. De cette mani\u00e8re nous garantissons \u00e0 nos clients la qualit\u00e9 et la s\u00e9curit\u00e9 de nos services.<\/p>\n\n\n\n<p>Pour sur planter la demande de nos clients, Nous avons pari\u00e9 sur l\u00b4am\u00e9lioration continue, avec des investissements dans les installations et la technologie..<\/p>\n\n\n\n<p>Les installations industrielles sont situ\u00e9es \u00e0 Sines, sont constitu\u00e9s par un magasin industriel de 600m 2 et Bureau-150 m 2. Nous vendons et appliquons la gamme compl\u00e8te de tous les mat\u00e9riaux et avons la main de \u0153uvre sp\u00e9cialis\u00e9e dans les divers types d\u2019isolants, acoustiques et thermiques \u00e0 des temp\u00e9ratures positives ou n\u00e9gatives.<\/p>\n\n\n\n<div class=\"wp-block-group\"><div class=\"wp-block-group__inner-container\">\n<div style=\"height:100px\" aria-hidden=\"true\" class=\"wp-block-spacer\"><\/div>\n<\/div><\/div>\n\n\n\n<div class=\"wp-block-group\"><div class=\"wp-block-group__inner-container\">\n<div class=\"wp-block-group\"><div class=\"wp-block-group__inner-container\">\n<div class=\"wp-block-group\"><div class=\"wp-block-group__inner-container\">\n<div class=\"wp-block-columns\">\n<div class=\"wp-block-column\" style=\"flex-basis:100%\">\n<div class=\"wp-block-columns\">\n<div class=\"wp-block-column\">\n<figure class=\"wp-block-image size-large is-resized\"><a href=\"https:\/\/tudisol.pt\/pt\/wp-content\/uploads\/2014\/05\/AL61115vrs9.pdf\"><img loading=\"lazy\" src=\"https:\/\/tudisol.pt\/pt\/wp-content\/uploads\/2021\/01\/01.png\" alt=\"\" class=\"wp-image-278\" width=\"184\" height=\"143\"\/><\/a><\/figure>\n<\/div>\n\n\n\n<div class=\"wp-block-column\">\n<figure class=\"wp-block-image size-large is-resized\"><a href=\"https:\/\/tudisol.pt\/media\/EIC_CERT-TUDISOL%20E-5131.PDF\"><img loading=\"lazy\" src=\"https:\/\/tudisol.pt\/pt\/wp-content\/uploads\/2021\/01\/02.png\" alt=\"\" class=\"wp-image-279\" width=\"184\" height=\"274\"\/><\/a><\/figure>\n<\/div>\n\n\n\n<div class=\"wp-block-column\">\n<figure class=\"wp-block-image size-large is-resized\"><a href=\"https:\/\/tudisol.pt\/media\/Tudisol_Diploma_PME_Lider_2020.pdf\"><img loading=\"lazy\" src=\"https:\/\/tudisol.pt\/pt\/wp-content\/uploads\/2021\/01\/03.png\" alt=\"\" class=\"wp-image-280\" width=\"184\" height=\"215\"\/><\/a><\/figure>\n<\/div>\n<\/div>\n<\/div>\n<\/div>\n<\/div><\/div>\n<\/div><\/div>\n\n\n\n<p><\/p>\n<\/div><\/div>\n\n\n\n<p><\/p>\n<a class=\"synved-social-button synved-social-button-follow synved-social-size-48 synved-social-resolution-single synved-social-provider-facebook nolightbox\" data-provider=\"facebook\" target=\"_blank\" rel=\"nofollow\" title=\"Follow us on Facebook\" href=\"https:\/\/www.facebook.com\/tudisol\" style=\"font-size: 0px; width:48px;height:48px;margin:0;margin-bottom:5px;margin-right:5px;\"><img alt=\"Facebook\" title=\"Follow us on Facebook\" class=\"synved-share-image synved-social-image synved-social-image-follow\" width=\"48\" height=\"48\" style=\"display: inline; width:48px;height:48px; margin: 0; padding: 0; border: none; box-shadow: none;\" src=\"https:\/\/tudisol.pt\/fr\/wp-content\/plugins\/social-media-feather\/synved-social\/image\/social\/regular\/96x96\/facebook.png\" \/><\/a><a class=\"synved-social-button synved-social-button-follow synved-social-size-48 synved-social-resolution-single synved-social-provider-twitter nolightbox\" data-provider=\"twitter\" target=\"_blank\" rel=\"nofollow\" title=\"Follow us on Twitter\" href=\"https:\/\/twitter.com\/tudisol\" style=\"font-size: 0px; width:48px;height:48px;margin:0;margin-bottom:5px;\"><img alt=\"twitter\" title=\"Follow us on Twitter\" class=\"synved-share-image synved-social-image synved-social-image-follow\" width=\"48\" height=\"48\" style=\"display: inline; width:48px;height:48px; margin: 0; padding: 0; border: none; box-shadow: none;\" src=\"https:\/\/tudisol.pt\/fr\/wp-content\/plugins\/social-media-feather\/synved-social\/image\/social\/regular\/96x96\/twitter.png\" \/><\/a><a class=\"synved-social-credit\" target=\"_blank\" rel=\"nofollow\" title=\"WordPress Social Media Feather\" href=\"http:\/\/synved.com\/wordpress-social-media-feather\/\" style=\"color:#444; text-decoration:none; font-size:8px; margin-left:5px;vertical-align:10px;white-space:nowrap;\"><span>by <\/span><img style=\"display: inline;margin:0;padding:0;width:16px;height:16px;\" width=\"16\" height=\"16\" alt=\"feather\" src=\"https:\/\/tudisol.pt\/fr\/wp-content\/plugins\/social-media-feather\/synved-social\/image\/icon.png\" \/><\/a>","protected":false},"excerpt":{"rendered":"<p>En 1987 Tudisol lda a vu sa naissance et se consacre \u00e0 la vente, fabrication et installation de tous types d\u2019isolant thermique et acoustique. Commence \u00e0 p\u00e9n\u00e9trer le march\u00e9 au Portugal l\u2019ann\u00e9e suivante, avec 5 \u00e9l\u00e9ments.La responsabilit\u00e9 de cette soci\u00e9t\u00e9 est en charge de personnel ayant une longue exp\u00e9rience dans ce secteur au Portugal depuis &hellip; <\/p>\n<p class=\"link-more\"><a href=\"https:\/\/tudisol.pt\/fr\/\" class=\"more-link\">Continuar a ler <span class=\"screen-reader-text\">&#8220;Qui nous sommes&#8221;<\/span><\/a><\/p>\n","protected":false},"author":1,"featured_media":0,"parent":0,"menu_order":0,"comment_status":"closed","ping_status":"closed","template":"","meta":[],"_links":{"self":[{"href":"https:\/\/tudisol.pt\/fr\/index.php?rest_route=\/wp\/v2\/pages\/274"}],"collection":[{"href":"https:\/\/tudisol.pt\/fr\/index.php?rest_route=\/wp\/v2\/pages"}],"about":[{"href":"https:\/\/tudisol.pt\/fr\/index.php?rest_route=\/wp\/v2\/types\/page"}],"author":[{"embeddable":true,"href":"https:\/\/tudisol.pt\/fr\/index.php?rest_route=\/wp\/v2\/users\/1"}],"replies":[{"embeddable":true,"href":"https:\/\/tudisol.pt\/fr\/index.php?rest_route=%2Fwp%2Fv2%2Fcomments&post=274"}],"version-history":[{"count":1,"href":"https:\/\/tudisol.pt\/fr\/index.php?rest_route=\/wp\/v2\/pages\/274\/revisions"}],"predecessor-version":[{"id":275,"href":"https:\/\/tudisol.pt\/fr\/index.php?rest_route=\/wp\/v2\/pages\/274\/revisions\/275"}],"wp:attachment":[{"href":"https:\/\/tudisol.pt\/fr\/index.php?rest_route=%2Fwp%2Fv2%2Fmedia&parent=274"}],"curies":[{"name":"wp","href":"https:\/\/api.w.org\/{rel}","templated":true}]}}