{"id":25,"date":"2014-05-07T14:07:30","date_gmt":"2014-05-07T14:07:30","guid":{"rendered":"http:\/\/tudisol.pt\/fr\/?page_id=25"},"modified":"2014-07-24T13:42:43","modified_gmt":"2014-07-24T13:42:43","slug":"servicos","status":"publish","type":"page","link":"https:\/\/tudisol.pt\/fr\/?page_id=25","title":{"rendered":"Services"},"content":{"rendered":"<p><img loading=\"lazy\" class=\"aligncenter wp-image-123 size-full\" src=\"http:\/\/tudisol.pt\/fr\/wp-content\/uploads\/2014\/05\/servicos.png\" alt=\"servicos\" width=\"3901\" height=\"697\" srcset=\"https:\/\/tudisol.pt\/fr\/wp-content\/uploads\/2014\/05\/servicos.png 3901w, https:\/\/tudisol.pt\/fr\/wp-content\/uploads\/2014\/05\/servicos-300x53.png 300w, https:\/\/tudisol.pt\/fr\/wp-content\/uploads\/2014\/05\/servicos-1024x182.png 1024w\" sizes=\"(max-width: 706px) 89vw, (max-width: 767px) 82vw, 740px\" \/><\/p>\n<h2 class=\"western\" lang=\"en-GB\" align=\"justify\"><strong><span lang=\"pt-PT\">Ce que nous faisons<\/span><\/strong><\/h2>\n<p class=\"western\" align=\"justify\">Tudisol lda est sp\u00e9cialis\u00e9e dans l&#8217;isolation industrielle thermique et acoustique.<\/p>\n<p class=\"western\" align=\"justify\">Nous garantissons un service de qualit\u00e9 et accompagnons nos clients d\u00e8s le projet jusqu&#8217;\u00e0 la conclusion des travaux.<\/p>\n<h4 class=\"western\" align=\"justify\"><b>Isolation thermiqueo.<\/b><\/h4>\n<p class=\"western\" lang=\"en-GB\" align=\"justify\">Fabrication sp\u00e9cialis\u00e9e et installation de tous les types ou de syst\u00e8mes d&#8217;isolation en conformit\u00e9 avec les normes de qualit\u00e9, de s\u00e9curit\u00e9, et de pr\u00e9servation de l\u00b4ambiance. Notre atelier et personnel sont \u00e9quip\u00e9s de forme \u00e0 garantir la qualit\u00e9 et la rapidit\u00e9 de l&#8217;ex\u00e9cution.<\/p>\n<h4 class=\"western\" align=\"justify\"><b>Isolation acoustique.<\/b><\/h4>\n<p class=\"western\" lang=\"en-GB\" align=\"justify\">Le bruit peut faire des dommages \u00e0 la sant\u00e9, dans certains cas il est d\u00e9termin\u00e9 par les lois locales.<br \/>\nNous avons des techniciens pour mesurer et s\u00e9lectionner le type d&#8217;isolement ajust\u00e9 \u00e0 placer sur chantier de forme \u00e0 r\u00e9duire ou supprimer la nocivit\u00e9 du bruit.<\/p>\n<a class=\"synved-social-button synved-social-button-follow synved-social-size-48 synved-social-resolution-single synved-social-provider-facebook nolightbox\" data-provider=\"facebook\" target=\"_blank\" rel=\"nofollow\" title=\"Follow us on Facebook\" href=\"https:\/\/www.facebook.com\/tudisol\" style=\"font-size: 0px; width:48px;height:48px;margin:0;margin-bottom:5px;margin-right:5px;\"><img alt=\"Facebook\" title=\"Follow us on Facebook\" class=\"synved-share-image synved-social-image synved-social-image-follow\" width=\"48\" height=\"48\" style=\"display: inline; width:48px;height:48px; margin: 0; padding: 0; border: none; box-shadow: none;\" src=\"https:\/\/tudisol.pt\/fr\/wp-content\/plugins\/social-media-feather\/synved-social\/image\/social\/regular\/96x96\/facebook.png\" \/><\/a><a class=\"synved-social-button synved-social-button-follow synved-social-size-48 synved-social-resolution-single synved-social-provider-twitter nolightbox\" data-provider=\"twitter\" target=\"_blank\" rel=\"nofollow\" title=\"Follow us on Twitter\" href=\"https:\/\/twitter.com\/tudisol\" style=\"font-size: 0px; width:48px;height:48px;margin:0;margin-bottom:5px;\"><img alt=\"twitter\" title=\"Follow us on Twitter\" class=\"synved-share-image synved-social-image synved-social-image-follow\" width=\"48\" height=\"48\" style=\"display: inline; width:48px;height:48px; margin: 0; padding: 0; border: none; box-shadow: none;\" src=\"https:\/\/tudisol.pt\/fr\/wp-content\/plugins\/social-media-feather\/synved-social\/image\/social\/regular\/96x96\/twitter.png\" \/><\/a><a class=\"synved-social-credit\" target=\"_blank\" rel=\"nofollow\" title=\"WordPress Social Media Feather\" href=\"http:\/\/synved.com\/wordpress-social-media-feather\/\" style=\"color:#444; text-decoration:none; font-size:8px; margin-left:5px;vertical-align:10px;white-space:nowrap;\"><span>by <\/span><img style=\"display: inline;margin:0;padding:0;width:16px;height:16px;\" width=\"16\" height=\"16\" alt=\"feather\" src=\"https:\/\/tudisol.pt\/fr\/wp-content\/plugins\/social-media-feather\/synved-social\/image\/icon.png\" \/><\/a>","protected":false},"excerpt":{"rendered":"<p>Ce que nous faisons Tudisol lda est sp\u00e9cialis\u00e9e dans l&#8217;isolation industrielle thermique et acoustique. Nous garantissons un service de qualit\u00e9 et accompagnons nos clients d\u00e8s le projet jusqu&#8217;\u00e0 la conclusion des travaux. Isolation thermiqueo. Fabrication sp\u00e9cialis\u00e9e et installation de tous les types ou de syst\u00e8mes d&#8217;isolation en conformit\u00e9 avec les normes de qualit\u00e9, de s\u00e9curit\u00e9, &hellip; <\/p>\n<p class=\"link-more\"><a href=\"https:\/\/tudisol.pt\/fr\/?page_id=25\" class=\"more-link\">Continuar a ler <span class=\"screen-reader-text\">&#8220;Services&#8221;<\/span><\/a><\/p>\n","protected":false},"author":1,"featured_media":0,"parent":0,"menu_order":0,"comment_status":"closed","ping_status":"closed","template":"","meta":[],"_links":{"self":[{"href":"https:\/\/tudisol.pt\/fr\/index.php?rest_route=\/wp\/v2\/pages\/25"}],"collection":[{"href":"https:\/\/tudisol.pt\/fr\/index.php?rest_route=\/wp\/v2\/pages"}],"about":[{"href":"https:\/\/tudisol.pt\/fr\/index.php?rest_route=\/wp\/v2\/types\/page"}],"author":[{"embeddable":true,"href":"https:\/\/tudisol.pt\/fr\/index.php?rest_route=\/wp\/v2\/users\/1"}],"replies":[{"embeddable":true,"href":"https:\/\/tudisol.pt\/fr\/index.php?rest_route=%2Fwp%2Fv2%2Fcomments&post=25"}],"version-history":[{"count":6,"href":"https:\/\/tudisol.pt\/fr\/index.php?rest_route=\/wp\/v2\/pages\/25\/revisions"}],"predecessor-version":[{"id":254,"href":"https:\/\/tudisol.pt\/fr\/index.php?rest_route=\/wp\/v2\/pages\/25\/revisions\/254"}],"wp:attachment":[{"href":"https:\/\/tudisol.pt\/fr\/index.php?rest_route=%2Fwp%2Fv2%2Fmedia&parent=25"}],"curies":[{"name":"wp","href":"https:\/\/api.w.org\/{rel}","templated":true}]}}