{"id":195,"date":"2014-06-25T13:40:50","date_gmt":"2014-06-25T13:40:50","guid":{"rendered":"http:\/\/tudisol.pt\/fr\/?page_id=195"},"modified":"2014-07-28T16:21:58","modified_gmt":"2014-07-28T16:21:58","slug":"principais-obras","status":"publish","type":"page","link":"https:\/\/tudisol.pt\/fr\/?page_id=195","title":{"rendered":"Les grands travaux"},"content":{"rendered":"<p><img loading=\"lazy\" class=\"aligncenter wp-image-196 size-full\" src=\"http:\/\/tudisol.pt\/fr\/wp-content\/uploads\/2014\/06\/DSC00031.png\" alt=\"DSC00031\" width=\"1920\" height=\"343\" srcset=\"https:\/\/tudisol.pt\/fr\/wp-content\/uploads\/2014\/06\/DSC00031.png 1920w, https:\/\/tudisol.pt\/fr\/wp-content\/uploads\/2014\/06\/DSC00031-300x53.png 300w, https:\/\/tudisol.pt\/fr\/wp-content\/uploads\/2014\/06\/DSC00031-1024x182.png 1024w\" sizes=\"(max-width: 706px) 89vw, (max-width: 767px) 82vw, 740px\" \/><\/p>\n<p><strong>Copisa Projectos y Mantenimentos Industriais SA<\/strong>.<br \/>\nBarcelone &#8211; Espagne<br \/>\nExpansion de la raffinerie de Sines \u00a0\u2013 <strong>Petrogal S.A<\/strong><br \/>\nHydrocraker factory _ \u00e9quipement<br \/>\nFourniture et pose d&#8217;isolation thermique de divers \u00e9quipements (\u00e9changeurs, colonnes, cuves et r\u00e9acteurs) avec isolation thermique en laine de roche Rockwool avec une \u00e9paisseur variable de 30 \u00e0 200 mm.<br \/>\nTotal de l\u00b4isolation\u00a0: 10 200 m2 em diverses \u00e9paisseurs et finition en aluminium.<br \/>\nD\u00e9but des travaux : janvier 2010<br \/>\nFin : Septembre 2011.<\/p>\n<p><strong>Copisa Projectos y Mantenimentos Industriais SA.<\/strong><br \/>\nBarcelone &#8211; Espagne<br \/>\nExpansion de la raffinerie de Sines\u00a0\u2013 <strong>Petrogal S.A<\/strong><br \/>\nHydrocraker factory _ Tubages<br \/>\nIsolation avec laine de roche Rockwool et finition a aluminium de diverses tubages avec tra\u00e7eur de vapeur et \u00e9lectriques, tubages de vapeur de haute temp\u00e9rature et pression, et insolation pour protection personnel.<br \/>\nTotal du travail\u00a0: Environ 35 000 m\u00e8tres lin\u00e9aires de tubes de diff\u00e9rents diam\u00e8tres et \u00e9paisseurs d\u00b4isolation.<br \/>\nD\u00e9but des travaux : janvier 2010<br \/>\nFin : Septembre 2011.<\/p>\n<p>Entretien g\u00e9n\u00e9ral de l\u00b4isolation thermique de <strong>Repsol Polym\u00e8res<\/strong> au Complexe Industriel de Sines programm\u00e9 shut down de l\u00b4ann\u00e9e 2012:<\/p>\n<ul>\n<li>Froid- Ethyl\u00e8ne zone 3 &#8211; Divers \u00e9quipements froids avec mat\u00e9riaux d&#8217;isolation en Foamglass.<\/li>\n<li>Chaud- Intervention en divers \u00e9quipement et tuyauterie<\/li>\n<\/ul>\n<p>CUI 2012-Corrosion sous isolations. Entretien de l&#8217;isolation thermique de plusieurs tubages \u00e0 la raffinerie de <strong>Sines-Petrogal S.A<\/strong>.<\/p>\n<p>Entretien g\u00e9n\u00e9ral de l\u00b4isolation thermique de Petrogal S.A.au Complexe Industriel de Sines programm\u00e9 shut down de l\u00b4ann\u00e9e 2014:<\/p>\n<ul>\n<li>Chaud- Intervention en divers \u00e9quipement et tuyauterie<\/li>\n<\/ul>\n<p>Contrat de Services de r\u00e9paration pour CLT de l&#8217;isolation thermique d&#8217;\u00e9quipement et tubages du <strong>terminal du port de Sines<\/strong> de 2009 \u00e0 2012.<\/p>\n<p>Entretien g\u00e9n\u00e9ral de l\u00b4isolation thermique de <strong>Repsol Polym\u00e8res<\/strong> au Complexe Industriel de Sines depuis 2000 jusqu&#8217;\u00e0 la date de 2014.<\/p>\n<p>Contrat de Services de r\u00e9paration pour CLT de l&#8217;isolation thermique d&#8217;\u00e9quipement et tubages du <strong>terminal du port de Sines<\/strong> de 2013 \u00e0 2015.<\/p>\n<a class=\"synved-social-button synved-social-button-follow synved-social-size-48 synved-social-resolution-single synved-social-provider-facebook nolightbox\" data-provider=\"facebook\" target=\"_blank\" rel=\"nofollow\" title=\"Follow us on Facebook\" href=\"https:\/\/www.facebook.com\/tudisol\" style=\"font-size: 0px; width:48px;height:48px;margin:0;margin-bottom:5px;margin-right:5px;\"><img alt=\"Facebook\" title=\"Follow us on Facebook\" class=\"synved-share-image synved-social-image synved-social-image-follow\" width=\"48\" height=\"48\" style=\"display: inline; width:48px;height:48px; margin: 0; padding: 0; border: none; box-shadow: none;\" src=\"https:\/\/tudisol.pt\/fr\/wp-content\/plugins\/social-media-feather\/synved-social\/image\/social\/regular\/96x96\/facebook.png\" \/><\/a><a class=\"synved-social-button synved-social-button-follow synved-social-size-48 synved-social-resolution-single synved-social-provider-twitter nolightbox\" data-provider=\"twitter\" target=\"_blank\" rel=\"nofollow\" title=\"Follow us on Twitter\" href=\"https:\/\/twitter.com\/tudisol\" style=\"font-size: 0px; width:48px;height:48px;margin:0;margin-bottom:5px;\"><img alt=\"twitter\" title=\"Follow us on Twitter\" class=\"synved-share-image synved-social-image synved-social-image-follow\" width=\"48\" height=\"48\" style=\"display: inline; width:48px;height:48px; margin: 0; padding: 0; border: none; box-shadow: none;\" src=\"https:\/\/tudisol.pt\/fr\/wp-content\/plugins\/social-media-feather\/synved-social\/image\/social\/regular\/96x96\/twitter.png\" \/><\/a><a class=\"synved-social-credit\" target=\"_blank\" rel=\"nofollow\" title=\"WordPress Social Media Feather\" href=\"http:\/\/synved.com\/wordpress-social-media-feather\/\" style=\"color:#444; text-decoration:none; font-size:8px; margin-left:5px;vertical-align:10px;white-space:nowrap;\"><span>by <\/span><img style=\"display: inline;margin:0;padding:0;width:16px;height:16px;\" width=\"16\" height=\"16\" alt=\"feather\" src=\"https:\/\/tudisol.pt\/fr\/wp-content\/plugins\/social-media-feather\/synved-social\/image\/icon.png\" \/><\/a>","protected":false},"excerpt":{"rendered":"<p>Copisa Projectos y Mantenimentos Industriais SA. Barcelone &#8211; Espagne Expansion de la raffinerie de Sines \u00a0\u2013 Petrogal S.A Hydrocraker factory _ \u00e9quipement Fourniture et pose d&#8217;isolation thermique de divers \u00e9quipements (\u00e9changeurs, colonnes, cuves et r\u00e9acteurs) avec isolation thermique en laine de roche Rockwool avec une \u00e9paisseur variable de 30 \u00e0 200 mm. Total de l\u00b4isolation\u00a0: &hellip; <\/p>\n<p class=\"link-more\"><a href=\"https:\/\/tudisol.pt\/fr\/?page_id=195\" class=\"more-link\">Continuar a ler <span class=\"screen-reader-text\">&#8220;Les grands travaux&#8221;<\/span><\/a><\/p>\n","protected":false},"author":1,"featured_media":0,"parent":0,"menu_order":0,"comment_status":"closed","ping_status":"closed","template":"","meta":[],"_links":{"self":[{"href":"https:\/\/tudisol.pt\/fr\/index.php?rest_route=\/wp\/v2\/pages\/195"}],"collection":[{"href":"https:\/\/tudisol.pt\/fr\/index.php?rest_route=\/wp\/v2\/pages"}],"about":[{"href":"https:\/\/tudisol.pt\/fr\/index.php?rest_route=\/wp\/v2\/types\/page"}],"author":[{"embeddable":true,"href":"https:\/\/tudisol.pt\/fr\/index.php?rest_route=\/wp\/v2\/users\/1"}],"replies":[{"embeddable":true,"href":"https:\/\/tudisol.pt\/fr\/index.php?rest_route=%2Fwp%2Fv2%2Fcomments&post=195"}],"version-history":[{"count":7,"href":"https:\/\/tudisol.pt\/fr\/index.php?rest_route=\/wp\/v2\/pages\/195\/revisions"}],"predecessor-version":[{"id":263,"href":"https:\/\/tudisol.pt\/fr\/index.php?rest_route=\/wp\/v2\/pages\/195\/revisions\/263"}],"wp:attachment":[{"href":"https:\/\/tudisol.pt\/fr\/index.php?rest_route=%2Fwp%2Fv2%2Fmedia&parent=195"}],"curies":[{"name":"wp","href":"https:\/\/api.w.org\/{rel}","templated":true}]}}