{"id":130,"date":"2014-06-02T13:34:45","date_gmt":"2014-06-02T13:34:45","guid":{"rendered":"http:\/\/tudisol.pt\/fr\/?page_id=130"},"modified":"2014-07-24T13:55:02","modified_gmt":"2014-07-24T13:55:02","slug":"isolamento","status":"publish","type":"page","link":"https:\/\/tudisol.pt\/fr\/?page_id=130","title":{"rendered":"Isolation"},"content":{"rendered":"<p><img loading=\"lazy\" class=\"aligncenter wp-image-131 size-full\" src=\"http:\/\/tudisol.pt\/fr\/wp-content\/uploads\/2014\/06\/oqueeisolamento.png\" alt=\"oqueeisolamento\" width=\"1550\" height=\"277\" srcset=\"https:\/\/tudisol.pt\/fr\/wp-content\/uploads\/2014\/06\/oqueeisolamento.png 1550w, https:\/\/tudisol.pt\/fr\/wp-content\/uploads\/2014\/06\/oqueeisolamento-300x53.png 300w, https:\/\/tudisol.pt\/fr\/wp-content\/uploads\/2014\/06\/oqueeisolamento-1024x182.png 1024w\" sizes=\"(max-width: 706px) 89vw, (max-width: 767px) 82vw, 740px\" \/><\/p>\n<h2 lang=\"en-GB\"><span lang=\"pt-PT\">Ce que c&#8217;est l&#8217;isolation ?<\/span><span lang=\"pt-PT\">:<\/span><\/h2>\n<p>C\u00b4est d\u00e9fini comme la combinaison de diff\u00e9rents mat\u00e9riaux qui att\u00e9nue et dans les meilleurs des cas, \u00e9limine les pertes de temp\u00e9rature, les bruits ou les \u00e9missions pour l&#8217;atmosph\u00e8re.<\/p>\n<p><img loading=\"lazy\" class=\"aligncenter wp-image-135 size-full\" src=\"http:\/\/tudisol.pt\/fr\/wp-content\/uploads\/2014\/06\/asfuncoesdoisolamento.png\" alt=\"asfuncoesdoisolamento\" width=\"1550\" height=\"277\" srcset=\"https:\/\/tudisol.pt\/fr\/wp-content\/uploads\/2014\/06\/asfuncoesdoisolamento.png 1550w, https:\/\/tudisol.pt\/fr\/wp-content\/uploads\/2014\/06\/asfuncoesdoisolamento-300x53.png 300w, https:\/\/tudisol.pt\/fr\/wp-content\/uploads\/2014\/06\/asfuncoesdoisolamento-1024x182.png 1024w\" sizes=\"(max-width: 706px) 89vw, (max-width: 767px) 82vw, 740px\" \/><\/p>\n<h2 lang=\"en-GB\"><span lang=\"pt-PT\">Les fonctions de l&#8217;isolation:<\/span><\/h2>\n<ul>\n<li>R\u00e9duire les pertes de temp\u00e9rature pour ne pas gaspiller l&#8217;\u00e9nergie.<\/li>\n<li>Prot\u00e9ger l&#8217;environnement (trou d&#8217;ozone) avec la r\u00e9duction de la combustion et r\u00e9duction des gazes.<\/li>\n<li>Contr\u00f4le des temp\u00e9ratures superficielles pour prot\u00e9ger les personnes et les appareils.<\/li>\n<li>Contr\u00f4ler les temp\u00e9ratures de processus industriels et commerciaux dans la production et la conservation des mat\u00e9riaux.<\/li>\n<li>Pour \u00e9viter les condensations.<\/li>\n<li>Pour donner le confort thermique pour les personnes dans les espaces occup\u00e9s.<\/li>\n<li>Pour r\u00e9duire les bruits.<\/li>\n<li>Barri\u00e8re au feu, augmente la r\u00e9sistance \u00e0 l&#8217;incendie dans les \u00e9difications, les conduites et les c\u00e2bles.<\/li>\n<\/ul>\n<p><img loading=\"lazy\" class=\"aligncenter wp-image-141 size-full\" src=\"http:\/\/tudisol.pt\/fr\/wp-content\/uploads\/2014\/06\/tiposdeisolamentos.png\" alt=\"tiposdeisolamentos\" width=\"1550\" height=\"277\" srcset=\"https:\/\/tudisol.pt\/fr\/wp-content\/uploads\/2014\/06\/tiposdeisolamentos.png 1550w, https:\/\/tudisol.pt\/fr\/wp-content\/uploads\/2014\/06\/tiposdeisolamentos-300x53.png 300w, https:\/\/tudisol.pt\/fr\/wp-content\/uploads\/2014\/06\/tiposdeisolamentos-1024x182.png 1024w\" sizes=\"(max-width: 706px) 89vw, (max-width: 767px) 82vw, 740px\" \/><\/p>\n<h2>Types d&#8217;isolation:<\/h2>\n<h3>Il existe 4 grandes familles de mat\u00e9riaux \u00e0 appliquer dans l&#8217;isolation<\/h3>\n<ul>\n<li>Verre cellulaire<\/li>\n<li>Laine de roche et laine de verre<\/li>\n<li>Plastiques<\/li>\n<li>Produits Naturel<\/li>\n<\/ul>\n<p>Le verre cellulaire est fait de de poudre de verre m\u00e9lang\u00e9e \u00e0 du Carbone dans un four chauff\u00e9 \u00e0 1000 \u00b0 c.<br \/>\nLe produit qui sort du four est de la mousse de verre qui est mouler et recuite au four, d\u00e9moul\u00e9es,d\u00e9coup\u00e9es \u00e0 format, test\u00e9s et emball\u00e9s.<\/p>\n<p>Les mati\u00e8res premi\u00e8res de base sont de sable naturel, \u00e0 laquelle ont ajoute du verre recycl\u00e9 et des agents pour fluidfier le produit final comme la Soude. Le m\u00e9lange des composants est fait exactement de mani\u00e8re a &#8216;obtenir un lot homog\u00e8ne qui est fondu \u00e0 environ 1450 \u00b0 C.<br \/>\nLe verre fondu coule dans un canal et lorsqu\u2019il atteint la temp\u00e9rature requise il est transform\u00e9 en fibres. Pour donner la coh\u00e9sion et les propri\u00e9t\u00e9s m\u00e9caniques, des petites quantit\u00e9s d&#8217;agents liants sont ajout\u00e9es aux fibres.<\/p>\n<p>Le processus de production de la laine de roche commence par la fusion de la laine de roche volcanique \u00e0 une temp\u00e9rature sup\u00e9rieure \u00e0 la 1000 \u00baC. Les pierres utilis\u00e9es sont s\u00e9lectionn\u00e9es des meilleures carri\u00e8res de basalte. Le deuxi\u00e8me mat\u00e9riau qui devra \u00eatre vers\u00e9 est le Coke qui servira enfin comme combustible dans la fournaille et le troisi\u00e8me composant sont des min\u00e9raux de calcium et de magn\u00e9sium. Ces mat\u00e9riaux pr\u00e9c\u00e9demment s\u00e9lectionn\u00e9s et dos\u00e9s sont introduits dans le four et soumis \u00e0 des temp\u00e9ratures sup\u00e9rieures \u00e0 1500 \u00b0C. Les mat\u00e9riaux sons fondue formant une esp\u00e8ce de lave. Cette lave est centrifug\u00e9 et refroidi et se solidifie par l\u00b4air dans une chambre de d\u00e9pressions, formant des longues particules de laine roche et de filaments de diam\u00e8tre et de longueur diff\u00e9rente selon le processus. Les fibres sont impr\u00e9gn\u00e9es de r\u00e9sines qui faciliteront le compactage du mat\u00e9riel lorsqu&#8217;il atteint sa forme finale. .<\/p>\n<p>Flexible, \u00e0 alv\u00e9oles ferm\u00e9es, mat\u00e9riau \u00e9lastom\u00e8re, sans CFC pour l&#8217;isolation de la tuyauterie, les conduits d\u00b4air. A une faible conductivit\u00e9 thermique et une tr\u00e8s forte r\u00e9sistance \u00e0 la transmission de la vapeur d&#8217;eau et est largement utilis\u00e9 pour le contr\u00f4le de condensation et d&#8217;\u00e9conomie d&#8217;\u00e9nergie.<\/p>\n<p>&nbsp;<\/p>\n<a class=\"synved-social-button synved-social-button-follow synved-social-size-48 synved-social-resolution-single synved-social-provider-facebook nolightbox\" data-provider=\"facebook\" target=\"_blank\" rel=\"nofollow\" title=\"Follow us on Facebook\" href=\"https:\/\/www.facebook.com\/tudisol\" style=\"font-size: 0px; width:48px;height:48px;margin:0;margin-bottom:5px;margin-right:5px;\"><img alt=\"Facebook\" title=\"Follow us on Facebook\" class=\"synved-share-image synved-social-image synved-social-image-follow\" width=\"48\" height=\"48\" style=\"display: inline; width:48px;height:48px; margin: 0; padding: 0; border: none; box-shadow: none;\" src=\"https:\/\/tudisol.pt\/fr\/wp-content\/plugins\/social-media-feather\/synved-social\/image\/social\/regular\/96x96\/facebook.png\" \/><\/a><a class=\"synved-social-button synved-social-button-follow synved-social-size-48 synved-social-resolution-single synved-social-provider-twitter nolightbox\" data-provider=\"twitter\" target=\"_blank\" rel=\"nofollow\" title=\"Follow us on Twitter\" href=\"https:\/\/twitter.com\/tudisol\" style=\"font-size: 0px; width:48px;height:48px;margin:0;margin-bottom:5px;\"><img alt=\"twitter\" title=\"Follow us on Twitter\" class=\"synved-share-image synved-social-image synved-social-image-follow\" width=\"48\" height=\"48\" style=\"display: inline; width:48px;height:48px; margin: 0; padding: 0; border: none; box-shadow: none;\" src=\"https:\/\/tudisol.pt\/fr\/wp-content\/plugins\/social-media-feather\/synved-social\/image\/social\/regular\/96x96\/twitter.png\" \/><\/a><a class=\"synved-social-credit\" target=\"_blank\" rel=\"nofollow\" title=\"WordPress Social Media Feather\" href=\"http:\/\/synved.com\/wordpress-social-media-feather\/\" style=\"color:#444; text-decoration:none; font-size:8px; margin-left:5px;vertical-align:10px;white-space:nowrap;\"><span>by <\/span><img style=\"display: inline;margin:0;padding:0;width:16px;height:16px;\" width=\"16\" height=\"16\" alt=\"feather\" src=\"https:\/\/tudisol.pt\/fr\/wp-content\/plugins\/social-media-feather\/synved-social\/image\/icon.png\" \/><\/a>","protected":false},"excerpt":{"rendered":"<p>Ce que c&#8217;est l&#8217;isolation ?: C\u00b4est d\u00e9fini comme la combinaison de diff\u00e9rents mat\u00e9riaux qui att\u00e9nue et dans les meilleurs des cas, \u00e9limine les pertes de temp\u00e9rature, les bruits ou les \u00e9missions pour l&#8217;atmosph\u00e8re. Les fonctions de l&#8217;isolation: R\u00e9duire les pertes de temp\u00e9rature pour ne pas gaspiller l&#8217;\u00e9nergie. Prot\u00e9ger l&#8217;environnement (trou d&#8217;ozone) avec la r\u00e9duction de &hellip; <\/p>\n<p class=\"link-more\"><a href=\"https:\/\/tudisol.pt\/fr\/?page_id=130\" class=\"more-link\">Continuar a ler <span class=\"screen-reader-text\">&#8220;Isolation&#8221;<\/span><\/a><\/p>\n","protected":false},"author":1,"featured_media":0,"parent":0,"menu_order":0,"comment_status":"closed","ping_status":"closed","template":"","meta":[],"_links":{"self":[{"href":"https:\/\/tudisol.pt\/fr\/index.php?rest_route=\/wp\/v2\/pages\/130"}],"collection":[{"href":"https:\/\/tudisol.pt\/fr\/index.php?rest_route=\/wp\/v2\/pages"}],"about":[{"href":"https:\/\/tudisol.pt\/fr\/index.php?rest_route=\/wp\/v2\/types\/page"}],"author":[{"embeddable":true,"href":"https:\/\/tudisol.pt\/fr\/index.php?rest_route=\/wp\/v2\/users\/1"}],"replies":[{"embeddable":true,"href":"https:\/\/tudisol.pt\/fr\/index.php?rest_route=%2Fwp%2Fv2%2Fcomments&post=130"}],"version-history":[{"count":13,"href":"https:\/\/tudisol.pt\/fr\/index.php?rest_route=\/wp\/v2\/pages\/130\/revisions"}],"predecessor-version":[{"id":255,"href":"https:\/\/tudisol.pt\/fr\/index.php?rest_route=\/wp\/v2\/pages\/130\/revisions\/255"}],"wp:attachment":[{"href":"https:\/\/tudisol.pt\/fr\/index.php?rest_route=%2Fwp%2Fv2%2Fmedia&parent=130"}],"curies":[{"name":"wp","href":"https:\/\/api.w.org\/{rel}","templated":true}]}}